{"id":12,"date":"2013-09-25T06:21:57","date_gmt":"2013-09-25T04:21:57","guid":{"rendered":"http:\/\/convegni.unica.it\/raam2014\/?page_id=12"},"modified":"2017-03-21T11:38:45","modified_gmt":"2017-03-21T10:38:45","slug":"keynote-speakers","status":"publish","type":"page","link":"https:\/\/convegni.unica.it\/supramol2017\/keynote-speakers\/","title":{"rendered":"Plenary and Keynote speakers"},"content":{"rendered":"<p><strong>Plenary Speake<\/strong><strong>rs:<\/strong><\/p>\n<p><strong><span style=\"color: #0000ff\"><a style=\"color: #0000ff\" href=\"http:\/\/www.upv.es\/pls\/oalu\/sic_per.info_persona?PE=oejuQGUIfAqTuDw7AFcN95OtsqmqMWRHwZ0g%2Bt2kTTD0i7lVQyCjFXaFOtRc0p0zmp%2BuLZKABVQjc6LXrvw45j4W2ZkcU%2BB93hl%2FH6y2Ps4%3D&amp;P_TIPOBUS=0&amp;P_VISTA=&amp;P_IDIOMA=i\">Prof. Ram\u00f3n Mart\u00ednez-Ma\u00f1ez, Universitat Polit\u00e8cnica de Val\u00e8ncia<\/a><\/span><\/strong><\/p>\n<p><strong>Chromo-fluorogenic Probes and Advanced Sensing Materials<\/strong><\/p>\n<p>Dr. Ram\u00f3n Mart\u00ednez-M\u00e1\u00f1ez is full Professor of Inorganic Chemistry at the Department of Chemistry of the Polytechnic University of Valencia (UPV) and Head of the University Institute of Molecular Recognition and Technologic Development (IDM) of Valencia, Spain. He is also Scientific Director of the Biomedical Research Center Network in Bioengineering, Biomaterials and Nanomedicine (CIBER-BBN) and Group leader of a PROMETEO project for groups of excellence in the Comunidad Valenciana. He is an active researcher in the field of supramolecular chemistry of hybrid organic-inorganic nanostructured gated materials. He has published more than 320 scientific papers in international journals and holds 16 patents. His research articles have been cited over 13000 times (h index 57). He has co-authored one scientific reference book published by Wiley in 2010 and is also co-author of 15 book chapters. He has been a visiting researcher at the University of Cambridge, UK. Recently he became Chairman of the editorial advisory board of the journal ChemistryOpen and a member of the International Advisory Board of the journals Chem.Asian.J. and Chem.Plus.Chem. published by Wiley-VCH. He is also Coordinator of the Doctorate program of Chemistry at the UPV. Recently he received the Research Excellence Award 2016 from Real Sociedad Espa\u00f1ola de Qu\u00edmica.<\/p>\n<p style=\"text-align: justify\"><img decoding=\"async\" class=\"wp-image-555 aligncenter\" src=\"http:\/\/convegni.unica.it\/supramol2017\/files\/2013\/09\/foto-invited.gif\" alt=\"foto-invited\" width=\"244\" height=\"183\" \/><\/p>\n<p>&nbsp;<\/p>\n<p><span style=\"color: #0000ff\"><strong><a style=\"color: #0000ff\" href=\"http:\/\/www.lsamm.fr\/\">Prof. Val\u00e8rie Heitz, Universit\u00e8 de Strasbourg<\/a><\/strong><\/span><\/p>\n<p><strong>Multicomponent systems with porphyrins: switchable nanocontainers and molecular theranostic agents<\/strong><\/p>\n<p>Val\u00e9rie Heitz is Professor at the Chemistry Department of the University of Strasbourg. She obtained her PhD with Prof. J.P. Sauvage in 1992 and completed her education as postdoctoral researcher with Pr. A. Harriman (University of Austin, USA). Since 2010, she is the leader of the \u201cLaboratoire de Synth\u00e8se des Assemblages Mol\u00e9culaires Multifonctionnels\u201d. She was co-organizer of two international meetings in Strasbourg, the 19<sup>th<\/sup> ISPPCC in 2011 and the 10<sup>th<\/sup>\u00a0ISMSC in 2015. She belongs to the International Centre for Frontier Research in Chemistry (ic-FRC) in Strasbourg. Her main interests include supramolecular coordination chemistry, the development of multicomponent systems incorporating porphyrins, dynamic cages as functional nanocontainers and multifunctional molecules for theranostic applications. She is co-author of 100 publications in international journals.<\/p>\n<p><img decoding=\"async\" class=\"wp-image-557 aligncenter\" src=\"http:\/\/convegni.unica.it\/supramol2017\/files\/2013\/09\/foto-heitz-300x225.gif\" alt=\"foto-heitz\" width=\"249\" height=\"187\" srcset=\"https:\/\/convegni.unica.it\/supramol2017\/files\/2013\/09\/foto-heitz-300x225.gif 300w, https:\/\/convegni.unica.it\/supramol2017\/files\/2013\/09\/foto-heitz-150x113.gif 150w, https:\/\/convegni.unica.it\/supramol2017\/files\/2013\/09\/foto-heitz-768x576.gif 768w, https:\/\/convegni.unica.it\/supramol2017\/files\/2013\/09\/foto-heitz-250x188.gif 250w\" sizes=\"(max-width: 249px) 100vw, 249px\" \/><\/p>\n<p>&nbsp;<\/p>\n<p><strong>Keynote Speake<\/strong><strong>rs:<\/strong><\/p>\n<p><strong><span style=\"color: #0000ff\"><a style=\"color: #0000ff\" href=\"https:\/\/www.chem.uniroma1.it\/dipartimento\/persone\/cecilia-bombelli\">Dr. Cecilia Bombelli,<b>CNR-Istituto di Metodologie Chimiche, sez. Meccanismi di Reazione UOS-Sede di Roma<\/b><\/a><\/span><\/strong><\/p>\n<p>Inclusion of antioxidants in mitochondriotropic liposome formulations<\/p>\n<p><img decoding=\"async\" class=\"size-medium wp-image-564 aligncenter\" src=\"http:\/\/convegni.unica.it\/supramol2017\/files\/2013\/09\/foto-bombelli-300x225.gif\" alt=\"foto-bombelli\" width=\"300\" height=\"225\" srcset=\"https:\/\/convegni.unica.it\/supramol2017\/files\/2013\/09\/foto-bombelli-300x225.gif 300w, https:\/\/convegni.unica.it\/supramol2017\/files\/2013\/09\/foto-bombelli-150x113.gif 150w, https:\/\/convegni.unica.it\/supramol2017\/files\/2013\/09\/foto-bombelli-768x576.gif 768w, https:\/\/convegni.unica.it\/supramol2017\/files\/2013\/09\/foto-bombelli-250x188.gif 250w\" sizes=\"(max-width: 300px) 100vw, 300px\" \/><\/p>\n<p>&nbsp;<\/p>\n<p><a href=\"https:\/\/www4.ceda.polimi.it\/manifesti\/manifesti\/controller\/ricerche\/RicercaPerDocentiPublic.do?k_doc=247514&amp;lang=IT&amp;EVN_PRODOTTI=evento&amp;__pj0=0&amp;__pj1=382f894806d6be29368a954e79556f64\"><strong><span style=\"color: #0000ff\">Dr. Gabriella Cavallo, Politecnico di Milano<\/span><\/strong><\/a><\/p>\n<p>Engineering New Functional Materials Through Halogen Bonding<\/p>\n<p><img decoding=\"async\" class=\" wp-image-581 aligncenter\" src=\"http:\/\/convegni.unica.it\/supramol2017\/files\/2013\/09\/foto-cavallo-300x225.gif\" alt=\"foto-cavallo\" width=\"344\" height=\"258\" srcset=\"https:\/\/convegni.unica.it\/supramol2017\/files\/2013\/09\/foto-cavallo-300x225.gif 300w, https:\/\/convegni.unica.it\/supramol2017\/files\/2013\/09\/foto-cavallo-150x113.gif 150w, https:\/\/convegni.unica.it\/supramol2017\/files\/2013\/09\/foto-cavallo-768x576.gif 768w, https:\/\/convegni.unica.it\/supramol2017\/files\/2013\/09\/foto-cavallo-250x188.gif 250w\" sizes=\"(max-width: 344px) 100vw, 344px\" \/><\/p>\n<p><a href=\"http:\/\/www.unipr.it\/ugov\/person\/16044\"><strong><span style=\"color: #0000ff\">Prof. Roberto Corradini, Universit\u00e0 di Parma<\/span><\/strong><\/a><\/p>\n<p>Building on the peptide nucleic acid (PNA) scaffold: a biomolecular engineering approach<\/p>\n<p><img decoding=\"async\" class=\"size-medium wp-image-569 aligncenter\" src=\"http:\/\/convegni.unica.it\/supramol2017\/files\/2013\/09\/foto-corradini-300x225.gif\" alt=\"foto-corradini\" width=\"300\" height=\"225\" srcset=\"https:\/\/convegni.unica.it\/supramol2017\/files\/2013\/09\/foto-corradini-300x225.gif 300w, https:\/\/convegni.unica.it\/supramol2017\/files\/2013\/09\/foto-corradini-150x113.gif 150w, https:\/\/convegni.unica.it\/supramol2017\/files\/2013\/09\/foto-corradini-768x576.gif 768w, https:\/\/convegni.unica.it\/supramol2017\/files\/2013\/09\/foto-corradini-250x188.gif 250w\" sizes=\"(max-width: 300px) 100vw, 300px\" \/><\/p>\n<p><strong><span style=\"color: #0000ff\"><a style=\"color: #0000ff\" href=\"http:\/\/fisica.unipv.it\/personale\/Persona.php?ID=224\">Dr. Giacomo Dacarro, Universit\u00e0 di Pavia<\/a><\/span><\/strong><\/p>\n<p>Self-Assembled Monolayers of nanoparticles with photohermal properties<\/p>\n<p><img decoding=\"async\" class=\" wp-image-587 aligncenter\" src=\"http:\/\/convegni.unica.it\/supramol2017\/files\/2013\/09\/foto-dacarro-300x225.gif\" alt=\"foto-dacarro\" width=\"385\" height=\"289\" srcset=\"https:\/\/convegni.unica.it\/supramol2017\/files\/2013\/09\/foto-dacarro-300x225.gif 300w, https:\/\/convegni.unica.it\/supramol2017\/files\/2013\/09\/foto-dacarro-150x113.gif 150w, https:\/\/convegni.unica.it\/supramol2017\/files\/2013\/09\/foto-dacarro-768x576.gif 768w, https:\/\/convegni.unica.it\/supramol2017\/files\/2013\/09\/foto-dacarro-250x188.gif 250w\" sizes=\"(max-width: 385px) 100vw, 385px\" \/><\/p>\n<p><a href=\"http:\/\/docenti.unisa.it\/005539\/home\"><span style=\"color: #0000ff\"><strong>Prof. Carmine Gaeta, Universit\u00e0 di Salerno<\/strong><\/span><\/a><\/p>\n<p>Interpenetrated Architectures Based on the Threading of Calixarene Macrocycles<\/p>\n<p><img decoding=\"async\" class=\"size-medium wp-image-572 aligncenter\" src=\"http:\/\/convegni.unica.it\/supramol2017\/files\/2013\/09\/foto-gaeta-300x225.gif\" alt=\"foto-gaeta\" width=\"300\" height=\"225\" srcset=\"https:\/\/convegni.unica.it\/supramol2017\/files\/2013\/09\/foto-gaeta-300x225.gif 300w, https:\/\/convegni.unica.it\/supramol2017\/files\/2013\/09\/foto-gaeta-150x113.gif 150w, https:\/\/convegni.unica.it\/supramol2017\/files\/2013\/09\/foto-gaeta-768x576.gif 768w, https:\/\/convegni.unica.it\/supramol2017\/files\/2013\/09\/foto-gaeta-250x188.gif 250w\" sizes=\"(max-width: 300px) 100vw, 300px\" \/><\/p>\n<p><a href=\"http:\/\/dscf.units.it\/it\/dipartimento\/persone\/pengo-paolo\/1288\"><strong><span style=\"color: #0000ff\">Dr. Paolo Pengo, Universit\u00e0 di Trieste<\/span><\/strong><\/a><\/p>\n<p>Mixed Self-Assembled Monolayers on Gold Nanoparticles: Challenges and Opportunities<\/p>\n<p><img decoding=\"async\" class=\" wp-image-583 aligncenter\" src=\"http:\/\/convegni.unica.it\/supramol2017\/files\/2013\/09\/foto-pengo-300x225.gif\" alt=\"foto-pengo\" width=\"344\" height=\"258\" srcset=\"https:\/\/convegni.unica.it\/supramol2017\/files\/2013\/09\/foto-pengo-300x225.gif 300w, https:\/\/convegni.unica.it\/supramol2017\/files\/2013\/09\/foto-pengo-150x113.gif 150w, https:\/\/convegni.unica.it\/supramol2017\/files\/2013\/09\/foto-pengo-768x576.gif 768w, https:\/\/convegni.unica.it\/supramol2017\/files\/2013\/09\/foto-pengo-250x188.gif 250w\" sizes=\"(max-width: 344px) 100vw, 344px\" \/><\/p>\n<p><a href=\"http:\/\/www.francescoriccilab.com\/\"><strong><span style=\"color: #0000ff\">Prof. Francesco Ricci, Universit\u00e0 di Tor Vergata, Roma<\/span><\/strong><\/a><\/p>\n<p>Gaining control of DNA based nanomachines for clinical applications<\/p>\n<p><img decoding=\"async\" class=\"aligncenter wp-image-573\" src=\"http:\/\/convegni.unica.it\/supramol2017\/files\/2013\/09\/foto-ricci-300x225.gif\" alt=\"foto-ricci\" width=\"397\" height=\"298\" srcset=\"https:\/\/convegni.unica.it\/supramol2017\/files\/2013\/09\/foto-ricci-300x225.gif 300w, https:\/\/convegni.unica.it\/supramol2017\/files\/2013\/09\/foto-ricci-150x113.gif 150w, https:\/\/convegni.unica.it\/supramol2017\/files\/2013\/09\/foto-ricci-768x576.gif 768w, https:\/\/convegni.unica.it\/supramol2017\/files\/2013\/09\/foto-ricci-250x188.gif 250w\" sizes=\"(max-width: 397px) 100vw, 397px\" \/><\/p>\n<p>&nbsp;<\/p>\n<p><span style=\"color: #0000ff\"><strong><a style=\"color: #0000ff\" href=\"http:\/\/www.unime.it\/it\/persona\/andrea-romeo\">Prof. Andrea Romeo, Universit\u00e0 degli Studi di Messina<\/a><\/strong><\/span><\/p>\n<p>Supramolecular Chirality in Self-Assembled Porphyrin Architectures<\/p>\n<p><img decoding=\"async\" class=\"wp-image-628 size-thumbnail aligncenter\" src=\"http:\/\/convegni.unica.it\/supramol2017\/files\/2013\/09\/Foto_Romeo-150x113.jpg\" alt=\"\" width=\"150\" height=\"113\" srcset=\"https:\/\/convegni.unica.it\/supramol2017\/files\/2013\/09\/Foto_Romeo-150x113.jpg 150w, https:\/\/convegni.unica.it\/supramol2017\/files\/2013\/09\/Foto_Romeo-300x225.jpg 300w, https:\/\/convegni.unica.it\/supramol2017\/files\/2013\/09\/Foto_Romeo-768x576.jpg 768w, https:\/\/convegni.unica.it\/supramol2017\/files\/2013\/09\/Foto_Romeo-1024x768.jpg 1024w, https:\/\/convegni.unica.it\/supramol2017\/files\/2013\/09\/Foto_Romeo-250x188.jpg 250w\" sizes=\"(max-width: 150px) 100vw, 150px\" \/><\/p>\n<p><a href=\"http:\/\/www.isof.cnr.it\/?q=content\/ventura-barbara\"><strong><span style=\"color: #0000ff\">Dr. Barbara Ventura, CNR-ISOF, Bologna<\/span><\/strong><\/a><\/p>\n<p>Porphyrin-\u2060based self-\u2060assembled arrays with light-driven functionalities<\/p>\n<p><img decoding=\"async\" class=\" wp-image-576 aligncenter\" src=\"http:\/\/convegni.unica.it\/supramol2017\/files\/2013\/09\/foto-ventura-2-300x225.gif\" alt=\"foto-ventura\" width=\"351\" height=\"263\" srcset=\"https:\/\/convegni.unica.it\/supramol2017\/files\/2013\/09\/foto-ventura-2-300x225.gif 300w, https:\/\/convegni.unica.it\/supramol2017\/files\/2013\/09\/foto-ventura-2-150x113.gif 150w, https:\/\/convegni.unica.it\/supramol2017\/files\/2013\/09\/foto-ventura-2-768x576.gif 768w, https:\/\/convegni.unica.it\/supramol2017\/files\/2013\/09\/foto-ventura-2-250x188.gif 250w\" sizes=\"(max-width: 351px) 100vw, 351px\" \/><\/p>\n","protected":false},"excerpt":{"rendered":"<p>Plenary Speakers: Prof. Ram\u00f3n Mart\u00ednez-Ma\u00f1ez, Universitat Polit\u00e8cnica de Val\u00e8ncia Chromo-fluorogenic Probes and Advanced Sensing Materials Dr. Ram\u00f3n Mart\u00ednez-M\u00e1\u00f1ez is full Professor of Inorganic Chemistry at the Department of Chemistry of the Polytechnic University of Valencia (UPV) and Head of the University Institute of Molecular Recognition and Technologic Development (IDM) of Valencia, Spain. He is also Scientific Director of the Biomedical Research Center Network in Bioengineering, Biomaterials and Nanomedicine (CIBER-BBN) and Group leader of a PROMETEO project for groups of excellence in the Comunidad Valenciana. He is an active researcher in the field of supramolecular chemistry of hybrid organic-inorganic nanostructured gated <a href='https:\/\/convegni.unica.it\/supramol2017\/keynote-speakers\/' class='excerpt-more'>[&#8230;]<\/a><\/p>\n","protected":false},"author":442,"featured_media":0,"parent":0,"menu_order":0,"comment_status":"closed","ping_status":"closed","template":"","meta":{"footnotes":""},"class_list":["post-12","page","type-page","status-publish","hentry","post-seq-1","post-parity-odd","meta-position-corners","fix"],"_links":{"self":[{"href":"https:\/\/convegni.unica.it\/supramol2017\/wp-json\/wp\/v2\/pages\/12","targetHints":{"allow":["GET"]}}],"collection":[{"href":"https:\/\/convegni.unica.it\/supramol2017\/wp-json\/wp\/v2\/pages"}],"about":[{"href":"https:\/\/convegni.unica.it\/supramol2017\/wp-json\/wp\/v2\/types\/page"}],"author":[{"embeddable":true,"href":"https:\/\/convegni.unica.it\/supramol2017\/wp-json\/wp\/v2\/users\/442"}],"replies":[{"embeddable":true,"href":"https:\/\/convegni.unica.it\/supramol2017\/wp-json\/wp\/v2\/comments?post=12"}],"version-history":[{"count":48,"href":"https:\/\/convegni.unica.it\/supramol2017\/wp-json\/wp\/v2\/pages\/12\/revisions"}],"predecessor-version":[{"id":629,"href":"https:\/\/convegni.unica.it\/supramol2017\/wp-json\/wp\/v2\/pages\/12\/revisions\/629"}],"wp:attachment":[{"href":"https:\/\/convegni.unica.it\/supramol2017\/wp-json\/wp\/v2\/media?parent=12"}],"curies":[{"name":"wp","href":"https:\/\/api.w.org\/{rel}","templated":true}]}}