{"id":411,"date":"2019-01-30T13:11:11","date_gmt":"2019-01-30T12:11:11","guid":{"rendered":"http:\/\/convegni.unica.it\/sisi19\/?page_id=411"},"modified":"2019-02-08T14:59:15","modified_gmt":"2019-02-08T13:59:15","slug":"raggiungere-la-sede-dei-lavori-14-e-15-giugno","status":"publish","type":"page","link":"https:\/\/convegni.unica.it\/sisi19\/muoversi-a-cagliari\/raggiungere-la-sede-dei-lavori-14-e-15-giugno\/","title":{"rendered":"Raggiungere la sede dei lavori venerd\u00ec 14 e sabato 15 giugno"},"content":{"rendered":"<p><em>I lavori di venerd\u00ec 14 e sabato 15 giugno si svolgeranno presso le strutture della Facolt\u00e0 di Scienze Economiche, Giuridiche e Politiche, via Sant&#8217;Ignazio da Laconi, 78.\u00a0<\/em><\/p>\n<p><em><strong>In autobus<\/strong><\/em><\/p>\n<ul>\n<li><span style=\"text-decoration: underline\">Da piazza G. Matteotti:<\/span>\n<ul>\n<li>Autobus: linea 5 (direzione Cinquini)<\/li>\n<li>fermata di salita: \u201cMatteotti (fronte ARST)\u201d o \u201cfronte stazione FS\u201d<\/li>\n<li>fermata di discesa \u201cMerello (ang. Via Don Bosco)\u201d<\/li>\n<li>proseguire a piedi per 350 m ca. verso via Sant&#8217;Ignazio da Laconi, 78<\/li>\n<li>tempo totale stimato : 15 min ca.<\/li>\n<\/ul>\n<\/li>\n<\/ul>\n<p><em>\u00a0<strong>In taxi<\/strong><\/em><\/p>\n<ul>\n<li>destinazione: Ingresso Facolt\u00e0 di Scienze Economiche, Giuridiche e Politiche, via Sant&#8217;Ignazio da Laconi, 78.<\/li>\n<\/ul>\n<p><em><strong>A piedi<\/strong><\/em><\/p>\n<ul>\n<li><a href=\"https:\/\/goo.gl\/maps\/tSyJziBPWjE2\" target=\"_blank\" rel=\"noopener\">\u2192 Link Google Maps con destinazione esatta (Android)<\/a><\/li>\n<li><a href=\"https:\/\/maps.apple.com\/?q=39.223289,9.110848&amp;sll=39.223289,9.110848&amp;sspn=0.000677,0.001509&amp;t=m\" target=\"_blank\" rel=\"noopener\">\u2192 Link Mappe Apple con destinazione esatta (Apple iOS)<\/a><\/li>\n<\/ul>\n","protected":false},"excerpt":{"rendered":"<p>I lavori di venerd\u00ec 14 e sabato 15 giugno si svolgeranno presso le strutture della Facolt\u00e0 di Scienze Economiche, Giuridiche e Politiche, via Sant&#8217;Ignazio da Laconi, 78.\u00a0 In autobus Da <a class=\"more-link\" href=\"https:\/\/convegni.unica.it\/sisi19\/muoversi-a-cagliari\/raggiungere-la-sede-dei-lavori-14-e-15-giugno\/\">Continue Reading &amp;rarr;<\/a><\/p>\n","protected":false},"author":3138,"featured_media":0,"parent":350,"menu_order":4,"comment_status":"closed","ping_status":"closed","template":"","meta":{"footnotes":""},"class_list":["post-411","page","type-page","status-publish","hentry"],"_links":{"self":[{"href":"https:\/\/convegni.unica.it\/sisi19\/wp-json\/wp\/v2\/pages\/411","targetHints":{"allow":["GET"]}}],"collection":[{"href":"https:\/\/convegni.unica.it\/sisi19\/wp-json\/wp\/v2\/pages"}],"about":[{"href":"https:\/\/convegni.unica.it\/sisi19\/wp-json\/wp\/v2\/types\/page"}],"author":[{"embeddable":true,"href":"https:\/\/convegni.unica.it\/sisi19\/wp-json\/wp\/v2\/users\/3138"}],"replies":[{"embeddable":true,"href":"https:\/\/convegni.unica.it\/sisi19\/wp-json\/wp\/v2\/comments?post=411"}],"version-history":[{"count":18,"href":"https:\/\/convegni.unica.it\/sisi19\/wp-json\/wp\/v2\/pages\/411\/revisions"}],"predecessor-version":[{"id":722,"href":"https:\/\/convegni.unica.it\/sisi19\/wp-json\/wp\/v2\/pages\/411\/revisions\/722"}],"up":[{"embeddable":true,"href":"https:\/\/convegni.unica.it\/sisi19\/wp-json\/wp\/v2\/pages\/350"}],"wp:attachment":[{"href":"https:\/\/convegni.unica.it\/sisi19\/wp-json\/wp\/v2\/media?parent=411"}],"curies":[{"name":"wp","href":"https:\/\/api.w.org\/{rel}","templated":true}]}}