{"id":348,"date":"2019-01-28T15:26:23","date_gmt":"2019-01-28T14:26:23","guid":{"rendered":"http:\/\/convegni.unica.it\/sisi19\/?page_id=348"},"modified":"2019-01-30T14:33:28","modified_gmt":"2019-01-30T13:33:28","slug":"la-sisi","status":"publish","type":"page","link":"https:\/\/convegni.unica.it\/sisi19\/il-convegno\/la-sisi\/","title":{"rendered":"La SiSi"},"content":{"rendered":"<p>Nell\u2019estate del 2010 presso la LUISS di Roma gli appartenenti al settore scientifico disciplinare di \u201cStoria delle relazioni internazionali\u201d (SPS 06) si sono riuniti per discutere dell\u2019ipotesi di costituzione di un\u2019associazione del proprio settore sul modello di quelle gi\u00e0 esistenti per altre discipline sia in Italia, sia all\u2019estero. Al termine dell\u2019incontro, caratterizzato da un vivace dibattito \u00e8 stata decisa la costituzione della \u201cSociet\u00e0 Italiana di Storia Internazionale\u201d (SISI). La Societ\u00e0, come indicato nello Statuto \u201cha i seguenti scopi: favorire lo sviluppo della Storia internazionale in Italia, promuovere l\u2019incontro e la collaborazione degli studiosi italiani e stranieri operanti in tale ambito, esercitare la rappresentanza dei soci presso gli organismi istituzionali del sistema universitario italiano e pi\u00f9 in generale presso gli Enti pubblici e privati preposti alla ricerca, alla didattica ed alla diffusione della cultura storica.\u201d Sempre per ci\u00f2 che concerne gli obiettivi e gli scopi della SISI, riprendendo il testo dello Statuto \u201cla Societ\u00e0 si propone di intervenire presso gli organi statali, gli Enti Pubblici e privati affinch\u00e9 siano assicurate le condizioni pi\u00f9 idonee per l\u2019operato degli studiosi di Storia internazionale, sia per ci\u00f2 che concerne la ricerca, anche contribuendo a definire gli strumenti per la sua valutazione, sia per quanto attiene alla didattica; di organizzare riunioni scientifiche e convegni; di prendere e sostenere tutte le iniziative atte a favorire la ricerca scientifica e la didattica nel campo della Storia internazionale e la conoscenza dei suoi risultati (raccolta di materiale archivistico e bibliografico, istituzione di corsi, assegnazione di premi e di borse di studio, pubblicazioni ecc.); di promuovere rapporti con gli organismi e le associazioni di interesse per la Storia internazionale, sia in Italia, sia all\u2019estero\u201d.<br \/>\nL\u2019Assemblea dei soci, tenuta a Gorizia il 7 giugno 2013, ha votato l\u2019attribuzione di socio di diritto ai colleghi strutturati delle storie di area appartenenti ai settori disciplinari SPS 05, SPS 13, SPS 14, decidendo in questo modo l\u2019ampliamento della Societ\u00e0 al settore concorsuale 14\/B2 \u201cStoria delle relazioni internazionali, delle societ\u00e0 e delle istituzioni extra-europee\u201d, e le conseguenti modifiche dello Statuto.<br \/>\nCome indicato dallo Statuto all\u2019art. 4: \u201cSono soci di diritto, purch\u00e9 ne facciano richiesta e siano in regola con le quote sociali, tutti i Professori di ruolo di I e II fascia, i Ricercatori universitari inquadrati e i professori emeriti gi\u00e0 inquadrati in discipline afferenti al settore concorsuale 14\/B2 \u201cStoria delle relazioni internazionali, delle societ\u00e0 e delle istituzioni extra-europee\u201d. Con il collocamento in pensione od il passaggio ad altro settore concorsuale i soci di diritto transitano automaticamente tra i soci ordinari. Sono soci ordinari tutti gli studiosi di storia internazionale che facendo domanda di adesione siano stati ammessi con delibera del Consiglio Direttivo: studiosi del settore concorsuale 14\/B2 \u2013 \u201cStoria delle relazioni internazionali, delle societ\u00e0 e delle istituzioni extra-europee\u201d operanti nelle universit\u00e0 in posizioni non di ruolo, come i titolari di contratti, gli assegnisti di ricerca, i borsisti post-dottorato, i dottori e dottorandi di ricerca ed altri, Docenti e Ricercatori universitari appartenenti ad altri settori concorsuali, studiosi italiani e stranieri che si riconoscano nelle finalit\u00e0 della Societ\u00e0 e dei quali siano riconosciute le qualifiche scientifiche\u201d.<br \/>\nL\u2019associazione, costituitasi con atto siglato presso lo studio notarile G. Giavi di Padova il 15 marzo 2011, ha sede legale presso il Dipartimento di Scienze Politiche, Giuridiche e Studi Internazionali dell\u2019Universit\u00e0 di Padova (Via del Santo\u00a028 \u2013 35123 PADOVA); la sua sede operativa \u00e8 presso\u00a0 il Dipartimento di Scienze Politiche dell\u2019Universit\u00e0 degli Studi di Roma Tre (Via G. Chiabrera, 199 00145 \u2013 ROMA)<\/p>\n<p>Per maggiori informazioni consultare il sito web della Societ\u00e0 <a href=\"https:\/\/storiainternazionale.weebly.com\/storia.html\" target=\"_blank\" rel=\"noopener\">cliccando qui.<\/a><\/p>\n","protected":false},"excerpt":{"rendered":"<p>Nell\u2019estate del 2010 presso la LUISS di Roma gli appartenenti al settore scientifico disciplinare di \u201cStoria delle relazioni internazionali\u201d (SPS 06) si sono riuniti per discutere dell\u2019ipotesi di costituzione di <a class=\"more-link\" href=\"https:\/\/convegni.unica.it\/sisi19\/il-convegno\/la-sisi\/\">Continue Reading &amp;rarr;<\/a><\/p>\n","protected":false},"author":2594,"featured_media":0,"parent":340,"menu_order":4,"comment_status":"closed","ping_status":"closed","template":"","meta":{"footnotes":""},"class_list":["post-348","page","type-page","status-publish","hentry"],"_links":{"self":[{"href":"https:\/\/convegni.unica.it\/sisi19\/wp-json\/wp\/v2\/pages\/348","targetHints":{"allow":["GET"]}}],"collection":[{"href":"https:\/\/convegni.unica.it\/sisi19\/wp-json\/wp\/v2\/pages"}],"about":[{"href":"https:\/\/convegni.unica.it\/sisi19\/wp-json\/wp\/v2\/types\/page"}],"author":[{"embeddable":true,"href":"https:\/\/convegni.unica.it\/sisi19\/wp-json\/wp\/v2\/users\/2594"}],"replies":[{"embeddable":true,"href":"https:\/\/convegni.unica.it\/sisi19\/wp-json\/wp\/v2\/comments?post=348"}],"version-history":[{"count":3,"href":"https:\/\/convegni.unica.it\/sisi19\/wp-json\/wp\/v2\/pages\/348\/revisions"}],"predecessor-version":[{"id":479,"href":"https:\/\/convegni.unica.it\/sisi19\/wp-json\/wp\/v2\/pages\/348\/revisions\/479"}],"up":[{"embeddable":true,"href":"https:\/\/convegni.unica.it\/sisi19\/wp-json\/wp\/v2\/pages\/340"}],"wp:attachment":[{"href":"https:\/\/convegni.unica.it\/sisi19\/wp-json\/wp\/v2\/media?parent=348"}],"curies":[{"name":"wp","href":"https:\/\/api.w.org\/{rel}","templated":true}]}}