{"id":340,"date":"2019-01-28T15:25:05","date_gmt":"2019-01-28T14:25:05","guid":{"rendered":"http:\/\/convegni.unica.it\/sisi19\/?page_id=340"},"modified":"2019-02-08T15:00:08","modified_gmt":"2019-02-08T14:00:08","slug":"il-convegno","status":"publish","type":"page","link":"https:\/\/convegni.unica.it\/sisi19\/il-convegno\/","title":{"rendered":"Il Convegno"},"content":{"rendered":"<p>L&#8217;ottavo Convegno nazionale della SiSi si svolger\u00e0 dal 13 al 15 giugno 2019 presso il Dipartimento di Scienze Politiche e Sociali dell&#8217;Universit\u00e0 degli Studi di Cagliari (Facolt\u00e0 di Scienze, Economiche Giuridiche e Politiche).<\/p>\n<p>Si terranno sessioni parallele di panel nel pomeriggio di gioved\u00ec 13 con apertura dei lavori presso il palazzo del Rettorato dell&#8217;Universit\u00e0 alle ore 15:30 e, nei giorni seguenti, presso i locali della Facolt\u00e0 di Scienze Economiche, Giuridiche e Politiche con chiusura dei lavori il 15 giugno alle ore 12:30.<\/p>\n<p>In questa sezione \u00e8 possibile trovare tutte le informazioni di carattere organizzativo del convegno.<\/p>\n<div id=\"shailan-subpages-340-1\"><ul class=\"subpages\"><li class=\"page_item page-item-342\"><a href=\"https:\/\/convegni.unica.it\/sisi19\/il-convegno\/organizzazione\/\" title=\"Comitato organizzatore\" rel=\"\">Comitato organizzatore<\/a><\/li>\n<li class=\"page_item page-item-344\"><a href=\"https:\/\/convegni.unica.it\/sisi19\/il-convegno\/assemblea\/\" title=\"Assemblea\" rel=\"\">Assemblea<\/a><\/li>\n<li class=\"page_item page-item-346\"><a href=\"https:\/\/convegni.unica.it\/sisi19\/il-convegno\/cena-sociale\/\" title=\"Cena sociale\" rel=\"\">Cena sociale<\/a><\/li>\n<li class=\"page_item page-item-348\"><a href=\"https:\/\/convegni.unica.it\/sisi19\/il-convegno\/la-sisi\/\" title=\"La SiSi\" rel=\"\">La SiSi<\/a><\/li>\n<li class=\"page_item page-item-692\"><a href=\"https:\/\/convegni.unica.it\/sisi19\/il-convegno\/comitato-scientifico\/\" title=\"Comitato scientifico del Convegno\" rel=\"\">Comitato scientifico del Convegno<\/a><\/li>\n<\/ul><\/div>\n","protected":false},"excerpt":{"rendered":"<p>L&#8217;ottavo Convegno nazionale della SiSi si svolger\u00e0 dal 13 al 15 giugno 2019 presso il Dipartimento di Scienze Politiche e Sociali dell&#8217;Universit\u00e0 degli Studi di Cagliari (Facolt\u00e0 di Scienze, Economiche <a class=\"more-link\" href=\"https:\/\/convegni.unica.it\/sisi19\/il-convegno\/\">Continue Reading &amp;rarr;<\/a><\/p>\n","protected":false},"author":2594,"featured_media":0,"parent":0,"menu_order":0,"comment_status":"closed","ping_status":"closed","template":"","meta":{"footnotes":""},"class_list":["post-340","page","type-page","status-publish","hentry"],"_links":{"self":[{"href":"https:\/\/convegni.unica.it\/sisi19\/wp-json\/wp\/v2\/pages\/340","targetHints":{"allow":["GET"]}}],"collection":[{"href":"https:\/\/convegni.unica.it\/sisi19\/wp-json\/wp\/v2\/pages"}],"about":[{"href":"https:\/\/convegni.unica.it\/sisi19\/wp-json\/wp\/v2\/types\/page"}],"author":[{"embeddable":true,"href":"https:\/\/convegni.unica.it\/sisi19\/wp-json\/wp\/v2\/users\/2594"}],"replies":[{"embeddable":true,"href":"https:\/\/convegni.unica.it\/sisi19\/wp-json\/wp\/v2\/comments?post=340"}],"version-history":[{"count":9,"href":"https:\/\/convegni.unica.it\/sisi19\/wp-json\/wp\/v2\/pages\/340\/revisions"}],"predecessor-version":[{"id":723,"href":"https:\/\/convegni.unica.it\/sisi19\/wp-json\/wp\/v2\/pages\/340\/revisions\/723"}],"wp:attachment":[{"href":"https:\/\/convegni.unica.it\/sisi19\/wp-json\/wp\/v2\/media?parent=340"}],"curies":[{"name":"wp","href":"https:\/\/api.w.org\/{rel}","templated":true}]}}