{"id":105,"date":"2022-07-04T15:42:23","date_gmt":"2022-07-04T13:42:23","guid":{"rendered":"https:\/\/convegni.unica.it\/sig2022\/?page_id=105"},"modified":"2022-10-26T10:36:52","modified_gmt":"2022-10-26T08:36:52","slug":"sede","status":"publish","type":"page","link":"https:\/\/convegni.unica.it\/sig2022\/sede\/","title":{"rendered":"Sede"},"content":{"rendered":"<div>\n<h1 style=\"color: #164a8e\">Sede<\/h1>\n<\/div>\n<div class=\"spacer\"><span class=\"white\">&#8230;&#8230;&#8230;&#8230;&#8230;&#8230;&#8230;&#8230;&#8230;&#8230;&#8230;&#8230;&#8230;&#8230;&#8230;&#8230;&#8230;&#8230;..<\/span><\/div>\n<div class=\"whole-row\">\n<p class=\"big\">I lavori si svolgeranno presso l\u2019Universit\u00e0 degli Studi di Cagliari: Via Universit\u00e0 40 (Palazzo Belgrano, sede del Rettorato).<\/p>\n\n<\/div>\n<div class=\"spacer\"><span class=\"white\">&#8230;&#8230;&#8230;&#8230;&#8230;&#8230;&#8230;&#8230;&#8230;&#8230;&#8230;&#8230;&#8230;&#8230;&#8230;&#8230;&#8230;&#8230;..<\/span><\/div>\n<div class=\"spacer\"><span class=\"white\">&#8230;&#8230;&#8230;&#8230;&#8230;&#8230;&#8230;&#8230;&#8230;&#8230;&#8230;&#8230;&#8230;&#8230;&#8230;&#8230;&#8230;&#8230;..<\/span><\/div>\n<div class=\"whole-row\">\n<h2>Come arrivare<\/h2>\n<\/div>\n<div class=\"spacer\"><span class=\"white\">&#8230;&#8230;&#8230;&#8230;&#8230;&#8230;&#8230;&#8230;&#8230;&#8230;&#8230;&#8230;&#8230;&#8230;&#8230;&#8230;&#8230;&#8230;..<\/span><\/div>\n<div class=\"whole-row\">\n<p><img decoding=\"async\" class=\"alignleft icon\" src=\"http:\/\/convegni.unica.it\/sig2022\/files\/2022\/07\/treno.jpg\" alt=\"Dall'aeroporto in treno\" width=\"60\" \/><\/p>\n<p class=\"big\"><strong>Dall&#8217;aeroporto in treno<\/strong><\/p>\n<\/div>\n<div class=\"whole-row\">\n<p class=\"big\">Il mezzo pi\u00f9 rapido ed economico per arrivare al centro di Cagliari dall\u2019aeroporto \u00e8 il treno. A meno di 300 metri dall\u2019ingresso del terminal passeggeri si trova la stazione ferroviaria Elmas Aeroporto, dalla quale \u00e8 possibile raggiungere il centro citt\u00e0 in soli sei minuti. Il treno dall\u2019aeroporto verso il centro di Cagliari (e viceversa) \u00e8 in funzione tutti i giorni, con orari che variano nei giorni feriali e festivi. In media c\u2019\u00e8 un treno ogni venti minuti. Il biglietto \u00e8 davvero economico, infatti costa solo 1.30 euro. Si pu\u00f2 acquistare online, nelle biglietterie automatiche all\u2019interno dell\u2019area Arrivi del terminal passeggeri o in stazione, alle biglietterie con operatore della stazione e nei punti vendita autorizzati.<\/p>\n<\/div>\n<div class=\"spacer\"><span class=\"white\">&#8230;&#8230;&#8230;&#8230;&#8230;&#8230;&#8230;&#8230;&#8230;&#8230;&#8230;&#8230;&#8230;&#8230;&#8230;&#8230;&#8230;&#8230;..<\/span><\/div>\n<div class=\"whole-row\">\n<p><img decoding=\"async\" class=\"alignleft icon\" src=\"http:\/\/convegni.unica.it\/sig2022\/files\/2022\/07\/autobus.jpg\" alt=\"Dall'aeroporto in autobus\" width=\"60\" \/><\/p>\n<p class=\"big\"><strong><strong>Dall&#8217;aeroporto in autobus<\/strong><\/strong><\/p>\n<\/div>\n<div class=\"whole-row\">\n<p class=\"big\">La linea 160 della compagnia di trasporto pubblico <a href=\"http:\/\/www.arst.sardegna.it\/\" target=\"_blank\" rel=\"noopener\">ARST<\/a> assicura il collegamento dall\u2019aeroporto al centro citt\u00e0 con una corsa alle 23.45, quando i treno hanno smesso di funzionare. L\u2019autobus attende l\u2019arrivo dell\u2019ultimo volo della giornata. \u00c8 disponibile anche un bus dal centro in partenza alle ore 23.30. Le linee 501 e 747 collegano l\u2019aeroporto di Elmas alla stazione ferroviaria di Cagliari in orario diurno, ma le corse sono limitatissime (una o due al giorno a seconda della stagione). Il prezzo del biglietto corsa semplice \u00e8 di 1.30 euro.<\/p>\n<\/div>\n<div class=\"spacer\"><span class=\"white\">&#8230;&#8230;&#8230;&#8230;&#8230;&#8230;&#8230;&#8230;&#8230;&#8230;&#8230;&#8230;&#8230;&#8230;&#8230;&#8230;&#8230;&#8230;..<\/span><\/div>\n<div class=\"whole-row\">\n<p><img decoding=\"async\" class=\"alignleft icon\" src=\"http:\/\/convegni.unica.it\/sig2022\/files\/2022\/07\/autobus.jpg\" alt=\"Dalla stazione marittima in autobus\" width=\"60\" \/><\/p>\n<p class=\"big\"><strong>Dalla stazione marittima in autobus<\/strong><\/p>\n<\/div>\n<div class=\"whole-row\">\n<p class=\"big\">Da piazza Matteotti (fronte stazione FS), prendere il bus n. 8 e, dopo due fermate, scendere in piazza Yenne (fronte Azuni). Il prezzo del biglietto corsa semplice \u00e8 di 1.30 euro. Da qui sono possibili due percorsi: il primo pi\u00f9 breve (ma pi\u00f9 ripido) e il secondo pi\u00f9 lungo (ma pi\u00f9 agevole).<\/p>\n<ol>\n<li class=\"big\">Attraversare la piazza e prendere le Scalette Santa Chiara sulla sinistra (o, in alternativa, prendere l&#8217;ascensore che si trova a lato della chiesa di Santa Chiara). Girare a destra in via Cammino Nuovo e poi nuovamente a destra in via Universit\u00e0.<\/li>\n<li>Attraversare la piazza e imboccare via Manno. Proseguire sino a piazza Martiri d&#8217;Italia e prendere via Mazzini che si trova sulla sinistra. Girare a destra in via Universit\u00e0, attraversare la Porta dei Leoni e proseguire sino al civico 40.<\/li>\n<\/ol>\n<\/div>\n<div class=\"spacer\"><span class=\"white\">&#8230;&#8230;&#8230;&#8230;&#8230;&#8230;&#8230;&#8230;&#8230;&#8230;&#8230;&#8230;&#8230;&#8230;&#8230;&#8230;&#8230;&#8230;..<\/span><\/div>\n<div class=\"whole-row\">\n<p><img decoding=\"async\" class=\"alignleft icon\" src=\"http:\/\/convegni.unica.it\/sig2022\/files\/2022\/07\/taxi.jpg\" alt=\"Dall'aeroporto o dalla stazione marittima in taxi\" width=\"60\" \/><\/p>\n<p class=\"big\"><strong>Dall&#8217;aeroporto o dalla stazione marittima in taxi<\/strong><\/p>\n<\/div>\n<div class=\"whole-row\">\n<p class=\"big\">All\u2019esterno del terminal passeggeri di entrambe le stazioni, troverete le postazioni <a href=\"tel:390706655\">taxi<\/a> servite da diverse compagnie autorizzate dal Comune di Cagliari e di Elmas. Una corsa in taxi dall\u2019aeroporto di Cagliari al centro costa circa 15-20 euro, 5-10 euro dalla stazione marittima. Questo prezzo pu\u00f2 variare: a seconda dell\u2019indirizzo preciso della vostra destinazione, del giorno e dell\u2019ora in cui viaggiate; sono previsti supplementi festivi e notturni.<\/p>\n<\/div>\n<div class=\"spacer\"><span class=\"white\">&#8230;&#8230;&#8230;&#8230;&#8230;&#8230;&#8230;&#8230;&#8230;&#8230;&#8230;&#8230;&#8230;&#8230;&#8230;&#8230;&#8230;&#8230;..<\/span><\/div>\n<div class=\"whole-row\">\n<h2>Alloggio<\/h2>\n<p class=\"big\">All&#8217;indirizzo <a href=\"https:\/\/www.cagliariturismo.it\/it\/dove-dormire\">https:\/\/www.cagliariturismo.it\/it\/dove-dormire<\/a> \u00e8 possibile reperire informazioni sulle strutture ricettive della citt\u00e0 di Cagliari<\/p>\n<\/div>\n","protected":false},"excerpt":{"rendered":"<p>Sede &#8230;&#8230;&#8230;&#8230;&#8230;&#8230;&#8230;&#8230;&#8230;&#8230;&#8230;&#8230;&#8230;&#8230;&#8230;&#8230;&#8230;&#8230;.. I lavori si svolgeranno presso l\u2019Universit\u00e0 degli Studi di Cagliari: Via Universit\u00e0 40 (Palazzo Belgrano, sede del Rettorato). &#8230;&#8230;&#8230;&#8230;&#8230;&#8230;&#8230;&#8230;&#8230;&#8230;&#8230;&#8230;&#8230;&#8230;&#8230;&#8230;&#8230;&#8230;.. &#8230;&#8230;&#8230;&#8230;&#8230;&#8230;&#8230;&#8230;&#8230;&#8230;&#8230;&#8230;&#8230;&#8230;&#8230;&#8230;&#8230;&#8230;.. Come arrivare &#8230;&#8230;&#8230;&#8230;&#8230;&#8230;&#8230;&#8230;&#8230;&#8230;&#8230;&#8230;&#8230;&#8230;&#8230;&#8230;&#8230;&#8230;.. Dall&#8217;aeroporto in treno Il mezzo <a class=\"more-link\" href=\"https:\/\/convegni.unica.it\/sig2022\/sede\/\">Continue Reading &amp;rarr;<\/a><\/p>\n","protected":false},"author":9361,"featured_media":207,"parent":0,"menu_order":0,"comment_status":"closed","ping_status":"closed","template":"","meta":{"footnotes":""},"class_list":["post-105","page","type-page","status-publish","has-post-thumbnail","hentry"],"_links":{"self":[{"href":"https:\/\/convegni.unica.it\/sig2022\/wp-json\/wp\/v2\/pages\/105","targetHints":{"allow":["GET"]}}],"collection":[{"href":"https:\/\/convegni.unica.it\/sig2022\/wp-json\/wp\/v2\/pages"}],"about":[{"href":"https:\/\/convegni.unica.it\/sig2022\/wp-json\/wp\/v2\/types\/page"}],"author":[{"embeddable":true,"href":"https:\/\/convegni.unica.it\/sig2022\/wp-json\/wp\/v2\/users\/9361"}],"replies":[{"embeddable":true,"href":"https:\/\/convegni.unica.it\/sig2022\/wp-json\/wp\/v2\/comments?post=105"}],"version-history":[{"count":49,"href":"https:\/\/convegni.unica.it\/sig2022\/wp-json\/wp\/v2\/pages\/105\/revisions"}],"predecessor-version":[{"id":303,"href":"https:\/\/convegni.unica.it\/sig2022\/wp-json\/wp\/v2\/pages\/105\/revisions\/303"}],"wp:featuredmedia":[{"embeddable":true,"href":"https:\/\/convegni.unica.it\/sig2022\/wp-json\/wp\/v2\/media\/207"}],"wp:attachment":[{"href":"https:\/\/convegni.unica.it\/sig2022\/wp-json\/wp\/v2\/media?parent=105"}],"curies":[{"name":"wp","href":"https:\/\/api.w.org\/{rel}","templated":true}]}}