{"id":18,"date":"2024-10-04T12:00:25","date_gmt":"2024-10-04T10:00:25","guid":{"rendered":"https:\/\/convegni.unica.it\/jmg\/?page_id=18"},"modified":"2025-04-08T11:03:29","modified_gmt":"2025-04-08T09:03:29","slug":"conference-venue","status":"publish","type":"page","link":"https:\/\/convegni.unica.it\/jmg\/conference-venue\/","title":{"rendered":"Conference venue"},"content":{"rendered":"<h1 style=\"text-align: center\">How to reach Cagliari?<\/h1>\n<p><strong>More details in the airport website:<\/strong> <a href=\"http:\/\/www.sogaer.it\/en\">http:\/\/www.sogaer.it\/en<\/a><\/p>\n<hr \/>\n<h1 style=\"text-align: center\">How to get to the conference?<\/h1>\n<h3 style=\"text-align: center\"><strong>From Cagliari Airport to the city centre<\/strong><\/h3>\n<p><strong>By train<br \/>\n<\/strong><\/p>\n<p>The train is a fast and easy way to go from <strong>Cagliari Elmas Airport<\/strong> to the city center and vice versa. The train service starts at 6.00 am and ends at 22.00 with trains running almost every 20 minutes. The journey to and from the center takes 5-10 minutes. Tickets are sold by Trenitalia at the vending machines (both in the arrivals area of the airport and inside the Elmas airport train station) or online. The Elmas airport train station is about a 5-minute walk from the arrivals area. The quickest option from the airport is to take a taxi. A standard trip during the day costs around 20 euros.<br \/>\nNote: you must know that\u00a0 there is not elevator so you have to use some stairs, is not recommended if you have a lot baggage<\/p>\n<p><strong>By taxi<\/strong><br \/>\nit takes between 10 \/ 15 minutes. \u00a0The cost is around \u20ac18 \u2013 \u20ac25<\/p>\n<p><strong>By bus<\/strong><\/p>\n<p>There is not a bus to connect the city and the airport except in the hours \u00a0when the train line is closed.<br \/>\nLate arrivals and departures can use the bus service at the following times:<br \/>\n\u2013 To the Airport from\u00a0 Cagliari take the bus \u201cPiazza Matteotti\u201d 23:30 to arrive at the \u00a0Airport 23:40<br \/>\n\u2013 From the Airport to Cagliari the bus schedule at 23:45 to arrive to Cagliari at 23:55<\/p>\n<p><strong>Rent a car<br \/>\n<\/strong>There are a lot of main rent companies\u00a0 located in the Airport<\/p>\n<p><strong>Local transport in Cagliari<br \/>\n<\/strong>Cagliari boasts one of the most efficient local transport systems in Italy . To get around Cagliari you can use the bus service, the metro overground or Cabubi bike sharing. Cycle lanes have increased threefold in the last 5 years. If you don\u2019t feel like walking, you can rent a car. There is also a car-sharing service in town.<\/p>\n<p>&nbsp;<\/p>\n<hr \/>\n<h3 style=\"text-align: center\"><span id=\"conf\">Once in town<\/span><\/h3>\n<h3><\/h3>\n<h3 style=\"text-align: left\"><strong><u>Business and Economics department of the University of Cagliari will host \u00a0the paper development workshop<\/u><\/strong><\/h3>\n<p><strong>Location:<\/strong> Universit\u00e0 degli Studi di Cagliari, Dipartimento di Scienze Economiche ed Aziendali<br \/>\n<strong>Address:<\/strong>\u00a0Via Sant\u2019Ignazio da Laconi, 74<br \/>\n<strong>City:<\/strong> Cagliari, Italy<\/p>\n<p><strong>From Via Roma Port by bus<\/strong><br \/>\nThe port is in the centre of Cagliari. From the nearby Piazza Matteotti, take the number 8 bus towards \u201cPoliclinico\u201d and get off\u00a0 in front of the Roman Amphitheater after approximately 8 \/10 minutes.<br \/>\nBuses in different areas of the city to arrive: take 8 -10 \u2013 20<\/p>\n<p><strong>From Via Roma by foot \u00a0(Takes\u00a0 about 12 minutes )<\/strong><br \/>\nFrom Via Roma head Northwest\u00a0 turn onto, Via Sassari, or\u00a0 Largo Carlo Felice<br \/>\nOn largo Caro Felice continue through Piazza Yenne and\u00a0 turn left to\u00a0 \u201c Corso Vittorio Emanuele\u201d\u00a0 just 100 mts o your right hand you will find\u00a0 the pathway turn right onto \u201cporto scalas\u201d straight you will find Via Sant\u2019Ignazio da Laconi\u00a0 you keep going up\u00a0 the hill towards\u00a0 and turn right the Via San\u2019Ignazio da Laconi continues and you will find the University of Cagliari. The conference is on the left entrance.<\/p>\n<p><strong>From via Roma by\u00a0 Via Sassari Head\u00a0northwest\u00a0on\u00a0Via Roma\u00a0toward\u00a0Via Giovanni Maria Angioy (takes about 12 minutes)<br \/>\n<\/strong>Turn\u00a0right\u00a0onto\u00a0Via Sassari, turn\u00a0left\u00a0onto\u00a0Corso Vittorio Emanuele II, 11 m\u00a0 Turn\u00a0right\u00a0onto\u00a0Vico Vittorio Emanuele II <strong>Take the stairs <\/strong>Turn left onto Via Porto Scalas.<br \/>\nTurn\u00a0right\u00a0onto\u00a0Via Sant\u2019Ignazio da Laconi\u00a0 you keep going up the hill towards\u00a0 and turn right the Via San\u2019Ignazio da Laconi continues and you will find the University of Cagliari. The conference is on the\u00a0 left entrance.<\/p>\n<p><strong>From the Castello area by foot (Takes\u00a0 about 15- 20 minutes)<br \/>\n<\/strong>Look for Piazza Arsenale<br \/>\nHead\u00a0south\u00a0on\u00a0Piazza Arsenale\u00a0toward\u00a0Via Ubaldo Badas, Turn\u00a0right\u00a0onto\u00a0Piazza Arsenale\/Via Ubaldo Badas 20 m\u00a0 Continue onto\u00a0Viale Buon Cammino 300 m<br \/>\nTurn left toward Via Fr\u00e0 Nicol\u00f2 da Gesturi\u00a0 19 m Turn left toward Via Fr\u00e0 Nicol\u00f2 da Gesturi, 33 m\u00a0 Turn right onto Via Fr\u00e0 Nicol\u00f2 da Gesturi 230 m Via Fr\u00e0 Nicol\u00f2 da Gesturi turns slightly left and becomes Via Sant\u2019Ignazio da Laconi, you will see Roman Amphiteather on you left and the Capuccini Catholic Church on your right just some meters down is the Business Administration department\u00a0 The conference is on your right entrance.<\/p>\n<hr \/>\n<h1 style=\"text-align: center\">Where to stay in Cagliari?<\/h1>\n<div id=\"container\" class=\"fix\">\n<div id=\"main-col\">\n<div id=\"content\">\n<article id=\"post-774\" class=\"post-774 page type-page status-publish hentry meta-position-corners fix\">\n<div class=\"entry-container fix\">\n<div class=\"entry fix\">\n<h3><strong>Hotel and B&amp;B recommended<\/strong><\/h3>\n<p>In the centre you can find the <strong>Villanova<\/strong> district which is the prettiest district with its small shops boutiques and a large variety of restaurants and pubs to enjoy summer night life where you can eat or drink outside for most months of the year.<br \/>\nOne of the famous neighborhoods is <strong>Castello<\/strong>,the old walled part of the Cagliari which is located in the highest part of the city . Here you can enjoy the magnificent sea views from its pretty terraces. The area of \u201cPorta Cristina\u201d with its the numerous panoramic places is rich in monuments and museums to visit such as the Cathedral of Santa Maria and the medieval towers of \u201cthe Elephant\u201d and \u201cSan Pancrazio\u201d.<br \/>\n<strong>Marina<\/strong> is the district located at the foot of the walled fortress area, Castello. It also lies in front of the port and you can walk around its busy narrow streets and along the famous arched walkway of Via Roma as far as the beautiful Palazzo Civico, or you can reach historic buildings such as the Santa Eulaia church on foot while strolling up little roads full of restaurants and pubs.<br \/>\nAt the top of a hill a couple of kilometers from Via Roma stands the Basilica of Our Lady of <strong>Bonaria<\/strong> this is a very residential area is not in downtown area but you can easily reach it by bus or walk there in about 10 minutes.<strong><br \/>\n<\/strong><\/p>\n<hr \/>\n<h1 style=\"text-align: center\"><strong>Hotels in Cagliari<\/strong><\/h1>\n<p>Hotel Villa Fanny \u00a0****<br \/>\n500 mts from conference<\/p>\n<p><a href=\"https:\/\/www.hotelvillafanny.it\/\" target=\"_blank\" rel=\"noopener noreferrer\">https:\/\/www.hotelvillafanny.it\/<\/a><\/p>\n<hr \/>\n<p>Hotel Regina Margherita ****<br \/>\nnice location, \u00a01.4 Km from conference<\/p>\n<p>By bus line 10 ( 10 minutes to conference)<\/p>\n<p><a href=\"https:\/\/www.hotelreginamargherita.com\/en\/\" target=\"_blank\" rel=\"noopener noreferrer\">https:\/\/www.hotelreginamargherita.com\/en\/<\/a><\/p>\n<hr \/>\n<p>Hotel Flora ****<br \/>\n800 mts from conference and very nice location.<\/p>\n<p><a href=\"https:\/\/www.hotelfloracagliari.it\/\" target=\"_blank\" rel=\"noopener noreferrer\">https:\/\/www.hotelfloracagliari.it\/<\/a><\/p>\n<hr \/>\n<p>Hotel Italia ***<br \/>\n1.1 Km from Conference close to via Roma<\/p>\n<p><a href=\"https:\/\/www.hotelitaliacagliari.com\/en\/\" target=\"_blank\" rel=\"noopener noreferrer\">https:\/\/www.hotelitaliacagliari.com\/en\/<\/a><\/p>\n<hr \/>\n<p>Miramare Cagliari Hotel ****<br \/>\n1 Km located at Via Roma<\/p>\n<p><a href=\"https:\/\/www.hotelmiramarecagliari.it\/\" target=\"_blank\" rel=\"noopener noreferrer\">https:\/\/www.hotelmiramarecagliari.it\/<\/a><\/p>\n<hr \/>\n<p>Hotel Panorama ****<br \/>\n3.3 km By bus 5 and\u00a0 walk<\/p>\n<p><a href=\"https:\/\/www.hotelpanorama.it\/en\/\" target=\"_blank\" rel=\"noopener noreferrer\">https:\/\/www.hotelpanorama.it\/en\/<\/a><\/p>\n<hr \/>\n<p>Thotel ****<br \/>\n1.4 km by bus is not easy with Taxi is 9 minutes<\/p>\n<p><a href=\"https:\/\/www.thotel.it\/\" target=\"_blank\" rel=\"noopener noreferrer\">https:\/\/www.thotel.it\/<\/a><\/p>\n<hr \/>\n<h1 style=\"text-align: center\"><strong>\u00a0<\/strong><strong>B&amp;B in Cagliari<\/strong><\/h1>\n<p>B&amp;B Antico Corso Charme ****<br \/>\nCorso Vittorio Emanuele II, 46 very close to conference 600 mts<\/p>\n<p><a href=\"http:\/\/www.anticocorso.it\/\" target=\"_blank\" rel=\"noopener noreferrer\">http:\/\/www.anticocorso.it\/<\/a><\/p>\n<hr \/>\n<p>Al 183 ****<br \/>\nvery close to conference 600 mts<\/p>\n<p><a href=\"https:\/\/www.al183.com\/it-it\" target=\"_blank\" rel=\"noopener noreferrer\">https:\/\/www.al183.com\/it-it<\/a><\/p>\n<hr \/>\n<p>B&amp;B Marina di Castello ****<br \/>\nVia Roma<\/p>\n<p><a href=\"http:\/\/www.bedandbreakfastcagliaricity.it\/\" target=\"_blank\" rel=\"noopener noreferrer\">http:\/\/www.bedandbreakfastcagliaricity.it\/<\/a><\/p>\n<\/div>\n<\/div>\n<\/article>\n<\/div>\n<\/div>\n<\/div>\n","protected":false},"excerpt":{"rendered":"<p>How to reach Cagliari? More details in the airport website: http:\/\/www.sogaer.it\/en How to get to the conference? From Cagliari Airport to the city centre By train The train is a fast and easy way to go [&hellip;]<\/p>\n","protected":false},"author":3894,"featured_media":0,"parent":0,"menu_order":0,"comment_status":"closed","ping_status":"closed","template":"","meta":{"footnotes":""},"class_list":["post-18","page","type-page","status-publish","hentry"],"_links":{"self":[{"href":"https:\/\/convegni.unica.it\/jmg\/wp-json\/wp\/v2\/pages\/18","targetHints":{"allow":["GET"]}}],"collection":[{"href":"https:\/\/convegni.unica.it\/jmg\/wp-json\/wp\/v2\/pages"}],"about":[{"href":"https:\/\/convegni.unica.it\/jmg\/wp-json\/wp\/v2\/types\/page"}],"author":[{"embeddable":true,"href":"https:\/\/convegni.unica.it\/jmg\/wp-json\/wp\/v2\/users\/3894"}],"replies":[{"embeddable":true,"href":"https:\/\/convegni.unica.it\/jmg\/wp-json\/wp\/v2\/comments?post=18"}],"version-history":[{"count":17,"href":"https:\/\/convegni.unica.it\/jmg\/wp-json\/wp\/v2\/pages\/18\/revisions"}],"predecessor-version":[{"id":108,"href":"https:\/\/convegni.unica.it\/jmg\/wp-json\/wp\/v2\/pages\/18\/revisions\/108"}],"wp:attachment":[{"href":"https:\/\/convegni.unica.it\/jmg\/wp-json\/wp\/v2\/media?parent=18"}],"curies":[{"name":"wp","href":"https:\/\/api.w.org\/{rel}","templated":true}]}}