{"id":376,"date":"2017-06-14T21:21:29","date_gmt":"2017-06-14T19:21:29","guid":{"rendered":"http:\/\/convegni.unica.it\/instrumenta7\/?page_id=376"},"modified":"2017-06-19T14:35:58","modified_gmt":"2017-06-19T12:35:58","slug":"sede","status":"publish","type":"page","link":"https:\/\/convegni.unica.it\/instrumenta7\/sede\/","title":{"rendered":"La sede dei lavori"},"content":{"rendered":"<p style=\"text-align: justify\">I lavori si svolgeranno presso il <em>Dipartimento di Storia, Beni culturali e Territorio<\/em> dell&#8217;Universit\u00e0 di Cagliari, <strong>Sede staccata della Cittadella dei Musei<\/strong>, Piazza Arsenale 1, 09123 \u2013 Cagliari<\/p>\n<p style=\"text-align: justify\"><a href=\"http:\/\/www.openstreetmap.org\/?mlat=39.22196&amp;mlon=9.11711#map=19\/39.22197\/9.11711\">Vai alla mappa<\/a><\/p>\n<p style=\"text-align: justify\">La Cittadella dei Musei \u00e8 facilmente raggiungibile a piedi dal centro citt\u00e0 e con i bus urbani numero 5 e 6.<\/p>\n<div id=\"attachment_513\" style=\"width: 3423px\" class=\"wp-caption alignnone justify\"><img decoding=\"async\" aria-describedby=\"caption-attachment-513\" class=\"size-full wp-image-513\" src=\"http:\/\/convegni.unica.it\/instrumenta7\/files\/2017\/06\/doppia.jpg\" alt=\"\" width=\"3413\" height=\"1262\" srcset=\"https:\/\/convegni.unica.it\/instrumenta7\/files\/2017\/06\/doppia.jpg 3413w, https:\/\/convegni.unica.it\/instrumenta7\/files\/2017\/06\/doppia-150x55.jpg 150w, https:\/\/convegni.unica.it\/instrumenta7\/files\/2017\/06\/doppia-300x111.jpg 300w, https:\/\/convegni.unica.it\/instrumenta7\/files\/2017\/06\/doppia-768x284.jpg 768w, https:\/\/convegni.unica.it\/instrumenta7\/files\/2017\/06\/doppia-1024x379.jpg 1024w\" sizes=\"(max-width: 3413px) 100vw, 3413px\" \/><p id=\"caption-attachment-513\" class=\"wp-caption-text\">Interno della Cittadella dei Musei.<\/p><\/div>\n<p><img decoding=\"async\" class=\"alignnone size-full wp-image-516\" src=\"http:\/\/convegni.unica.it\/instrumenta7\/files\/2017\/06\/foto-3-1.jpg\" alt=\"\" width=\"1296\" height=\"968\" srcset=\"https:\/\/convegni.unica.it\/instrumenta7\/files\/2017\/06\/foto-3-1.jpg 1296w, https:\/\/convegni.unica.it\/instrumenta7\/files\/2017\/06\/foto-3-1-150x112.jpg 150w, https:\/\/convegni.unica.it\/instrumenta7\/files\/2017\/06\/foto-3-1-300x224.jpg 300w, https:\/\/convegni.unica.it\/instrumenta7\/files\/2017\/06\/foto-3-1-768x574.jpg 768w, https:\/\/convegni.unica.it\/instrumenta7\/files\/2017\/06\/foto-3-1-1024x765.jpg 1024w\" sizes=\"(max-width: 1296px) 100vw, 1296px\" \/><\/p>\n<p style=\"text-align: justify\">L&#8217;aula che ospiter\u00e0 le comunicazioni \u00e8 l\u2019<em>Aula Coroneo<\/em> mentre l&#8217;esposizione dei poster e della mostra &#8220;L&#8217;epigrafia per immagini&#8221; saranno ospitate presso la <em>Sala Mostre Temporanee<\/em> della Cittadella dei Musei<\/p>\n<p style=\"text-align: justify\">La Registrazione dei convegnisti avverr\u00e0 presso il desk dell\u2019Aula Coroneo il giorno d&#8217;arrivo<\/p>\n","protected":false},"excerpt":{"rendered":"<p>I lavori si svolgeranno presso il Dipartimento di Storia, Beni culturali e Territorio dell&#8217;Universit\u00e0 di Cagliari, Sede staccata della Cittadella dei Musei, Piazza Arsenale 1, 09123 \u2013 Cagliari Vai alla mappa La Cittadella dei Musei \u00e8 facilmente raggiungibile a piedi dal centro citt\u00e0 e con i bus urbani numero 5 e 6. L&#8217;aula che ospiter\u00e0 le comunicazioni \u00e8 l\u2019Aula Coroneo mentre l&#8217;esposizione dei poster e della mostra &#8220;L&#8217;epigrafia per immagini&#8221; saranno ospitate presso la Sala Mostre Temporanee della Cittadella dei Musei La Registrazione dei convegnisti avverr\u00e0 presso il desk dell\u2019Aula Coroneo il giorno d&#8217;arrivo<\/p>\n","protected":false},"author":52,"featured_media":0,"parent":0,"menu_order":0,"comment_status":"closed","ping_status":"closed","template":"","meta":{"footnotes":""},"class_list":["post-376","page","type-page","status-publish","hentry","post-seq-1","post-parity-odd","meta-position-corners","fix"],"_links":{"self":[{"href":"https:\/\/convegni.unica.it\/instrumenta7\/wp-json\/wp\/v2\/pages\/376","targetHints":{"allow":["GET"]}}],"collection":[{"href":"https:\/\/convegni.unica.it\/instrumenta7\/wp-json\/wp\/v2\/pages"}],"about":[{"href":"https:\/\/convegni.unica.it\/instrumenta7\/wp-json\/wp\/v2\/types\/page"}],"author":[{"embeddable":true,"href":"https:\/\/convegni.unica.it\/instrumenta7\/wp-json\/wp\/v2\/users\/52"}],"replies":[{"embeddable":true,"href":"https:\/\/convegni.unica.it\/instrumenta7\/wp-json\/wp\/v2\/comments?post=376"}],"version-history":[{"count":15,"href":"https:\/\/convegni.unica.it\/instrumenta7\/wp-json\/wp\/v2\/pages\/376\/revisions"}],"predecessor-version":[{"id":517,"href":"https:\/\/convegni.unica.it\/instrumenta7\/wp-json\/wp\/v2\/pages\/376\/revisions\/517"}],"wp:attachment":[{"href":"https:\/\/convegni.unica.it\/instrumenta7\/wp-json\/wp\/v2\/media?parent=376"}],"curies":[{"name":"wp","href":"https:\/\/api.w.org\/{rel}","templated":true}]}}