{"id":307,"date":"2014-09-30T17:56:16","date_gmt":"2014-09-30T15:56:16","guid":{"rendered":"http:\/\/convegni.unica.it\/veritaimmaginenormativita\/?page_id=307"},"modified":"2017-06-15T18:36:36","modified_gmt":"2017-06-15T16:36:36","slug":"comitato-scientifico","status":"publish","type":"page","link":"https:\/\/convegni.unica.it\/instrumenta7\/comitato-scientifico\/","title":{"rendered":"Comitato scientifico"},"content":{"rendered":"<p>Giulia Baratta (Universit\u00e0 degli Studi di Macerata)<\/p>\n<p>Alfredo Buonopane (Universit\u00e0 degli Studi di Verona)<\/p>\n<p>Maurizio Buora (Udine)<\/p>\n<p>Antonio M. Corda (Universit\u00e0 degli Studi di Cagliari)<\/p>\n<p>Angela Donati (Universit\u00e0 degli Studi di Bologna)<\/p>\n<p>Manfred Hainzmann (Universit\u00e0 degli studi di Graz)<\/p>\n<p>Antonio Ibba (Universit\u00e0 degli Studi di Sassari)<\/p>\n<p>Marc Mayer i Oliv\u00e9 (Universit\u00e0 degli Studi di Barcellona)<\/p>\n<p>Rossana Martorelli (Universit\u00e0 degli Studi di Cagliari)<\/p>\n<p>Attilio Mastino (Universit\u00e0 degli Studi di Sassari)<\/p>\n<p>Danilo Mazzoleni (Pontificio Istituto di archeologia Cristiana, Roma)<\/p>\n","protected":false},"excerpt":{"rendered":"<p>Giulia Baratta (Universit\u00e0 degli Studi di Macerata) Alfredo Buonopane (Universit\u00e0 degli Studi di Verona) Maurizio Buora (Udine) Antonio M. Corda (Universit\u00e0 degli Studi di Cagliari) Angela Donati (Universit\u00e0 degli Studi di Bologna) Manfred Hainzmann (Universit\u00e0 degli studi di Graz) Antonio Ibba (Universit\u00e0 degli Studi di Sassari) Marc Mayer i Oliv\u00e9 (Universit\u00e0 degli Studi di Barcellona) Rossana Martorelli (Universit\u00e0 degli Studi di Cagliari) Attilio Mastino (Universit\u00e0 degli Studi di Sassari) Danilo Mazzoleni (Pontificio Istituto di archeologia Cristiana, Roma)<\/p>\n","protected":false},"author":643,"featured_media":0,"parent":0,"menu_order":0,"comment_status":"closed","ping_status":"open","template":"","meta":{"footnotes":""},"class_list":["post-307","page","type-page","status-publish","hentry","post-seq-1","post-parity-odd","meta-position-corners","fix"],"_links":{"self":[{"href":"https:\/\/convegni.unica.it\/instrumenta7\/wp-json\/wp\/v2\/pages\/307","targetHints":{"allow":["GET"]}}],"collection":[{"href":"https:\/\/convegni.unica.it\/instrumenta7\/wp-json\/wp\/v2\/pages"}],"about":[{"href":"https:\/\/convegni.unica.it\/instrumenta7\/wp-json\/wp\/v2\/types\/page"}],"author":[{"embeddable":true,"href":"https:\/\/convegni.unica.it\/instrumenta7\/wp-json\/wp\/v2\/users\/643"}],"replies":[{"embeddable":true,"href":"https:\/\/convegni.unica.it\/instrumenta7\/wp-json\/wp\/v2\/comments?post=307"}],"version-history":[{"count":7,"href":"https:\/\/convegni.unica.it\/instrumenta7\/wp-json\/wp\/v2\/pages\/307\/revisions"}],"predecessor-version":[{"id":480,"href":"https:\/\/convegni.unica.it\/instrumenta7\/wp-json\/wp\/v2\/pages\/307\/revisions\/480"}],"wp:attachment":[{"href":"https:\/\/convegni.unica.it\/instrumenta7\/wp-json\/wp\/v2\/media?parent=307"}],"curies":[{"name":"wp","href":"https:\/\/api.w.org\/{rel}","templated":true}]}}