{"id":305,"date":"2014-09-30T17:55:55","date_gmt":"2014-09-30T15:55:55","guid":{"rendered":"http:\/\/convegni.unica.it\/veritaimmaginenormativita\/?page_id=305"},"modified":"2017-10-06T10:03:25","modified_gmt":"2017-10-06T08:03:25","slug":"programma","status":"publish","type":"page","link":"https:\/\/convegni.unica.it\/instrumenta7\/programma\/","title":{"rendered":"Programma"},"content":{"rendered":"<p style=\"text-align: center\"><span style=\"color: #ff0000\">Programma aggiornato al 6 ottobre 2017<br \/>\n<\/span><\/p>\n<p style=\"text-align: center\"><a href=\"http:\/\/convegni.unica.it\/instrumenta7\/files\/2017\/10\/I7_PROGRAMMA.pdf\"><\/a><a href=\"http:\/\/convegni.unica.it\/instrumenta7\/files\/2017\/10\/I7_PROGRAMMA.pdf\">[I7_programma formato PDF]<\/a><\/p>\n<h2 style=\"text-align: center\"><strong><em>Instrumenta Inscripta<\/em> VII <\/strong><\/h2>\n<h3 style=\"text-align: center\"><strong>Testi e simboli di ambito cristiano<br \/>\nsu oggetti di uso comune<\/strong><\/h3>\n<p style=\"text-align: center\"><em>Aula Coroneo<\/em><\/p>\n<p style=\"text-align: center\"><em>Dipartimento Storia, Beni culturali e Territorio, Sede Cittadella dei Musei<\/em><\/p>\n<p>&nbsp;<\/p>\n<p style=\"text-align: center\">Programma<\/p>\n<p style=\"text-align: center\"><strong>Luned\u00ec 9 ottobre 2017<\/strong><\/p>\n<p>15.30 \u00a0 Saluto. Intervengono la Presidente della Facolt\u00e0 di Scienze Umanistiche dell\u2019Universit\u00e0 degli studi di Cagliari Rossana Martorelli, il Direttore del Dipartimento di Storia, Beni culturali e Territorio Francesco Atzeni. Introducono per il Comitato scientifico Giulia Baratta (Univ. di Macerata) e Antonio M. Corda (Univ. di Cagliari).<\/p>\n<p>&nbsp;<\/p>\n<ul>\n<li>16:00\u00a0\u00a0 I Sessione<\/li>\n<\/ul>\n<p>Sebastian Aubry (Universit\u00e9 Lyon II Lumi\u00e8re (France), Gemme pagane ed iscrizioni cristiane. Riappropriazione e reinterpretazione delle immagini pagane e profane sulle gemme romane all&#8217;epoca paleocristiana<\/p>\n<p>Eleonora Roman\u00f2 (Universit\u00e0 di Pisa), Fabiana Susini (Universit\u00e0 di Firenze), L\u2019<em>instrumentum domesticum<\/em> a servizio della cristianit\u00e0: attestazioni, interpretazioni semantiche e letture semiotiche del <em>titulus pictus<\/em> con trigramma \u03a7\u039c\u0393<\/p>\n<p>Fabrizio Bisconti (PIAC &#8211; Roma \/ Roma III), Scrigni metallici di et\u00e0 tardoantica con \u201cvignette\u201d bibliche e didascalie. Il caso di Novalja<\/p>\n<ul>\n<li><em>17:00\u00a0 Pausa caff\u00e8<br \/>\n<\/em><\/li>\n<li>17:20\u00a0\u00a0 II Sessione<\/li>\n<\/ul>\n<p>Matteo Braconi (Roma III), Parola e immagine su un arazzo dipinto dell&#8217;Abegg-Stiftung a Riggisberg. Considerazioni preliminari sull&#8217;impiego di &#8220;didascalie&#8221; nell&#8217;arte paleocristiana<\/p>\n<p>Silvia Braito (Universit\u00e0 di Verona), Simbologia e formulario cristiano <em>sui signacula ex aere<\/em><\/p>\n<p>Alfredo Buonopane (Universit\u00e0 di Verona), Gaetano Marini e l&#8217;<em>instrumentum inscriptum<\/em> di committenza cristiana: considerazioni in margine al codice Vat. lat. 9071 della Biblioteca Apostolica Vaticana.<\/p>\n<p>Erg\u00fcn Lafli (Universit\u00e0 di Izmir, Turchia), Maurizio Buora (Gorizia), Eulogie del vicino Oriente: una lucerna con formula di benedizione del museo di Hatay una forma di fusione per eulogie da Gaziantep.<\/p>\n<p>Dimitri Cascianelli (PIAC \u2013 Roma), Parole, simboli ed immagini del matrimonio cristiano nell\u2019oreficeria tardoantica e protobizantina<\/p>\n<p>Antonio Ibba (Universit\u00e0 di Sassari), Riflessione su una classe poco nota dell\u2019instrumentum domesticum: tappi fittili dalla <em>Scythia Minor<\/em> (V-VI sec.).<\/p>\n<ul>\n<li>19:00\u00a0\u00a0 Discussione<\/li>\n<\/ul>\n<p>&nbsp;<\/p>\n<p style=\"text-align: center\"><strong>Marted\u00ec 10 ottobre 2017<\/strong><\/p>\n<ul>\n<li>9:00\u00a0\u00a0\u00a0\u00a0 III Sessione<\/li>\n<\/ul>\n<p>Cristina Cumbo (PIAC \u2013 Roma), Devozione e simbolismo: alcuni singolari casi cristiani di stoffe tardo antiche<\/p>\n<p>Antonio Pio Di Cosmo (Universit\u00e0 di Cordoba), Le vesti di salvezza: capi di vestiario e narrazioni della vita del Cristo. Un caso della sociologia dell&#8217;abito<\/p>\n<p>Giovanni Di Stefano (Universit\u00e0 della Calabria), Caucana (Sicilia). Il piatto 2255 e il motivo della croce a bracci patenti<\/p>\n<p>Angelica Ferraro (Universit\u00e0 &#8220;Tor Vergata&#8221; Roma), Caucana (Sicilia). Simoboli cristiani sull\u2019<em>instrumentum<\/em> domesticum [testo scritto].<\/p>\n<p>Giuseppe Falzone (Universit\u00e0 di Palermo), Reminiscenze liturgiche su oggetti d\u2019uso comune: l\u2019esempio degli incensieri bronzei siciliani<\/p>\n<p>Claudio Farre (Universit\u00e0 di Sassari), Deum verum nesciant<em>. Brevi note sulla cristianizzazione della Sardegna interna attraverso lo studio dell\u2019<\/em>instrumentum<\/p>\n<p>Giovanna Ferri (Universit\u00e0 di Roma III), Iscrizioni, monogrammi e simboli cristiani su cucchiai in argento (IV-VII secolo). Significati e funzioni<\/p>\n<ul>\n<li><em>11.00\u00a0\u00a0 Pausa caff\u00e8<\/em><\/li>\n<li>11:20\u00a0\u00a0 IV Sessione<\/li>\n<\/ul>\n<p>Ilenia Gradante (MiBaCT &#8211; Polo museale Campania), La cristianizzazione della res signata: l\u2019esempio dei <em>signacula<\/em> siciliani<\/p>\n<p>Marco Muresu (Universit\u00e0 di Cagliari), Lucerne di forma Atlante XA1a con la spalla decorata dall\u2019impressione di monete: testimonianze in Sardegna di un manufatto \u201cmediterraneo\u201d<\/p>\n<p>Claudia Lega (Musei Vaticani), Manufatti di arte suntuaria, iscritti e di provenienza nota, dalle collezioni del Museo Cristiano in Vaticano<\/p>\n<p>Marc Mayer (Universit\u00e0 di Barcellona, Spagna), El <em>instrumentum inscriptum<\/em> cristiano de Barcino<\/p>\n<ul>\n<li>12:40 Discussione<\/li>\n<li>13:00\u00a0\u00a0 Pausa pranzo<\/li>\n<li>15:00\u00a0\u00a0 V Sessione<\/li>\n<\/ul>\n<p>Guido Migliorati (Universit\u00e0 Cattolica di Milano, sede di Brescia), Un <em>anulus aureus<\/em> e una sigla (Inscr. It. X.5, 1271). Tra slogan circensi e sensibilita&#8217; religiosa cristiana?<\/p>\n<p>Laura Chioffi (Universit\u00e0 di Napoli), Il pesce su piatti da mensa: un simbolo cristiano?<\/p>\n<p>Agnese Pergola (PIAC, Roma), Roberta Ruotolo (PIAC, Roma), Testimonianze di fede nella vita quotidiana di Ostia. Nuove considerazioni su documenti e materiali ostiensi poco noti<\/p>\n<p>Antonio Manuel Poveda Navarro (Universit\u00e0 di Alicante, Spagna), La inscripci\u00f3n in nomine Herculis sobre un vidrio dorado y el sincretismo de h\u00e9rcules-cristo de \u00e9poca paleocristiana<\/p>\n<p>Cecilia Ricci (Universit\u00e0 del Molise), Quattro anelli cristiani iscritti dalle collezioni Vaticane<\/p>\n<p>Giulia Baratta (Universit\u00e0 di Macerata), Elementi decorativi di carri e bardature di cavallo dell\u2019Hispania tardoantica con simboli e testi di ambito cristiano<\/p>\n<ul>\n<li>17:00\u00a0\u00a0 Pausa caff\u00e8<\/li>\n<li>17:20\u00a0\u00a0 VI Sessione<\/li>\n<\/ul>\n<p>Paola Ruggeri (Universit\u00e0 di Sassari), Maria Bastiana Cocco (Universit\u00e0 di Sassari), Il collare di schiavo dell&#8217;<em>arc(hi)diac(onus) Felix:<\/em> servi e Chiesa nella Sardegna tardoantica<\/p>\n<p>Domenico Benoci (PIAC \u2013 Roma), \u0388\u03c5\u03bb\u03bf\u03b3\u00ed\u03b1\u03b9: l\u2019apparato epigrafico delle ampolle devozionali tardoantiche<\/p>\n<p>Antonio Sartori (Universit\u00e0 di Milano), Cristiani di devozione intensa ma di incerta manualit\u00e0 a Milano<\/p>\n<p>Marina Vavassori (Universit\u00e0 di Bergamo), <em>Vox Domini super aquas<\/em>: il richiamo di una campana trecentesca<\/p>\n<ul>\n<li>19:00\u00a0\u00a0 Discussione<\/li>\n<\/ul>\n<p>Angela Donati (Universit\u00e0 di Bologna), Conclusioni<\/p>\n<p>&nbsp;<\/p>\n<p style=\"text-align: center\">POSTERS [Sala Mostre Temporanee]<\/p>\n<p>&nbsp;<\/p>\n<p>Alessia Anedda (Universit\u00e0 di Cagliari), Annarita Pontis; Considerazioni sui simboli cristani in un frammento di sigillata africana da Nora<\/p>\n<p>Maria Grazia Arru, <em>Charitas<\/em>: un attestazione del culto di San Francesco di Paola nella Chiesa di Sant&#8217;Elia al Monte di Cagliari<\/p>\n<p>Danila Artizzu (Pont. Fac. Teologica della Sardegna), Il <em>flabellum<\/em>. Dal <em>Kosmos gunaikeios<\/em> alla liturgia<\/p>\n<p>Erg\u00fcn Lafli (Universit\u00e0 di Izmir, Turchia), Maurizio Buora (Gorizia), Some unpublished lead seals from Archaeological Museums of Western Turkey<\/p>\n<p>Antonio M. Corda (Universit\u00e0 di Cagliari), Formule di deposizione di reliquie su <em>instrumentum<\/em><\/p>\n<p>Carla Corti (Universit\u00e0 di Verona), La Chiesa e i commerci nella tarda Antichit\u00e0. Testi e simboli su oggetti di uso comune: alcune osservazioni<\/p>\n<p>Roberto Mella Pariani, Mariagrazia Vitali, Monica Motto (Archeostudi Bergamo Srl), Chiesa vecchia di San Pietro all&#8217;Olmo in Cornaredo<\/p>\n<p>Andrea Pala (Universit\u00e0 di Cagliari), Uso sacro e profano del pectine nel Basso Medioevo<\/p>\n<p>Alessandro Teatini (Universit\u00e0 di Sassari), <em>Pacem meam do vobis<\/em>. Un <em>unicum<\/em> epigrafico su una singolare lucerna africana da Tomis (Scythia Minor)<\/p>\n<p>&nbsp;<\/p>\n<p style=\"text-align: center\"><strong>Mercoled\u00ec 11 ottobre 2017<\/strong><\/p>\n<ul>\n<li>9:00 Partenza per il sito di Nora, visita guidata della citt\u00e0.<\/li>\n<li>Rientro a Cagliari entro le 13:00 per pranzo<\/li>\n<\/ul>\n<p>&nbsp;<\/p>\n","protected":false},"excerpt":{"rendered":"<p>Programma aggiornato al 6 ottobre 2017 [I7_programma formato PDF] Instrumenta Inscripta VII Testi e simboli di ambito cristiano su oggetti di uso comune Aula Coroneo Dipartimento Storia, Beni culturali e Territorio, Sede Cittadella dei Musei &nbsp; Programma Luned\u00ec 9 ottobre 2017 15.30 \u00a0 Saluto. Intervengono la Presidente della Facolt\u00e0 di Scienze Umanistiche dell\u2019Universit\u00e0 degli studi di Cagliari Rossana Martorelli, il Direttore del Dipartimento di Storia, Beni culturali e Territorio Francesco Atzeni. Introducono per il Comitato scientifico Giulia Baratta (Univ. di Macerata) e Antonio M. Corda (Univ. di Cagliari). &nbsp; 16:00\u00a0\u00a0 I Sessione Sebastian Aubry (Universit\u00e9 Lyon II Lumi\u00e8re (France), Gemme <a href='https:\/\/convegni.unica.it\/instrumenta7\/programma\/' class='excerpt-more'>[&#8230;]<\/a><\/p>\n","protected":false},"author":643,"featured_media":0,"parent":0,"menu_order":0,"comment_status":"closed","ping_status":"open","template":"","meta":{"footnotes":""},"class_list":["post-305","page","type-page","status-publish","hentry","post-seq-1","post-parity-odd","meta-position-corners","fix"],"_links":{"self":[{"href":"https:\/\/convegni.unica.it\/instrumenta7\/wp-json\/wp\/v2\/pages\/305","targetHints":{"allow":["GET"]}}],"collection":[{"href":"https:\/\/convegni.unica.it\/instrumenta7\/wp-json\/wp\/v2\/pages"}],"about":[{"href":"https:\/\/convegni.unica.it\/instrumenta7\/wp-json\/wp\/v2\/types\/page"}],"author":[{"embeddable":true,"href":"https:\/\/convegni.unica.it\/instrumenta7\/wp-json\/wp\/v2\/users\/643"}],"replies":[{"embeddable":true,"href":"https:\/\/convegni.unica.it\/instrumenta7\/wp-json\/wp\/v2\/comments?post=305"}],"version-history":[{"count":20,"href":"https:\/\/convegni.unica.it\/instrumenta7\/wp-json\/wp\/v2\/pages\/305\/revisions"}],"predecessor-version":[{"id":560,"href":"https:\/\/convegni.unica.it\/instrumenta7\/wp-json\/wp\/v2\/pages\/305\/revisions\/560"}],"wp:attachment":[{"href":"https:\/\/convegni.unica.it\/instrumenta7\/wp-json\/wp\/v2\/media?parent=305"}],"curies":[{"name":"wp","href":"https:\/\/api.w.org\/{rel}","templated":true}]}}