{"id":345,"date":"2018-03-05T11:56:13","date_gmt":"2018-03-05T10:56:13","guid":{"rendered":"http:\/\/convegni.unica.it\/iccst-14\/?page_id=345"},"modified":"2019-06-04T06:57:07","modified_gmt":"2019-06-04T04:57:07","slug":"scientific-program","status":"publish","type":"page","link":"https:\/\/convegni.unica.it\/iccst-14\/scientific-program\/","title":{"rendered":"Scientific Program"},"content":{"rendered":"<p><img decoding=\"async\" class=\"wp-image-496 aligncenter\" src=\"http:\/\/convegni.unica.it\/iccst-14\/files\/2018\/03\/IMG_4381-2B-300x200.jpg\" alt=\"\" width=\"626\" height=\"418\" srcset=\"https:\/\/convegni.unica.it\/iccst-14\/files\/2018\/03\/IMG_4381-2B-300x200.jpg 300w, https:\/\/convegni.unica.it\/iccst-14\/files\/2018\/03\/IMG_4381-2B-150x100.jpg 150w, https:\/\/convegni.unica.it\/iccst-14\/files\/2018\/03\/IMG_4381-2B-768x512.jpg 768w, https:\/\/convegni.unica.it\/iccst-14\/files\/2018\/03\/IMG_4381-2B-1024x683.jpg 1024w\" sizes=\"(max-width: 626px) 100vw, 626px\" \/><\/p>\n<p style=\"text-align: center\"><em>&#8220;Rada di S. Efisio&#8221; Nora (7 Km from the Conference Venue)<\/em><\/p>\n<p style=\"text-align: center\"><strong><img decoding=\"async\" class=\" wp-image-430 aligncenter\" src=\"http:\/\/convegni.unica.it\/iccst-14\/files\/2018\/03\/logo-1.jpg\" alt=\"\" width=\"166\" height=\"123\" srcset=\"https:\/\/convegni.unica.it\/iccst-14\/files\/2018\/03\/logo-1.jpg 282w, https:\/\/convegni.unica.it\/iccst-14\/files\/2018\/03\/logo-1-150x111.jpg 150w\" sizes=\"(max-width: 166px) 100vw, 166px\" \/>ICCST-14 Scientific Program<br \/>\n<\/strong><\/p>\n<p style=\"text-align: center\"><strong><a href=\"http:\/\/convegni.unica.it\/iccst-14\/files\/2019\/05\/ICCST-14-Scientific-Program-at-a-glance-1.pdf\">ICCST-14 Scientific Program at a glance<\/a><\/strong><\/p>\n<p><strong>\u00a0<\/strong><\/p>\n<p><strong>June 3, 2019 (Monday)<\/strong><\/p>\n<p><strong>16:30\u00a0\u00a0 <\/strong>Registration<\/p>\n<p><strong>19:30<\/strong>\u00a0\u00a0 Welcome Party<\/p>\n<p><strong>____________________________________________________________<\/strong><\/p>\n<p><strong>June 4, 2019 (Tuesday)<\/strong><\/p>\n<p><strong>8:45-9:00\u00a0\u00a0\u00a0\u00a0\u00a0 <\/strong>Opening<\/p>\n<p><strong><u>Session 1<\/u><\/strong>\u00a0\u00a0\u00a0\u00a0\u00a0\u00a0\u00a0 <em>Chairman <u>Prof. Claudio Santi<\/u><\/em><\/p>\n<p><strong>9:00-9:35<\/strong><\/p>\n<p><strong>PL1<\/strong>\u00a0\u00a0\u00a0\u00a0\u00a0 Thomas G. Back (University of Calgari, Canada)<\/p>\n<p><strong><em>Redox Properties of Organoselenium Compounds in Biology and Beyond<\/em><\/strong><\/p>\n<p>&nbsp;<\/p>\n<p><strong>9:35-10:00<\/strong><\/p>\n<p><strong>IL1<\/strong>\u00a0\u00a0\u00a0\u00a0\u00a0\u00a0 Sangit Kumar (Indian Institute of Science Education and Research (IISER) Bhopal, India)<\/p>\n<p><strong><em>Organochalcogens: Synthesis, Antioxidant and Oxidant Biological Catalytic Activities<\/em><\/strong><\/p>\n<p>&nbsp;<\/p>\n<p><strong>10:00-10:25<\/strong><\/p>\n<p><strong>IL2<\/strong>\u00a0\u00a0\u00a0\u00a0\u00a0\u00a0 Ludger A. Wessjohann (Leibniz Institute of Plant Biochemistry (IPB), Germany)<\/p>\n<p><strong><em>Synthetic, Medicinal and Analytic Studies on Organoselenides: Multi Component Reactions, Redox and Cancer Properties &amp; Proteomics<\/em><\/strong><\/p>\n<p>&nbsp;<\/p>\n<p><strong>10.25-10.40<\/strong><\/p>\n<p><strong>OC1<\/strong>\u00a0\u00a0\u00a0\u00a0\u00a0 Thomas Junk (University of Louisiana at Lafayette, USA)<\/p>\n<p><strong><em>Novel Organotellurium Heterocycles Derived from Bis(2-Aminophenyl)ditelluride<\/em><\/strong><\/p>\n<p>&nbsp;<\/p>\n<p><strong>10:40-11:10<\/strong> <strong>Coffee break<\/strong><\/p>\n<p><strong><u>\u00a0<\/u><\/strong><\/p>\n<p><strong><u>Session 2<\/u><\/strong>\u00a0\u00a0\u00a0\u00a0\u00a0\u00a0\u00a0 <em>Chairman <u>Prof. Toshiaki Murai <\/u><\/em><\/p>\n<p><strong>11:10-11:35<\/strong><\/p>\n<p><strong>IL3<\/strong> \u00a0\u00a0\u00a0\u00a0\u00a0 Stefano Menichetti (Universit\u00e0 degli Studi di Firenze, Italy)<\/p>\n<p><strong><em>Selenium Nucleophiles and Sulfur Electrophiles: An Exciting Synthetic Combination<\/em><\/strong><\/p>\n<p><em>\u00a0<\/em><\/p>\n<p><strong>11:35-12:00<\/strong><\/p>\n<p><strong>IL4<\/strong> Thomas Wirth (Cardiff University, U.K.)<\/p>\n<p><strong><em>Selenoorganic Chemistry and Beyond<\/em><\/strong><\/p>\n<p><em>\u00a0<\/em><\/p>\n<p><strong>12:00-12:25<\/strong><\/p>\n<p><strong>IL5<\/strong> Ignacio Vargas-Baca<em> (<\/em>McMaster University, Hamilton, Canada<em>)<\/em><\/p>\n<p><em><strong>Expanding the Supramolecular Chemistry of<\/strong><\/em><strong><em> iso-Chalcogenazole<\/em><\/strong> <em><strong>N-oxides<\/strong><\/em><\/p>\n<p><em>\u00a0<\/em><\/p>\n<p><strong>12:25-12:40<\/strong><\/p>\n<p><strong>OC2<\/strong> Gianluca Ciancaleoni (Universit\u00e0 degli Studi di Pisa, Italy)<\/p>\n<p><strong><em>Influence of Weak Interactions on the Selenium Bonding and Reactivity<\/em><\/strong><\/p>\n<p><em>\u00a0<\/em><\/p>\n<p><strong>12:40-12:55<\/strong><\/p>\n<p><strong>OC3\u00a0\u00a0\u00a0\u00a0 <\/strong>Torubaev Yury V. (N.S. Kurnakov Institute of General and Inorganic Chemistry, Russian Academy of Sciences, Moscow<em>, <\/em>Russia)<\/p>\n<p><strong><em>Halogen and Chalcogen Bonding in the Co-crystals of Organotellurides<\/em><\/strong><\/p>\n<p>&nbsp;<\/p>\n<p><strong>12:55-14:15 <\/strong>\u00a0\u00a0\u00a0\u00a0\u00a0\u00a0\u00a0\u00a0\u00a0\u00a0\u00a0 <strong>Lunch<\/strong><\/p>\n<p>&nbsp;<\/p>\n<p><strong><u>Session 3<\/u><\/strong>\u00a0\u00a0\u00a0\u00a0\u00a0\u00a0\u00a0 <em>Chairman <u>Prof. John F. Corrigan<\/u><\/em><\/p>\n<p><strong>14:15-14:50<\/strong><\/p>\n<p><strong>PL2<\/strong>\u00a0\u00a0\u00a0\u00a0\u00a0 John G. Brennan (Rutgers, The State University of New Jersey, USA)<\/p>\n<p><strong><em>Lanthanides and Actinides with S\/Se\/Te: Molecules, Nanoscale Clusters, and Solid-State Materials<\/em><\/strong><\/p>\n<p>&nbsp;<\/p>\n<p><strong>14:50-15:15<\/strong><\/p>\n<p><strong>IL6<\/strong>\u00a0\u00a0\u00a0\u00a0\u00a0\u00a0 Jens Beckmann (University of Bremen, Germany)<\/p>\n<p><strong><em>Through-Space Interactions between Phosphorus and Tellurium in peri-Substituted Scaffolds<\/em><\/strong><\/p>\n<p>&nbsp;<\/p>\n<p><strong>15:15-15:40<\/strong><\/p>\n<p><strong>IL7<\/strong>\u00a0\u00a0\u00a0\u00a0\u00a0\u00a0 Risto S. Laitinen (University of Oulu, Finland)<\/p>\n<p><strong><em>Chalcogen-Chalcogen Secondary Bonding Interactions<\/em><\/strong><\/p>\n<p><em><strong>\u00a0<\/strong><\/em><\/p>\n<p><strong>15:40-15:55<\/strong><\/p>\n<p><strong>OC4\u00a0\u00a0\u00a0\u00a0 <\/strong>Wolfgang Weigand (Friedrich-Schiller-Universit\u00e4t Jena, Germany)<\/p>\n<p><strong><em>Macrocyclic Polytelluroethers \u2013 Synthesis and Coordination Chemistry<\/em><\/strong><\/p>\n<p><em><strong>\u00a0<\/strong><\/em><\/p>\n<p><strong>15:55-16:10<\/strong><\/p>\n<p><strong>OC5\u00a0\u00a0\u00a0\u00a0 <\/strong>Harkesh B. Singh (Indian Institute of Technology Bombay, India)<\/p>\n<p><strong><em>Organotellurium Cations and Telluroxanes Stabilized by Intramolecular Coordination<\/em><\/strong><\/p>\n<p><em><strong>\u00a0<\/strong><\/em><\/p>\n<p><strong>16:10-16:30<\/strong> <strong>Coffee break<\/strong><\/p>\n<p><strong>\u00a0<\/strong><\/p>\n<p><strong><u>Session 4<\/u><\/strong>\u00a0\u00a0\u00a0\u00a0\u00a0\u00a0\u00a0 <em>Chairman <u>Prof. Diego Alves<\/u><\/em><\/p>\n<p><strong>16:30-16:45<\/strong><\/p>\n<p><strong>OC6<\/strong>\u00a0\u00a0\u00a0\u00a0 Mariola Zieli\u0144ska-B\u0142ajet (Wroc\u0142aw University of Science and Technology, Poland)<\/p>\n<p><strong><em>Selenoureas. New Cinchona Alkaloid Derivatives as Bifunctional Organocatalysts<\/em><\/strong><\/p>\n<p><strong>\u00a0<\/strong><\/p>\n<p><strong>16:45-17:00<\/strong><\/p>\n<p><strong>OC7<\/strong>\u00a0\u00a0\u00a0\u00a0 Jos\u00e9 G Fern\u00e1ndez-Bola\u00f1os (Universidad de Seville, Spain)<\/p>\n<p><em>Organoselenium Compounds as Anti-Alzheimer\u00b4s and <\/em><em>Antiproliferative Agents<\/em><\/p>\n<p>&nbsp;<\/p>\n<p><strong>17:00-17:15<\/strong><\/p>\n<p><strong>OC8\u00a0\u00a0\u00a0\u00a0 <\/strong>Jacek \u015acianowski (Nicolaus Copernicus University in Torun, Poland)<\/p>\n<p><strong><em>Organoselenium Compounds Decorated with Monoterpene Skeletons<\/em><\/strong><\/p>\n<p>&nbsp;<\/p>\n<p><strong>17:15-17:30<\/strong><\/p>\n<p><strong>OC9\u00a0\u00a0\u00a0\u00a0 <\/strong>Francesca Marini (Universit\u00e0 di Perugia, Italy)<\/p>\n<p><em>A Selenone-mediated Multicomponent Strategy for the Synthesis of Spirooxindoles Derivatives<\/em><\/p>\n<p><em>\u00a0<\/em><\/p>\n<p><strong>17:30-19:00<\/strong> <strong>Poster Session <a href=\"http:\/\/convegni.unica.it\/iccst-14\/files\/2019\/05\/Program-Poster-Presentations-PP.pdf\">Program Poster Presentations (PP)<\/a> [Group Photo]<br \/>\n<\/strong><\/p>\n<p><strong>____________________________________________________________<\/strong><\/p>\n<p><strong>June 5, 2019 (Wednesday)<\/strong><\/p>\n<p><strong><u>Session 5<\/u><\/strong>\u00a0\u00a0\u00a0\u00a0\u00a0\u00a0\u00a0 <em>Chairman <u>Prof. Gianluca Ciancaleoni<\/u><\/em><\/p>\n<p><strong>8:45-9:20<\/strong><\/p>\n<p><strong>PL3<\/strong>\u00a0\u00a0\u00a0\u00a0\u00a0 Govindasamy Mugesh (Indian Institute of Science, Bangalore, India)<\/p>\n<p><strong><em>Selenium and Thyroid: Synthetic Organoselenium Compounds as Iodothyronine Deiodinase Mimetics <\/em><\/strong><\/p>\n<p><strong>\u00a0<\/strong><\/p>\n<p><strong>9:20-9:45 <\/strong><\/p>\n<p><strong>IL8<\/strong>\u00a0\u00a0\u00a0\u00a0\u00a0\u00a0 Norman Metanis (The Hebrew University of Jerusalem, Jerusalem, Israel)<\/p>\n<p><strong><em>Selenium Chemistry as a Tool to Study Protein Science<\/em><\/strong><\/p>\n<p><em><strong>\u00a0<\/strong><\/em><\/p>\n<p><strong>9:45-10:10<\/strong><\/p>\n<p><strong>IL9\u00a0\u00a0\u00a0\u00a0\u00a0\u00a0 <\/strong>Huaping Xu (Tsinghua University, Beijing, P.R. China)<\/p>\n<p><strong><em>Selenium-containing Polymer for Adaptive and Biomedical Materials<\/em><\/strong><\/p>\n<p><em><strong>\u00a0<\/strong><\/em><\/p>\n<p><strong>10.10-10.25<\/strong><\/p>\n<p><strong>OC10<\/strong>\u00a0\u00a0\u00a0 Dwight Seferos (University of Toronto, Canada)<\/p>\n<p><strong><em>Tellurium-Containing Conducting Polymers and Photocatalysts<\/em><\/strong><\/p>\n<p>&nbsp;<\/p>\n<p><strong>10.25-10.40<\/strong><\/p>\n<p><strong>OC11\u00a0\u00a0 <\/strong>Andrey V. Zibarev (N.N. Vorozhtsov Institute of Organic Chemistry, Russian Academy of Sciences, Siberian Branch, Novosibirsk, Russia)<\/p>\n<p><strong><em>Structurally Defined Radical Anions of 2,1,3-Benzochalcogenadiazoles<\/em><\/strong><\/p>\n<p><strong>\u00a0<\/strong><\/p>\n<p><strong>10:40-11:10<\/strong> <strong>Coffee break<\/strong><\/p>\n<p>&nbsp;<\/p>\n<p><strong><u>Session 6<\/u><\/strong>\u00a0\u00a0\u00a0\u00a0\u00a0\u00a0\u00a0 <em>Chairman <u>Prof. <\/u><\/em><em><u>K. Indira Priyadarsini<\/u><\/em><\/p>\n<p><strong>11:10-11:35<\/strong><\/p>\n<p><strong>IL10<\/strong>\u00a0\u00a0\u00a0\u00a0 Michael J. Davies (University of Copenhagen, Denmark)<\/p>\n<p><em><strong>Reaction of Selenium Compounds with Reactive Oxidants and the Control of Oxidative Stress<\/strong><\/em><\/p>\n<p>&nbsp;<\/p>\n<p><strong>11:35-12:00<\/strong><\/p>\n<p><strong>IL11<\/strong>\u00a0\u00a0\u00a0\u00a0 Sougat Misra (Karolinska Institutet, Sweden)<\/p>\n<p><em><strong>Unraveling the Potency of Two Simple Selenium Compounds as Experimental Cancer Chemotherapeutics<\/strong><\/em><\/p>\n<p>&nbsp;<\/p>\n<p><strong>12:00-12:25<\/strong><\/p>\n<p><strong>IL12<\/strong>\u00a0\u00a0\u00a0\u00a0 Carl H. Schiesser (Seleno Therapeutics Pty Ltd, Brighton East, Australia)<\/p>\n<p><strong><em>1,4-Anhydro-4-seleno-d-talitol<\/em><\/strong><strong><em> (SeTal): A remarkable Selenium-containing Therapeutic Molecule<\/em><\/strong><\/p>\n<p><em><strong>\u00a0<\/strong><\/em><\/p>\n<p><em><strong>12:25-12:40<\/strong><\/em><\/p>\n<p><strong>OC12\u00a0\u00a0\u00a0 <\/strong>Jing Su (Nanjing Tech University, Nanjing, P.R. China)<\/p>\n<p><strong><em>Cancer Theranostic Platform Based upon Ferrocenylselenoethers<\/em><\/strong><\/p>\n<p><em>\u00a0<\/em><\/p>\n<p><strong>12:40-12:55<\/strong><\/p>\n<p><strong>OC13\u00a0\u00a0 <\/strong>Kei Goto (School of Science, Tokyo Institute of Technology, Japan)<\/p>\n<p><strong><em>Synthesis and Reactions of Selenocysteine-Derived Selenenic Acids Stabilized by a Nano-Sized Molecular Cradle<\/em><\/strong><\/p>\n<p>&nbsp;<\/p>\n<p><strong>12:55-14:15 <\/strong>\u00a0\u00a0\u00a0\u00a0\u00a0\u00a0\u00a0\u00a0\u00a0\u00a0\u00a0 <strong>Lunch<\/strong><\/p>\n<p><strong>14:15-18:40 <\/strong>\u00a0\u00a0\u00a0\u00a0\u00a0\u00a0\u00a0\u00a0\u00a0\u00a0\u00a0 <strong>Conference Excursion<\/strong><\/p>\n<p><strong>____________________________________________________________<\/strong><\/p>\n<p><strong>June 6, 2019 (Thursday)<\/strong><\/p>\n<p><strong><u>Session 7<\/u><\/strong>\u00a0\u00a0\u00a0\u00a0\u00a0\u00a0\u00a0 <em>Chairman <u>Prof.<\/u> <u>Eder J. Lenard<\/u><\/em><em><u>\u00e3o<\/u><\/em><\/p>\n<p><strong>8:45-9:20<\/strong><\/p>\n<p><strong>PL4<\/strong>\u00a0\u00a0\u00a0\u00a0\u00a0 Xiaodan Zhao (Sun Yat-Sen University, Guangzhou, P.R. China)<\/p>\n<p><strong><em>Chiral Bifunctional Chalcogenide Catalysis for Enantioselective Electrophilic Trifluoromethylthiolation, Arylthiolation, and Chlorination<\/em><\/strong><\/p>\n<p><em><strong>\u00a0<\/strong><\/em><\/p>\n<p><strong>9:20-9:45<\/strong><\/p>\n<p><strong>IL13\u00a0\u00a0\u00a0\u00a0 <\/strong>Thierry Billard (CNRS-University of Lyon, France)<\/p>\n<p><strong><em>Merging of Fluorinated Groups and Selenium: Why? How?<\/em><\/strong><\/p>\n<p><em><strong>\u00a0<\/strong><\/em><\/p>\n<p><strong>9:45-10:10<\/strong><\/p>\n<p><strong>IL14\u00a0\u00a0\u00a0\u00a0 <\/strong>Toshiaki Murai (Gifu University, Japan)<\/p>\n<p><em><strong>New Molecular Tools: Phosphorochalcogenoic Acid Derivatives Having a Binaphthyl Group<\/strong><\/em><\/p>\n<p><em><strong>\u00a0<\/strong><\/em><\/p>\n<p><strong>10:10-10:25<\/strong><\/p>\n<p><strong>OC14\u00a0\u00a0 <\/strong>Vimal K. Jain (UM-DAE Centre for Excellence in Basic Sciences, Mumbai, India)<\/p>\n<p><strong><em>Pyridyl and Pyrimidyl Chalcogenolates of Coinage Metals and Their Utility as Molecular Precursors for the Preparation of Metal Chalcogenides<\/em><\/strong><\/p>\n<p><em><strong>\u00a0<\/strong><\/em><\/p>\n<p><strong>10:25-10:40<\/strong><\/p>\n<p><strong>OC15\u00a0\u00a0 <\/strong>Cristian Silvestru (Babe\u015f-Bolyai University, Cluj-Napoca, Romania)<\/p>\n<p><strong><em>Main Group Heavy Metal Compounds Containing Tetraphenylimidodiselenodiphosphinato Ligand<\/em><\/strong><\/p>\n<p>&nbsp;<\/p>\n<p><strong>10:40-11:10<\/strong> <strong>Coffee break<\/strong><\/p>\n<p>&nbsp;<\/p>\n<p><strong><u>Session 8<\/u><\/strong>\u00a0\u00a0\u00a0\u00a0\u00a0\u00a0\u00a0 <em>Chairman <u>Prof. Thomas Wirth<\/u><\/em><\/p>\n<p><strong>11:10-11:35<\/strong><\/p>\n<p><strong>IL15<\/strong>\u00a0\u00a0\u00a0\u00a0 Alexandre Breder (Georg-August-Universit\u00e4t G\u00f6ttingen, Germany)<\/p>\n<p><em><strong>Light-Driven Selenium-<\/strong><\/em><em><strong>\u03c0<\/strong><\/em><em><strong>-Acid Catalysis \u2013 From Concepts to Applications<\/strong><\/em><\/p>\n<p><em><strong>\u00a0<\/strong><\/em><\/p>\n<p><strong>11:35-12:00<\/strong><\/p>\n<p><strong>IL16\u00a0\u00a0\u00a0\u00a0 <\/strong>Vladimir A. Potapov (A. E. Favorsky Institute of Chemistry Russian Academy of Sciences, Siberian Branch, Irkutsk, Russia)<\/p>\n<p><em><strong>Efficient Regio- and Stereo-selective Approaches to Novel Families of Organochalcogen Functionalized Compounds Based on Electrophilic Selenium- and Tellurium-containing Reagents<\/strong><\/em><\/p>\n<p><em><strong>\u00a0<\/strong><\/em><\/p>\n<p><strong>12:00-12:25<\/strong><\/p>\n<p><strong>IL17<\/strong><strong> \u00a0\u00a0\u00a0 <\/strong>Eder Jo\u00e3o Lenard\u00e3o <em>(<\/em>Universidade Federal de Pelotas, Brazil<em>)<\/em><\/p>\n<p><strong><em>New Strategies to Prepare Chalcogen-functionalized Heterocycles<\/em><\/strong><\/p>\n<p><em><strong>\u00a0<\/strong><\/em><\/p>\n<p><strong>12:25-12:40<\/strong><\/p>\n<p><strong>OC16\u00a0\u00a0 <\/strong>Lukas Vogel (Ruhr-University Bochum, Germany)<\/p>\n<p><strong><em>Multidentate Chalcogen Bond Donors in Organic Synthesis<\/em><\/strong><\/p>\n<p><em>\u00a0<\/em><\/p>\n<p><strong>12:40-12:55<\/strong><\/p>\n<p><strong>OC17\u00a0\u00a0 <\/strong>Nicolas Biot (<em>Cardiff University, U.K<\/em>.)<\/p>\n<p><strong><em>Programming Recognition Arrays Through double Chalcogen-Bonding Interactions<\/em><\/strong><\/p>\n<p>&nbsp;<\/p>\n<p><strong>12:55-14:15 <\/strong>\u00a0\u00a0\u00a0\u00a0\u00a0\u00a0\u00a0\u00a0\u00a0\u00a0\u00a0 <strong>Lunch<\/strong><\/p>\n<p>&nbsp;<\/p>\n<p><strong><u>Session 9<\/u><\/strong><em><strong>\u00a0\u00a0\u00a0\u00a0\u00a0\u00a0\u00a0 <\/strong><\/em><em>Chairman <u>Prof. Norman Metanis<\/u><\/em><\/p>\n<p><strong>14:15-14:50<\/strong><\/p>\n<p><strong>PL5\u00a0\u00a0\u00a0\u00a0\u00a0 <\/strong>Michio Iwaoka (Tokai University, Hiratsuka, Japan)<\/p>\n<p><em><strong>Weak Interaction Network at the Active Site of Selenoenzymes<\/strong><\/em><\/p>\n<p><em><strong>\u00a0<\/strong><\/em><\/p>\n<p><strong>14:50-15:15<\/strong><\/p>\n<p><strong>IL18\u00a0\u00a0\u00a0\u00a0 <\/strong>K. Indira Priyadarsini (Bhabha Atomic Research Centre, Mumbai, India)<\/p>\n<p><strong><em>Free Radical Chemistry and In vivo Biological Studies of Diselenodipropionic acid (DSePA), a Selenocystine Derivative, as a Radiotherapy Adjuvant<\/em><\/strong><\/p>\n<p><em><strong>\u00a0<\/strong><\/em><\/p>\n<p><strong>15:15-15:40<\/strong><\/p>\n<p><strong>IL19<\/strong>\u00a0\u00a0\u00a0\u00a0 Eufr\u00e2nio N. da Silva J\u00fanior (Federal University of Minas Gerais, Belo Horizonte, Brazil)<\/p>\n<p><em><strong>Strategies towards Bioactive Quinoidal Molecules: Synthesis and Antitumor Activity of Selenium-containing Quinones<\/strong><\/em><\/p>\n<p><em><strong>\u00a0<\/strong><\/em><\/p>\n<p><strong>15:40-15:55<\/strong><\/p>\n<p><strong>OC18\u00a0\u00a0 <\/strong>Laura Orian (<em>Universit\u00e0 degli Studi di Padova, Italy<\/em>)<\/p>\n<p><strong><em>Aspects of the S\/Se\/Te Chemistry and Biochemistry of H<sub>2<\/sub>O<sub>2<\/sub> Reduction Disclosed in silico<\/em><\/strong><\/p>\n<p><em><strong>\u00a0<\/strong><\/em><\/p>\n<p><strong>15:55-16:10<\/strong><\/p>\n<p><strong>OC19\u00a0\u00a0 <\/strong>Jason Shearer (Trinity University, San Antonio, USA)<\/p>\n<p><strong><em>Subtle Differences in the Electronic Structure of the Nickel Selenocysteinate vs Cysteinate Bond Renders a Ni-Se Metallopeptide Functionally Inactive<\/em><\/strong><\/p>\n<p><em><strong>\u00a0<\/strong><\/em><\/p>\n<p><strong>16:10-16:30<\/strong> <strong>Coffee break<\/strong><\/p>\n<p><em><strong>\u00a0<\/strong><\/em><\/p>\n<p><strong><u>Session 10<\/u><\/strong>\u00a0\u00a0\u00a0\u00a0\u00a0 <em>Chairman <u>Prof. Vimal K. Jain<\/u><\/em><\/p>\n<p><strong>16:30-16:45<\/strong><\/p>\n<p><strong>OC20\u00a0\u00a0 <\/strong>Norio Nakata (Saitama University, Japan)<\/p>\n<p><strong><em>16-Electron Selenairidacycle: Synthesis, Structure, and Reactivity<\/em><\/strong><\/p>\n<p><em><strong>\u00a0<\/strong><\/em><\/p>\n<p><strong>16:45-17:00<\/strong><\/p>\n<p><strong>OC21\u00a0\u00a0 <\/strong>Yuichiro Mutoh (Tokyo University of Science, Japan)<\/p>\n<p><strong><em>Synthesis and Properties of Cationic Ruthenium Chalcogenocarbonyl Complexes with a Half-sandwich Structure<\/em><\/strong><\/p>\n<p><em><strong>\u00a0<\/strong><\/em><\/p>\n<p><strong>17:00-17:15<\/strong><\/p>\n<p><strong>OC22\u00a0\u00a0 <\/strong>Bekington Myrboh (North Eastern Hill University, Shillong, India)<\/p>\n<p><strong><em>Selenium Dioxide Mediated <\/em><\/strong><strong><em>Reaction of Aryl\/Alkyl Methyl Ketones with Aliphatic\/Aromatic Alcohols Catalyzed by PTSA\u00b7H<sub>2<\/sub>O: A Simple and Convenient Protocol for Easy Access to a Library of \u03b1<\/em><\/strong><strong><em>&#8211;<\/em><\/strong><strong><em>Ketoacetals<\/em><\/strong><\/p>\n<p><em><strong>\u00a0<\/strong><\/em><\/p>\n<p><strong>17:15-17:30<\/strong><\/p>\n<p><strong>OC23\u00a0\u00a0 <\/strong>Jian Zhu (Soochow University, Suzhou, P.R. China)<\/p>\n<p><strong><em>Seleno-Mediated Living Radical Polymerization (Se-LRP): from Fundamental to Application<\/em><\/strong><\/p>\n<p><em><strong>\u00a0<\/strong><\/em><\/p>\n<p><strong>17:30-17:45<\/strong><\/p>\n<p><strong>OC24\u00a0\u00a0 <\/strong>Rohit Singh Chauhan (K.J. Somaiya College of Science and Commerce, Mumbai, India)<\/p>\n<p><strong><em>Reactivity of Hemilabile Organochalcogen Ligands Towards Group 10 metal Precursors <\/em><\/strong><strong><em>[MCl<sub>2<\/sub>(L<\/em><\/strong><em>&#8211;<\/em><strong><em>L)]<\/em><\/strong><strong><em> (<\/em><\/strong><strong><em>L<\/em><\/strong><em>&#8211;<\/em><strong><em>L = PPh<sub>3<\/sub>, dppm, dppe, dppp; M = Ni, Pd, Pt)<\/em><\/strong><\/p>\n<p><em><strong>\u00a0<\/strong><\/em><\/p>\n<p><strong><u>Session 11<\/u><\/strong>\u00a0\u00a0\u00a0\u00a0\u00a0 <em>Chairman <u>Prof. <\/u><\/em><em><u>Eufr\u00e2nio N. da Silva J\u00fanior<\/u><\/em><\/p>\n<p><strong>17:45-19:00<\/strong><\/p>\n<p><strong>S<\/strong><strong>HORT ORAL COMMUNICATIONS<\/strong><strong> (SOC) <a href=\"http:\/\/convegni.unica.it\/iccst-14\/files\/2019\/05\/Program-SOC.pdf\">Program SOC<\/a><br \/>\n<\/strong><\/p>\n<p><strong>\u00a0<\/strong><\/p>\n<p><strong>20:00 GALA DINNER <\/strong><\/p>\n<p><em><strong>___________________________________________________<\/strong><\/em><em><strong>_____________________________<\/strong><\/em><\/p>\n<p><strong>June 7, 2019 (Friday)<\/strong><\/p>\n<p><strong><u>Session 12<\/u><\/strong>\u00a0\u00a0\u00a0\u00a0\u00a0 <em>Chairman <u>Prof. Jens Beckmann<\/u><\/em><\/p>\n<p><strong>8:45-9:20<\/strong><\/p>\n<p><strong>PL6<\/strong>\u00a0\u00a0\u00a0\u00a0\u00a0 Gillian Reid (University of Southampton, U.K.)<\/p>\n<p><strong><em>Chalcogenoether and Chalcogenolate Complexes as Single Source Precursors for Functional Semiconducting Thin Film Materials<\/em><\/strong><\/p>\n<p><strong>\u00a0<\/strong><\/p>\n<p><strong>9:20-9:45<\/strong><\/p>\n<p><strong>IL20<\/strong>\u00a0\u00a0\u00a0\u00a0 John F. Corrigan <em>(<\/em>The University of Western Ontario, London, Ontario, Canada<em>)<\/em><\/p>\n<p><strong><em>N-Heterocyclic Carbene-Stabilized Metal-ESiMe<sub>3<\/sub> Complexes (E = S, Se, Te): Precursors to Coinage Metal-Chalcogenide Clusters with Tunable Optical Properties<\/em><\/strong><\/p>\n<p><em><strong>\u00a0<\/strong><\/em><\/p>\n<p><strong>9:45-10:10<\/strong><\/p>\n<p><strong>IL21\u00a0\u00a0\u00a0\u00a0 <\/strong>Yasumitsu Ogra (Chiba University, Japan)<\/p>\n<p><strong><em>Mechanisms Underlying Selenium Methylation for Urinary Excretion as Trimethylselenonium<\/em><\/strong><\/p>\n<p><em><strong>\u00a0<\/strong><\/em><\/p>\n<p><strong>10:10-10:25<\/strong><\/p>\n<p><strong>OC25\u00a0\u00a0 <\/strong>Fabian Mohr (Bergische Universit\u00e4t Wuppertal, Germany)<\/p>\n<p><strong><em>Copper(I) and Gold(I) Carbene Complexes with Selenourea Ligands<\/em><\/strong><\/p>\n<p>&nbsp;<\/p>\n<p><strong>10:25-10:40<\/strong><\/p>\n<p><strong>OC26\u00a0\u00a0 <\/strong>Anca Silvestru (Babe\u015f-Bolyai University, Cluj-Napoca, Romania)<\/p>\n<p><strong><em>Organochalcogen Compounds as Multidentate Ligands: Synthesis, Structure and Applications<\/em><\/strong><\/p>\n<p>&nbsp;<\/p>\n<p><strong>10:40-11:10<\/strong> <strong>Coffee break<\/strong><\/p>\n<p>&nbsp;<\/p>\n<p><strong><u>Session 13<\/u><\/strong>\u00a0\u00a0\u00a0\u00a0\u00a0 <em>Chairman <u>Prof. Vito Lippolis<\/u><\/em><\/p>\n<p><strong>11:10-11:25<\/strong><\/p>\n<p><strong>OC27\u00a0\u00a0 <\/strong>Katarzyna Bierla <em>(<\/em>Institute of Analytical Sciences (IPREM), Centre National de la Recherche Scientifique, (UMR5254, CNRS-UPPA), Pau, France<em>)<\/em><\/p>\n<p><strong><em>Metodological Developments for Selenometabolite Speciation in Animal Tissues<\/em><\/strong><\/p>\n<p><strong>\u00a0<\/strong><\/p>\n<p><strong>11:25-11:40<\/strong><\/p>\n<p><strong>OC28\u00a0\u00a0 <\/strong>Mao Minoura (Rikkyo University, Tokyo, Japan)<\/p>\n<p><strong><em>Synthesis and Structure of Tetraaryltellurium(IV)<\/em><\/strong><\/p>\n<p>&nbsp;<\/p>\n<p><strong>11:40-11:55<\/strong><\/p>\n<p><strong>OC29\u00a0\u00a0 <\/strong>Xiangqiang Pan <em>(<\/em>Soochow University, Suzhou, P.R. China<em>)<\/em><\/p>\n<p><strong><em>Synthesis and Application of Se-containing Polymers<\/em><\/strong><\/p>\n<p>&nbsp;<\/p>\n<p><strong>11:55-12:10<\/strong><\/p>\n<p><strong>OC30\u00a0\u00a0 <\/strong>Saulius Klima\u0161auskas <em>(<\/em>Vilnius University, Lithuania<em>)<\/em><\/p>\n<p><strong><em>Targeted Incorporation of Selenium for Improved Analysis of Nucleic Acids and Proteins<\/em><\/strong><\/p>\n<p>&nbsp;<\/p>\n<p><strong>12:10-12:45<\/strong><\/p>\n<p><strong>PL7<\/strong>\u00a0\u00a0\u00a0\u00a0\u00a0 Antonio L. Braga (Universidade Federal de Santa Catarina, Florianop\u00f3lis, Brazil)<\/p>\n<p><em><strong>Use of Halogen Species in C-H Bond Chalcogenation via Sustainable Approach<\/strong><\/em><\/p>\n<p><em>\u00a0<\/em><\/p>\n<p><strong>12:45-12:55<\/strong><\/p>\n<p><strong>Closing Remarks<\/strong><\/p>\n<p><strong>\u00a0<\/strong><\/p>\n<p><strong>12:55-14:15 <\/strong>\u00a0\u00a0\u00a0\u00a0\u00a0\u00a0\u00a0\u00a0\u00a0\u00a0\u00a0 <strong>Lunch<\/strong><\/p>\n<p><strong>________________________________________________________________________________<\/strong><\/p>\n<p><strong>\u00a0<\/strong><\/p>\n<p>&nbsp;<\/p>\n<p>&nbsp;<\/p>\n","protected":false},"excerpt":{"rendered":"<p>&#8220;Rada di S. Efisio&#8221; Nora (7 Km from the Conference Venue) ICCST-14 Scientific Program ICCST-14 Scientific Program at a glance \u00a0 June 3, 2019 (Monday) 16:30\u00a0\u00a0 Registration 19:30\u00a0\u00a0 Welcome Party ____________________________________________________________ June 4, 2019 (Tuesday) 8:45-9:00\u00a0\u00a0\u00a0\u00a0\u00a0 Opening Session 1\u00a0\u00a0\u00a0\u00a0\u00a0\u00a0\u00a0 Chairman Prof. Claudio Santi 9:00-9:35 PL1\u00a0\u00a0\u00a0\u00a0\u00a0 Thomas G. Back (University of Calgari, Canada) Redox Properties of Organoselenium Compounds in Biology and Beyond &nbsp; 9:35-10:00 IL1\u00a0\u00a0\u00a0\u00a0\u00a0\u00a0 Sangit Kumar (Indian Institute of Science Education and Research (IISER) Bhopal, India) Organochalcogens: Synthesis, Antioxidant and Oxidant Biological Catalytic Activities &nbsp; 10:00-10:25 IL2\u00a0\u00a0\u00a0\u00a0\u00a0\u00a0 Ludger A. Wessjohann (Leibniz Institute of Plant Biochemistry (IPB), Germany) Synthetic, Medicinal and <a href='https:\/\/convegni.unica.it\/iccst-14\/scientific-program\/' class='excerpt-more'>[&#8230;]<\/a><\/p>\n","protected":false},"author":2527,"featured_media":0,"parent":0,"menu_order":0,"comment_status":"closed","ping_status":"closed","template":"","meta":{"footnotes":""},"class_list":["post-345","page","type-page","status-publish","hentry","post-seq-1","post-parity-odd","meta-position-corners","fix"],"_links":{"self":[{"href":"https:\/\/convegni.unica.it\/iccst-14\/wp-json\/wp\/v2\/pages\/345","targetHints":{"allow":["GET"]}}],"collection":[{"href":"https:\/\/convegni.unica.it\/iccst-14\/wp-json\/wp\/v2\/pages"}],"about":[{"href":"https:\/\/convegni.unica.it\/iccst-14\/wp-json\/wp\/v2\/types\/page"}],"author":[{"embeddable":true,"href":"https:\/\/convegni.unica.it\/iccst-14\/wp-json\/wp\/v2\/users\/2527"}],"replies":[{"embeddable":true,"href":"https:\/\/convegni.unica.it\/iccst-14\/wp-json\/wp\/v2\/comments?post=345"}],"version-history":[{"count":23,"href":"https:\/\/convegni.unica.it\/iccst-14\/wp-json\/wp\/v2\/pages\/345\/revisions"}],"predecessor-version":[{"id":874,"href":"https:\/\/convegni.unica.it\/iccst-14\/wp-json\/wp\/v2\/pages\/345\/revisions\/874"}],"wp:attachment":[{"href":"https:\/\/convegni.unica.it\/iccst-14\/wp-json\/wp\/v2\/media?parent=345"}],"curies":[{"name":"wp","href":"https:\/\/api.w.org\/{rel}","templated":true}]}}