{"id":419,"date":"2015-05-08T14:19:24","date_gmt":"2015-05-08T12:19:24","guid":{"rendered":"http:\/\/convegni.unica.it\/iarg2015\/?page_id=419"},"modified":"2015-06-11T18:08:11","modified_gmt":"2015-06-11T16:08:11","slug":"summer-school-2015","status":"publish","type":"page","link":"https:\/\/convegni.unica.it\/iarg2015\/summer-school-2015\/","title":{"rendered":"Summer School &#8211; 2015"},"content":{"rendered":"<p><span style=\"color: #000360\">Dal 22 al 23 giugno 2015,<\/span><\/p>\n<p><span style=\"color: #000360\">lo GNIG organizza la<strong> Summer School &#8211; 2015<\/strong>, coordinata dal Prof. Luciano Picarelli della Seconda Universit\u00e0 degli Studi di Napoli.<\/span><\/p>\n<p><span style=\"color: #000360\">Le lezioni, del tutto gratuite, si terrenno presso l&#8217;<strong>aula<\/strong> <strong>V<\/strong> della Facolt\u00e0 di Ingegneria dell&#8217;Universit\u00e0 di Cagliari e si concluderanno nella mattinata del 24 giugno con una <em>lectio magistralis<\/em> del Prof. emerito Carlo Viggiani.<\/span><\/p>\n<p><span style=\"color: #000360\">Le tematiche proposte quest&#8217;anno spaziano dal comportamento meccanico dei terreni coesivi ed incoerenti saturi, al ruolo della parziale saturazione sulla loro risposta meccanica. Non mancheranno esempi di applicazioni al finito inerenti gli aspetti discussi alla scala dell&#8217;elemento di volume.<\/span><\/p>\n<p><span style=\"color: #000360\">La Scuola si rivolge principalmente agli studenti delle Scuole di Dottorato delle Universit\u00e0 Italiane interessati a temi di ricerca negli argomenti del settore geotecnico.<\/span><br \/>\n<span style=\"color: #000360\"> Il programma definitivo delle lezioni \u00e8 disponibile al seguente link:<\/span><\/p>\n<p><span style=\"color: #28abe0\"><a style=\"color: #28abe0\" href=\"http:\/\/convegni.unica.it\/iarg2015\/files\/2015\/06\/Summer-school_Programma1.pdf\"> Summer school_Programma <\/a><\/span><\/p>\n<p><span style=\"color: #000360\">Si prega di comunicare l&#8217;intenzione a prendere parte a questa iniziativa inviando una mail di adesione all&#8217;attenzione del dott. ing. Giuseppe Tropeano (<span style=\"color: #28abe0\"><a style=\"color: #28abe0\" href=\"mailto:giuseppe.tropeano@unica.it?subject=[Summer School - 2015]\">giuseppe.tropeano@unica.it<\/a><\/span>).<\/span><\/p>\n","protected":false},"excerpt":{"rendered":"<p>Dal 22 al 23 giugno 2015, lo GNIG organizza la Summer School &#8211; 2015, coordinata dal Prof. Luciano Picarelli della Seconda Universit\u00e0 degli Studi di Napoli. Le lezioni, del tutto gratuite, si terrenno presso l&#8217;aula V della Facolt\u00e0 di Ingegneria dell&#8217;Universit\u00e0 di Cagliari e si concluderanno nella mattinata del 24 giugno con una lectio magistralis &hellip; <a href=\"https:\/\/convegni.unica.it\/iarg2015\/summer-school-2015\/\" class=\"more-link\">Continua a leggere <span class=\"screen-reader-text\">Summer School &#8211; 2015<\/span><\/a><\/p>\n","protected":false},"author":2398,"featured_media":0,"parent":0,"menu_order":6,"comment_status":"closed","ping_status":"closed","template":"","meta":{"footnotes":""},"class_list":["post-419","page","type-page","status-publish","hentry"],"_links":{"self":[{"href":"https:\/\/convegni.unica.it\/iarg2015\/wp-json\/wp\/v2\/pages\/419","targetHints":{"allow":["GET"]}}],"collection":[{"href":"https:\/\/convegni.unica.it\/iarg2015\/wp-json\/wp\/v2\/pages"}],"about":[{"href":"https:\/\/convegni.unica.it\/iarg2015\/wp-json\/wp\/v2\/types\/page"}],"author":[{"embeddable":true,"href":"https:\/\/convegni.unica.it\/iarg2015\/wp-json\/wp\/v2\/users\/2398"}],"replies":[{"embeddable":true,"href":"https:\/\/convegni.unica.it\/iarg2015\/wp-json\/wp\/v2\/comments?post=419"}],"version-history":[{"count":21,"href":"https:\/\/convegni.unica.it\/iarg2015\/wp-json\/wp\/v2\/pages\/419\/revisions"}],"predecessor-version":[{"id":662,"href":"https:\/\/convegni.unica.it\/iarg2015\/wp-json\/wp\/v2\/pages\/419\/revisions\/662"}],"wp:attachment":[{"href":"https:\/\/convegni.unica.it\/iarg2015\/wp-json\/wp\/v2\/media?parent=419"}],"curies":[{"name":"wp","href":"https:\/\/api.w.org\/{rel}","templated":true}]}}