{"id":460,"date":"2019-01-31T10:16:38","date_gmt":"2019-01-31T09:16:38","guid":{"rendered":"http:\/\/convegni.unica.it\/hicov\/?page_id=460"},"modified":"2019-02-07T09:49:54","modified_gmt":"2019-02-07T08:49:54","slug":"list-of-accepted-abstracts","status":"publish","type":"page","link":"https:\/\/convegni.unica.it\/hicov\/conference-program\/list-of-accepted-abstracts\/","title":{"rendered":"List of accepted abstracts"},"content":{"rendered":"<p>I\u00f1aki Alegria (University of the Basque Country), Ainara Estarrona (CNRS IKER), Izaskun Etxeberria (University of the Basque Country), Ricardo Etxepare (University of the Basqye Country), Celine Mounole (University of Pau and Pays de l&#8217;Adour), Manuel Padilla-Moyano (University of Pau and Pays de l&#8217;Adour), <a href=\"http:\/\/convegni.unica.it\/hicov\/files\/2019\/01\/Alegria-et-al-Elaborating.pdf\"><em>Elaborating a historical corpus of Basque<\/em><\/a><\/p>\n<p>Andr\u00e9s Enrique-Arias (University of the Balearic Islands), <a href=\"http:\/\/convegni.unica.it\/hicov\/files\/2019\/01\/Arias.pdf\"><em>The Corpus Mallorca. Advantages of a dual edition system for a historical corpus<\/em><\/a><\/p>\n<p>Kristin Bech, Alexander Pfaff (University of Oslo), <a href=\"http:\/\/convegni.unica.it\/hicov\/files\/2019\/01\/Bech_Pfaff.pdf\"><em>Annotating noun phrases in early Germanic languages<\/em><\/a><\/p>\n<p>Tam Blaxter (University of Cambridge),\u00a0<a href=\"http:\/\/convegni.unica.it\/hicov\/files\/2019\/01\/Blaxter.pdf\"><em>Geographical evidence for the morphosyntax of genitive loss in the history of Norwegian<\/em><\/a><\/p>\n<p>Andrew Cooper (Stockholm University), <a href=\"http:\/\/convegni.unica.it\/hicov\/files\/2019\/01\/Cooper.pdf\"><em>Designing a metrically annotated corpus of Historical English verse<\/em><\/a><\/p>\n<p>Ainara Estarrona (CNRS IKER), Izaskun Etxeberria (UPV\/EHU), Ricardo Etxepare (CNRS IKER), C\u00e9line Mounole (UPPA IKER), Manuel Padilla (CNRS IKER), Ander Soraluze (CNRS IKER), <a href=\"http:\/\/convegni.unica.it\/hicov\/files\/2019\/01\/Alegria-et-al-Computational.pdf\"><em>Computational techniques for normalization and analysis of Basque historical texts<\/em><\/a><\/p>\n<p>W\u0142odzimierz Gruszczy\u0144ski, Aleksandra Wieczorek (Polish Academy of Sciences), <a href=\"http:\/\/convegni.unica.it\/hicov\/files\/2019\/01\/Gruszczynski-Wieczorek.pdf\"><em>Inflectional variation in the historical corpus on an example of masculine animate nouns in the 17<sup>th<\/sup> and 18<sup>th<\/sup> century Polish texts<\/em><\/a><\/p>\n<p>Karin Harbusch (University of Koblenz-Landau), Gerard Kempen (Max Planck Institute for Psycholinguistics, Nijmegen), Ans van Kemenade ( Radboud University, Nijmegen), <a href=\"http:\/\/convegni.unica.it\/hicov\/files\/2019\/01\/Harbusch_Kempen_vanKemenade.pdf\"><em>High verb frequency as an accessibility parameter promoting early verb placement in main clauses of OHG, OS and OE<\/em><\/a><\/p>\n<p>Tom S Juzek, Stefan Fischer, Pauline Krielke, Stefania Degaetano-Ortlieb, Elke Teich (Saarland University), <a href=\"http:\/\/convegni.unica.it\/hicov\/files\/2019\/01\/Juzek-et-al.pdf\"><em>Challenges of parsing a historical corpus of Scientific English<\/em><\/a><\/p>\n<p>Daniel K\u00f6lligan, Uta Rein\u00f6hl, B\u00f6rge Kiss, Claes Neuefeind, Francisco Mondaca, Patrick Sahle (University of Cologne), <a href=\"http:\/\/convegni.unica.it\/hicov\/files\/2019\/01\/Koelligan-et-al.pdf\"><em>VedaWeb \u2013 the Role of Annotations in Analyzing Ancient Indo-Aryan Texts<\/em><\/a><\/p>\n<p>Olga Lyashevskaya, (National Research University, Moscow), Yves Scherrer (University of Helsinki), Achim\u00a0Rabus (University of Freiburg), <a href=\"http:\/\/convegni.unica.it\/hicov\/files\/2019\/01\/Lyashevskaya_Scherrer_Rabus.pdf\"><em>Variation in pre-modern Slavic corpus data and accuracy of neural tagging<\/em><\/a><\/p>\n<p>Olga Lyashevskaya (National Research University, Moscow) Dmitry Sichinava (Vinogradov Institute of the Russian Language RAS), <a href=\"http:\/\/convegni.unica.it\/hicov\/files\/2019\/01\/Lyashevskaya_Sichinava.pdf\"><em>Spelling variation and word clusters in the Middle Russian Corpus<\/em><\/a><\/p>\n<p>Marieke Meelen (University of Cambridge), <a href=\"http:\/\/convegni.unica.it\/hicov\/files\/2019\/01\/Meelen.pdf\"><em>Creating PARSHCWL, the Parsed Historical Corpus of the Welsh Language<\/em><\/a><\/p>\n<p>Mikolaj Nkollo (Adam Mickiewicz University, Pozna\u0144), <a href=\"http:\/\/convegni.unica.it\/hicov\/files\/2019\/01\/Nkollo.pdf\"><em>Historical corpora and variation in clitic X-verb sequences in Classical and early Modern European Portuguese<\/em><\/a><\/p>\n<p>Annick Paternoster (Universit\u00e0 della Svizzera italiana),\u00a0<a href=\"http:\/\/convegni.unica.it\/hicov\/files\/2019\/01\/Paternoster.pdf\"><em>A Quantitative Study of Requests in Nineteenth-Century Italian Conduct Books: Do Authors Practise What They Preach?\u00a0<\/em><\/a><\/p>\n<p>Mathilde Regnault, Sophie Pr\u00e9vost (Universit\u00e9 de Paris 3, Sorbonne Nouvelle), Eric Villemonte de la Clergerie (INRIA), <a href=\"http:\/\/convegni.unica.it\/hicov\/files\/2019\/01\/Regnault-et-al.pdf\"><em>Adapting an Existing French Metagrammar for Old and Middle French<\/em><\/a><\/p>\n<p>Katharine Shields (University College London) <a href=\"http:\/\/convegni.unica.it\/hicov\/files\/2019\/01\/Shields.pdf\"><em>Creating a corpus for Ancient Greek and Hittite Legal language<\/em><\/a><\/p>\n<p>Ivan \u0160imko, Barbara Sonnenhauser (University of Zurich), <a href=\"http:\/\/convegni.unica.it\/hicov\/files\/2019\/01\/Shimko_Sonnenhauser.pdf\"><em>Marking Philological Context in Corpora<\/em><\/a><\/p>\n<p>Carola Trips (University of Mannheim), <a href=\"http:\/\/convegni.unica.it\/hicov\/files\/2019\/01\/Trips.pdf\"><em>The need to extend linguistic annotation in a historical corpus: the case of the PPCME2 and contact-induced change<\/em><\/a><\/p>\n<p>Teodora Vukovi\u0107, Ivan \u0160imko, Barbara Sonnenhauser (University of Zurich), <a href=\"http:\/\/convegni.unica.it\/hicov\/files\/2019\/01\/Vukovic_Simko.pdf\"><em>Keeping linguistic variation across time and space: tagging of a diachronic and diatopic corpus of Balkan Slavic<\/em><\/a><\/p>\n<p>Marcin Woli\u0144ski, Witold Kiera\u015b (Polish Academy of Sciences), <a href=\"http:\/\/convegni.unica.it\/hicov\/files\/2019\/01\/Wolinski_Kieras.pdf\"><em>Corpus-driven modelling of Polish historical inflection<\/em><\/a><\/p>\n","protected":false},"excerpt":{"rendered":"<p>I\u00f1aki Alegria (University of the Basque Country), Ainara Estarrona (CNRS IKER), Izaskun Etxeberria (University of the Basque Country), Ricardo Etxepare (University of the Basqye Country), Celine Mounole (University of Pau and Pays de l&#8217;Adour), Manuel Padilla-Moyano (University of Pau and Pays de l&#8217;Adour), Elaborating a historical corpus of Basque Andr\u00e9s Enrique-Arias (University of the Balearic Islands), The Corpus Mallorca. Advantages &#8230; <a href=\"https:\/\/convegni.unica.it\/hicov\/conference-program\/list-of-accepted-abstracts\/\" class=\"more-link\">Read More<\/a><\/p>\n","protected":false},"author":1074,"featured_media":0,"parent":318,"menu_order":0,"comment_status":"closed","ping_status":"closed","template":"","meta":{"footnotes":""},"class_list":["post-460","page","type-page","status-publish","hentry","no-post-thumbnail"],"_links":{"self":[{"href":"https:\/\/convegni.unica.it\/hicov\/wp-json\/wp\/v2\/pages\/460","targetHints":{"allow":["GET"]}}],"collection":[{"href":"https:\/\/convegni.unica.it\/hicov\/wp-json\/wp\/v2\/pages"}],"about":[{"href":"https:\/\/convegni.unica.it\/hicov\/wp-json\/wp\/v2\/types\/page"}],"author":[{"embeddable":true,"href":"https:\/\/convegni.unica.it\/hicov\/wp-json\/wp\/v2\/users\/1074"}],"replies":[{"embeddable":true,"href":"https:\/\/convegni.unica.it\/hicov\/wp-json\/wp\/v2\/comments?post=460"}],"version-history":[{"count":31,"href":"https:\/\/convegni.unica.it\/hicov\/wp-json\/wp\/v2\/pages\/460\/revisions"}],"predecessor-version":[{"id":600,"href":"https:\/\/convegni.unica.it\/hicov\/wp-json\/wp\/v2\/pages\/460\/revisions\/600"}],"up":[{"embeddable":true,"href":"https:\/\/convegni.unica.it\/hicov\/wp-json\/wp\/v2\/pages\/318"}],"wp:attachment":[{"href":"https:\/\/convegni.unica.it\/hicov\/wp-json\/wp\/v2\/media?parent=460"}],"curies":[{"name":"wp","href":"https:\/\/api.w.org\/{rel}","templated":true}]}}