{"id":318,"date":"2014-09-30T18:04:28","date_gmt":"2014-09-30T16:04:28","guid":{"rendered":"http:\/\/convegni.unica.it\/veritaimmaginenormativita\/?page_id=318"},"modified":"2019-03-25T21:30:00","modified_gmt":"2019-03-25T20:30:00","slug":"conference-program","status":"publish","type":"page","link":"https:\/\/convegni.unica.it\/hicov\/conference-program\/","title":{"rendered":"Conference programme"},"content":{"rendered":"<h4><a href=\"http:\/\/convegni.unica.it\/hicov\/conference-program\/list-of-accepted-abstracts\/\">List of accepted abstracts<\/a><\/h4>\n<h4><strong>Thursday, 4th, Aula Motzo, Sa Duchessa, via Is Mirrionis 1<\/strong><\/h4>\n<p><strong>8.30-9.00:<\/strong> Registration<br \/>\n<strong>9.00-9.30:<\/strong> Opening<br \/>\n<strong>9.30-10.30:<\/strong>\u00a0Invited speaker: Achim Stein (University of Stuttgart), <em>Benefits and problems of annotating historical corpora morphologically and syntactically<\/em><br \/>\n<strong>10.30-11.00:<\/strong> Coffee break<\/p>\n<h5><strong>Session 1: NLP Tools for Historical Corpora<\/strong><\/h5>\n<p><strong>11.00-11.30:<\/strong> Mathilde Regnault, Sophie Pr\u00e9vost (Universit\u00e9 de Paris 3 Sorbonne Nouvelle), Eric Villemonte de la Clergerie (INRIA), <em>Adapting an Existing French Metagrammar for Old and Middle French<br \/>\n<\/em><strong>11.30-12.00:<\/strong> Olga Lyashevskaya (National Research University Moscow), Yves\u00a0Scherrer (University of Helsinki), Achim Rabus (University of Freiburg), <em>Variation in pre-modern Slavic corpus data and accuracy of neural tagging<br \/>\n<\/em><strong>12.00-12.30:<\/strong> Ainara Estarrona (CNRS IKER), Izaskun Etxeberria (UPV\/EHU), Ricardo Etxepare (CNRS IKER), C\u00e9line Mounole (UPPA IKER), Manuel Padilla (CNRS IKER), Ander Soraluze (CNRS IKER), <em>Computational techniques for normalization and analysis of Basque historical texts<\/em><em><br \/>\n<\/em><strong>12.30-13.00:<\/strong>\u00a0Tom S Juzek, Stefan Fischer, Pauline Krielke, Stefania Degaetano-Ortlieb, Elke Teich (Saarland University), <em>Challenges of parsing a historical corpus of Scientific English<\/em><em><br \/>\n<\/em><strong>13.00-14.30:<\/strong> Lunch<\/p>\n<h5><strong>Session 2:\u00a0<\/strong><b>Metadata for Historical Corpora &amp; Preserving Philological Info<\/b><\/h5>\n<p><strong>14.30-15.00:<\/strong>\u00a0Daniel K\u00f6lligan, Uta Rein\u00f6hl, B\u00f6rge Kiss, Claes Neuefeind, Francisco Mondaca, Patrick Sahle (University of Cologne), <em>VedaWeb \u2013 the Role of Annotations in Analyzing Ancient Indo-Aryan Texts<br \/>\n<\/em><strong>15.00-15.30:\u00a0<\/strong>Olga Lyashevskaya (National Research University, Moscow), Dmitry Sichinava (Vinogradov Institute of the Russian Language RAS), <em>Spelling variation and word clusters in the Middle Russian Corpus<\/em><br \/>\n<strong>15.30-16.00:\u00a0<\/strong>Ivan \u0160imko, Barbara Sonnenhauser (University of Zurich), <em>Marking Philological Context in Corpora<\/em><br \/>\n<strong>16.00-16.30:<\/strong> Coffee break<br \/>\n<strong>16.30-17.30:<\/strong> Invited speaker: Maarten Janssen (University of Coimbra),\u00a0<em>A full integration between TEI and corpus linguistics<\/em><br \/>\n<strong>17.30-18.00:\u00a0<\/strong>Nicoletta Puddu, Elena Maccioni, Giulia Murgia, Luigi Talamo (University of Cagliari), <em>Designing and annotating\u00a0<\/em><em>the Early Modern Sardinian Corpus<\/em><em><br \/>\n<\/em><strong>18.00-18.30:\u00a0<\/strong>Andr\u00e9s Enrique-Arias (University of the Balearic Islands), <em>The Corpus Mallorca. Advantages of a dual edition system for a historical corpus<\/em><br \/>\n<strong>18.30-19.00:\u00a0<\/strong>I\u00f1aki Alegria (University of the Basque Country), Ainara Estarrona (CNRS IKER), Izaskun Etxeberria (University of the Basque Country), Ricardo Etxepare (University of the Basqye Country), Celine Mounole (University of Pau and Pays de l&#8217;Adour), Manuel Padilla-Moyano (University of Pau and Pays de l&#8217;Adour), <em>Elaborating a historical corpus of Basque<\/em><\/p>\n<h4>Friday, 5th, Aula Wagner, Campus Aresu, via san Giorgio 12<\/h4>\n<h5>Session 3:\u00a0<strong>Linguistic Annotation of Historical Corpora<\/strong><\/h5>\n<p><strong>09.00-09.30:<\/strong>\u00a0Katharine Shields (University College London) <em>Creating a corpus for Ancient Greek and Hittite Legal language<br \/>\n<\/em><strong>09.30-10.00: <\/strong>Witold Kiera\u015b, Marcin Woli\u0144ski (Polish Academy of Sciences),<em> Corpus-driven modelling of Polish historical inflection<\/em><strong><br \/>\n<\/strong><strong>10.00-10.30<\/strong>:\u00a0Kristin Bech, Alexander Pfaff (University of Oslo), <em>Annotating noun phrases in early Germanic languages<\/em><br \/>\n<strong>10.30-11.00<\/strong>: Coffee break<br \/>\n<strong>11.00-11.30:<\/strong>\u00a0Teodora Vukovi\u0107, Ivan \u0160imko, Barbara Sonnenhauser (University of Zurich), <em>Keeping linguistic variation across time and space: tagging of a diachronic and diatopic corpus of Balkan Slavic<\/em><br \/>\n<strong>11.30-12.00:<\/strong>\u00a0W\u0142odzimierz Gruszczy\u0144ski, Aleksandra Wieczorek (Polish Academy of Sciences), <em>Inflectional variation in the historical corpus on an example of masculine animate nouns in the 17<sup>th<\/sup> and 18<sup>th<\/sup> century Polish texts<\/em><br \/>\n<strong>12.00-12.30:<\/strong> Andrew Cooper (Stockholm University), <em>Designing a metrically annotated corpus of Historical English verse<\/em><br \/>\n<strong>12.30-13.00<\/strong>:\u00a0Marieke Meelen (University of Cambridge), <i>Creating PARSHCWL, the Parsed Historical Corpus of the Welsh Language<\/i><\/p>\n<p><strong>13.00-14.30:<\/strong> Lunch<\/p>\n<h5>Session 4: Corpus Based and Corpus Driven Studies on Historical Corpora<\/h5>\n<p><strong>14.30-15.00:<\/strong>\u00a0Tam Blaxter (University of Cambridge), <em>Geographical evidence for the morphosyntax of genitive loss in the history of Norwegian<\/em><br \/>\n<strong>15.00-15.30:<\/strong>\u00a0Karin Harbusch (University of Koblenz-Landau), Gerard Kempen (Max Planck Institute for Psycholinguistics, Nijmegen), Ans van Kemenade (Radboud University, Nijmegen), <em>High verb frequency as an accessibility parameter promoting early verb placement in main clauses of OHG, OS and OE<\/em><br \/>\n<strong>15.30-16.00:<\/strong>\u00a0Mikolaj Nkollo (Adam Mickiewicz University, Pozna\u0144), <em>Historical corpora and variation in clitic X-verb sequences in Classical and early Modern European Portuguese<\/em><em><br \/>\n<\/em><strong>16.00-16.30:<\/strong> Coffee break<br \/>\n<strong>16.30-17.30:<\/strong> Invited speaker: Joanna Kopaczyk (University of Glasgow)\u00a0<em>Multilingualism meets multimodality: problems and solutions for historical corpora<\/em><br \/>\n<strong>17.30-18.00:\u00a0<\/strong>Carola Trips (University of Mannheim), <em>The need to extend linguistic annotation in a historical corpus: the case of the PPCME2 and contact-induced change<\/em><br \/>\n<strong>18.00-18.30:<\/strong>\u00a0Annick Paternoster (Universit\u00e0 della Svizzera italiana),\u00a0<i>A quantitative study of requests in Nineteenth-Century Italian Conduct Books: do Authors practise\u00a0what they preach?<\/i><br \/>\n<strong>18.30-19.00: <\/strong>Closing remarks<\/p>\n<h4><\/h4>\n","protected":false},"excerpt":{"rendered":"<p>List of accepted abstracts Thursday, 4th, Aula Motzo, Sa Duchessa, via Is Mirrionis 1 8.30-9.00: Registration 9.00-9.30: Opening 9.30-10.30:\u00a0Invited speaker: Achim Stein (University of Stuttgart), Benefits and problems of annotating historical corpora morphologically and syntactically 10.30-11.00: Coffee break Session 1: NLP Tools for Historical Corpora 11.00-11.30: Mathilde Regnault, Sophie Pr\u00e9vost (Universit\u00e9 de Paris 3 Sorbonne Nouvelle), Eric Villemonte de la &#8230; <a href=\"https:\/\/convegni.unica.it\/hicov\/conference-program\/\" class=\"more-link\">Read More<\/a><\/p>\n","protected":false},"author":643,"featured_media":0,"parent":0,"menu_order":0,"comment_status":"closed","ping_status":"open","template":"","meta":{"footnotes":""},"class_list":["post-318","page","type-page","status-publish","hentry","no-post-thumbnail"],"_links":{"self":[{"href":"https:\/\/convegni.unica.it\/hicov\/wp-json\/wp\/v2\/pages\/318","targetHints":{"allow":["GET"]}}],"collection":[{"href":"https:\/\/convegni.unica.it\/hicov\/wp-json\/wp\/v2\/pages"}],"about":[{"href":"https:\/\/convegni.unica.it\/hicov\/wp-json\/wp\/v2\/types\/page"}],"author":[{"embeddable":true,"href":"https:\/\/convegni.unica.it\/hicov\/wp-json\/wp\/v2\/users\/643"}],"replies":[{"embeddable":true,"href":"https:\/\/convegni.unica.it\/hicov\/wp-json\/wp\/v2\/comments?post=318"}],"version-history":[{"count":15,"href":"https:\/\/convegni.unica.it\/hicov\/wp-json\/wp\/v2\/pages\/318\/revisions"}],"predecessor-version":[{"id":633,"href":"https:\/\/convegni.unica.it\/hicov\/wp-json\/wp\/v2\/pages\/318\/revisions\/633"}],"wp:attachment":[{"href":"https:\/\/convegni.unica.it\/hicov\/wp-json\/wp\/v2\/media?parent=318"}],"curies":[{"name":"wp","href":"https:\/\/api.w.org\/{rel}","templated":true}]}}