{"id":406,"date":"2019-02-06T10:14:27","date_gmt":"2019-02-06T09:14:27","guid":{"rendered":"http:\/\/convegni.unica.it\/femms\/?page_id=406"},"modified":"2019-02-14T09:15:58","modified_gmt":"2019-02-14T08:15:58","slug":"organizing-committee","status":"publish","type":"page","link":"https:\/\/convegni.unica.it\/femms\/organizing-committee\/","title":{"rendered":"Organizing committee"},"content":{"rendered":"<ul>\n<li>Stefano Zedda, Universit\u00e0 di Cagliari, Italy<\/li>\n<li>Giovanni Masala, Universit\u00e0 di Cagliari, Italy<\/li>\n<li>Laura Casula,\u00a0Universit\u00e0 di Cagliari, Italy<\/li>\n<li>Marco Micocci, Universit\u00e0 di Cagliari, Italy<\/li>\n<li>Michele Patan\u00e8, Universit\u00e0 di Siena, Italy<\/li>\n<li>Filippo Petroni,\u00a0Universit\u00e0 delle Marche, Ancona, Italy<\/li>\n<li>Giuditta Pisano, Universit\u00e0 di Cagliari, Italy<\/li>\n<li>Simone Sbaraglia, Universit\u00e0 di Cagliari, Italy<\/li>\n<\/ul>\n<p style=\"text-align: center\"><img decoding=\"async\" class=\"alignnone wp-image-447\" src=\"http:\/\/convegni.unica.it\/femms\/files\/2019\/02\/f8-300x156.jpg\" alt=\"\" width=\"479\" height=\"249\" srcset=\"https:\/\/convegni.unica.it\/femms\/files\/2019\/02\/f8-300x156.jpg 300w, https:\/\/convegni.unica.it\/femms\/files\/2019\/02\/f8-150x78.jpg 150w, https:\/\/convegni.unica.it\/femms\/files\/2019\/02\/f8.jpg 580w\" sizes=\"(max-width: 479px) 100vw, 479px\" \/><\/p>\n","protected":false},"excerpt":{"rendered":"<p>Stefano Zedda, Universit\u00e0 di Cagliari, Italy Giovanni Masala, Universit\u00e0 di Cagliari, Italy Laura Casula,\u00a0Universit\u00e0 di Cagliari, Italy Marco Micocci, Universit\u00e0 di Cagliari, Italy Michele Patan\u00e8, Universit\u00e0 di Siena, Italy Filippo Petroni,\u00a0Universit\u00e0 delle Marche, Ancona, Italy Giuditta Pisano, Universit\u00e0 di Cagliari, Italy Simone Sbaraglia, Universit\u00e0 di Cagliari, Italy<\/p>\n","protected":false},"author":1942,"featured_media":0,"parent":0,"menu_order":0,"comment_status":"closed","ping_status":"closed","template":"","meta":{"footnotes":""},"class_list":["post-406","page","type-page","status-publish","hentry","post-seq-1","post-parity-odd","meta-position-corners","fix"],"_links":{"self":[{"href":"https:\/\/convegni.unica.it\/femms\/wp-json\/wp\/v2\/pages\/406","targetHints":{"allow":["GET"]}}],"collection":[{"href":"https:\/\/convegni.unica.it\/femms\/wp-json\/wp\/v2\/pages"}],"about":[{"href":"https:\/\/convegni.unica.it\/femms\/wp-json\/wp\/v2\/types\/page"}],"author":[{"embeddable":true,"href":"https:\/\/convegni.unica.it\/femms\/wp-json\/wp\/v2\/users\/1942"}],"replies":[{"embeddable":true,"href":"https:\/\/convegni.unica.it\/femms\/wp-json\/wp\/v2\/comments?post=406"}],"version-history":[{"count":7,"href":"https:\/\/convegni.unica.it\/femms\/wp-json\/wp\/v2\/pages\/406\/revisions"}],"predecessor-version":[{"id":463,"href":"https:\/\/convegni.unica.it\/femms\/wp-json\/wp\/v2\/pages\/406\/revisions\/463"}],"wp:attachment":[{"href":"https:\/\/convegni.unica.it\/femms\/wp-json\/wp\/v2\/media?parent=406"}],"curies":[{"name":"wp","href":"https:\/\/api.w.org\/{rel}","templated":true}]}}