{"id":312,"date":"2014-09-30T18:00:04","date_gmt":"2014-09-30T16:00:04","guid":{"rendered":"http:\/\/convegni.unica.it\/veritaimmaginenormativita\/?page_id=312"},"modified":"2019-02-19T17:01:55","modified_gmt":"2019-02-19T16:01:55","slug":"scientific-committee","status":"publish","type":"page","link":"https:\/\/convegni.unica.it\/femms\/scientific-committee\/","title":{"rendered":"Scientific committee"},"content":{"rendered":"<p><span style=\"font-size: 14pt;color: #003300\"><strong>Scientific committee:<\/strong><\/span><\/p>\n<ul>\n<li>Giovanni Barone Adesi (Universit\u00e0 della Svizzera Italiana, Switzerland)<\/li>\n<li>Guglielmo D\u2019Amico (Universit\u00e0 di Chieti-Pescara, Italy)<\/li>\n<li>Paolo Giudici (Universit\u00e0 di Pavia, Italy)<\/li>\n<li>Alessio Moro (Universit\u00e0 di Cagliari, Italy)<\/li>\n<li>Giacomo Nocera (Audencia Business school, Nantes, France)<\/li>\n<li>Fabrizio Pilo (Universit\u00e0 di Cagliari, Italy)<\/li>\n<li>Andrea Resti (Universit\u00e0 Bocconi, Italy)<\/li>\n<li>H. Eugene Stanley (Boston University, USA)<\/li>\n<li>Stefano Usai (Universit\u00e0 di Cagliari, Italy)<\/li>\n<li>Francesco Vallascas (University of Leeds, UK)<\/li>\n<li>Rafal Weron (Wroclaw University of Science and Technology, Poland)<\/li>\n<\/ul>\n<p>&nbsp;<\/p>\n<p style=\"text-align: center\"><img decoding=\"async\" class=\"alignnone wp-image-467\" src=\"http:\/\/convegni.unica.it\/femms\/files\/2019\/02\/rett-300x216.jpg\" alt=\"\" width=\"440\" height=\"317\" srcset=\"https:\/\/convegni.unica.it\/femms\/files\/2019\/02\/rett-300x216.jpg 300w, https:\/\/convegni.unica.it\/femms\/files\/2019\/02\/rett-150x108.jpg 150w, https:\/\/convegni.unica.it\/femms\/files\/2019\/02\/rett.jpg 558w\" sizes=\"(max-width: 440px) 100vw, 440px\" \/><\/p>\n<p>&nbsp;<\/p>\n","protected":false},"excerpt":{"rendered":"<p>Scientific committee: Giovanni Barone Adesi (Universit\u00e0 della Svizzera Italiana, Switzerland) Guglielmo D\u2019Amico (Universit\u00e0 di Chieti-Pescara, Italy) Paolo Giudici (Universit\u00e0 di Pavia, Italy) Alessio Moro (Universit\u00e0 di Cagliari, Italy) Giacomo Nocera (Audencia Business school, Nantes, France) Fabrizio Pilo (Universit\u00e0 di Cagliari, Italy) Andrea Resti (Universit\u00e0 Bocconi, Italy) H. Eugene Stanley (Boston University, USA) Stefano Usai (Universit\u00e0 di Cagliari, Italy) Francesco Vallascas (University of Leeds, UK) Rafal Weron (Wroclaw University of Science and Technology, Poland) &nbsp; &nbsp;<\/p>\n","protected":false},"author":643,"featured_media":0,"parent":0,"menu_order":0,"comment_status":"closed","ping_status":"open","template":"","meta":{"footnotes":""},"class_list":["post-312","page","type-page","status-publish","hentry","post-seq-1","post-parity-odd","meta-position-corners","fix"],"_links":{"self":[{"href":"https:\/\/convegni.unica.it\/femms\/wp-json\/wp\/v2\/pages\/312","targetHints":{"allow":["GET"]}}],"collection":[{"href":"https:\/\/convegni.unica.it\/femms\/wp-json\/wp\/v2\/pages"}],"about":[{"href":"https:\/\/convegni.unica.it\/femms\/wp-json\/wp\/v2\/types\/page"}],"author":[{"embeddable":true,"href":"https:\/\/convegni.unica.it\/femms\/wp-json\/wp\/v2\/users\/643"}],"replies":[{"embeddable":true,"href":"https:\/\/convegni.unica.it\/femms\/wp-json\/wp\/v2\/comments?post=312"}],"version-history":[{"count":6,"href":"https:\/\/convegni.unica.it\/femms\/wp-json\/wp\/v2\/pages\/312\/revisions"}],"predecessor-version":[{"id":479,"href":"https:\/\/convegni.unica.it\/femms\/wp-json\/wp\/v2\/pages\/312\/revisions\/479"}],"wp:attachment":[{"href":"https:\/\/convegni.unica.it\/femms\/wp-json\/wp\/v2\/media?parent=312"}],"curies":[{"name":"wp","href":"https:\/\/api.w.org\/{rel}","templated":true}]}}