{"id":47,"date":"2024-11-06T12:34:06","date_gmt":"2024-11-06T11:34:06","guid":{"rendered":"https:\/\/convegni.unica.it\/et2025\/?page_id=47"},"modified":"2024-11-06T16:39:11","modified_gmt":"2024-11-06T15:39:11","slug":"comitato-scientifico","status":"publish","type":"page","link":"https:\/\/convegni.unica.it\/et2025\/convegno\/comitato-scientifico\/","title":{"rendered":"Comitato Scientifico"},"content":{"rendered":"<p><a href=\"https:\/\/web.unica.it\/unica\/page\/it\/barbara_cannas\" target=\"_blank\" rel=\"noopener\"><strong>Barbara CANNAS<\/strong><\/a>, Universit\u00e0 degli Studi di Cagliari<\/p>\n<p><a href=\"https:\/\/www.ing.univaq.it\/personale\/scheda_personale.php?codice=169\" target=\"_blank\" rel=\"noopener\"><strong>Mauro FELIZIANI<\/strong><\/a>, Universit\u00e0 degli Studi dell&#8217;Aquila<\/p>\n<p><a href=\"https:\/\/docenti.unisa.it\/001257\/home\" target=\"_blank\" rel=\"noopener\"><strong>Nicola FEMIA<\/strong><\/a>, Universit\u00e0 degli Studi di Salerno<\/p>\n","protected":false},"excerpt":{"rendered":"<p>Barbara CANNAS, Universit\u00e0 degli Studi di Cagliari Mauro FELIZIANI, Universit\u00e0 degli Studi dell&#8217;Aquila Nicola FEMIA, Universit\u00e0 degli Studi di Salerno<\/p>\n","protected":false},"author":1909,"featured_media":68,"parent":41,"menu_order":0,"comment_status":"closed","ping_status":"closed","template":"","meta":{"footnotes":""},"class_list":["post-47","page","type-page","status-publish","has-post-thumbnail","hentry"],"_links":{"self":[{"href":"https:\/\/convegni.unica.it\/et2025\/wp-json\/wp\/v2\/pages\/47","targetHints":{"allow":["GET"]}}],"collection":[{"href":"https:\/\/convegni.unica.it\/et2025\/wp-json\/wp\/v2\/pages"}],"about":[{"href":"https:\/\/convegni.unica.it\/et2025\/wp-json\/wp\/v2\/types\/page"}],"author":[{"embeddable":true,"href":"https:\/\/convegni.unica.it\/et2025\/wp-json\/wp\/v2\/users\/1909"}],"replies":[{"embeddable":true,"href":"https:\/\/convegni.unica.it\/et2025\/wp-json\/wp\/v2\/comments?post=47"}],"version-history":[{"count":3,"href":"https:\/\/convegni.unica.it\/et2025\/wp-json\/wp\/v2\/pages\/47\/revisions"}],"predecessor-version":[{"id":177,"href":"https:\/\/convegni.unica.it\/et2025\/wp-json\/wp\/v2\/pages\/47\/revisions\/177"}],"up":[{"embeddable":true,"href":"https:\/\/convegni.unica.it\/et2025\/wp-json\/wp\/v2\/pages\/41"}],"wp:featuredmedia":[{"embeddable":true,"href":"https:\/\/convegni.unica.it\/et2025\/wp-json\/wp\/v2\/media\/68"}],"wp:attachment":[{"href":"https:\/\/convegni.unica.it\/et2025\/wp-json\/wp\/v2\/media?parent=47"}],"curies":[{"name":"wp","href":"https:\/\/api.w.org\/{rel}","templated":true}]}}