{"id":243,"date":"2025-03-17T17:34:35","date_gmt":"2025-03-17T16:34:35","guid":{"rendered":"https:\/\/convegni.unica.it\/et2025\/?page_id=243"},"modified":"2025-03-25T09:10:23","modified_gmt":"2025-03-25T08:10:23","slug":"iniziative-scientifiche-delle-sedi","status":"publish","type":"page","link":"https:\/\/convegni.unica.it\/et2025\/iniziative-scientifiche-delle-sedi\/","title":{"rendered":"Iniziative scientifiche delle sedi"},"content":{"rendered":"<p data-start=\"148\" data-end=\"273\">Il giorno <strong data-start=\"158\" data-end=\"176\">13 Giugno 2025<\/strong>, alle <strong data-start=\"183\" data-end=\"196\">ore 11:40<\/strong>, si terr\u00e0 la sessione intitolata <strong data-start=\"230\" data-end=\"270\">&#8220;Iniziative scientifiche delle sedi&#8221;<\/strong>.<\/p>\n<p data-start=\"275\" data-end=\"516\">Le unit\u00e0 interessate avranno la possibilit\u00e0 di proporre interventi della durata massima di <strong data-start=\"366\" data-end=\"378\">5 minuti<\/strong>. Tra tutte le proposte pervenute, il comitato scientifico selezioner\u00e0 le <strong data-start=\"452\" data-end=\"492\">tre iniziative di maggiore interesse<\/strong> per il gruppo <strong data-start=\"507\" data-end=\"513\">ET<\/strong>.<\/p>\n<h3 data-start=\"518\" data-end=\"556\">Modalit\u00e0 di invio delle proposte<\/h3>\n<p data-start=\"558\" data-end=\"703\">Per candidare un intervento, \u00e8 necessario inviare la propria proposta tramite <strong data-start=\"636\" data-end=\"646\">e-mail<\/strong> entro e non oltre il <strong data-start=\"668\" data-end=\"686\">12 Maggio 2025<\/strong> all&#8217;indirizzo:<\/p>\n<p data-start=\"705\" data-end=\"732\">\ud83d\udce9 <strong data-start=\"708\" data-end=\"730\"><a href=\"mailto:et2025ca@gmail.com\" rel=\"noopener\" data-start=\"710\" data-end=\"728\">et2025ca@gmail.com<\/a><\/strong><\/p>\n<p data-start=\"734\" data-end=\"827\">Nel messaggio di trasmissione si prega di specificare nell\u2019<strong data-start=\"793\" data-end=\"804\">oggetto<\/strong> il seguente formato:<\/p>\n<p data-start=\"829\" data-end=\"885\"><strong data-start=\"829\" data-end=\"883\">&#8220;Iniziative \u2013 Unit\u00e0 di [Nome della propria unit\u00e0]&#8221;<\/strong><\/p>\n<p data-start=\"887\" data-end=\"983\">Per qualsiasi ulteriore informazione, vi invitiamo a contattarci all\u2019indirizzo sopra indicato.<\/p>\n","protected":false},"excerpt":{"rendered":"<p>Il giorno 13 Giugno 2025, alle ore 11:40, si terr\u00e0 la sessione intitolata &#8220;Iniziative scientifiche delle sedi&#8221;. Le unit\u00e0 interessate avranno la possibilit\u00e0 di proporre interventi della durata massima di 5 minuti. Tra tutte le proposte [&hellip;]<\/p>\n","protected":false},"author":1909,"featured_media":0,"parent":0,"menu_order":0,"comment_status":"closed","ping_status":"closed","template":"","meta":{"footnotes":""},"class_list":["post-243","page","type-page","status-publish","hentry"],"_links":{"self":[{"href":"https:\/\/convegni.unica.it\/et2025\/wp-json\/wp\/v2\/pages\/243","targetHints":{"allow":["GET"]}}],"collection":[{"href":"https:\/\/convegni.unica.it\/et2025\/wp-json\/wp\/v2\/pages"}],"about":[{"href":"https:\/\/convegni.unica.it\/et2025\/wp-json\/wp\/v2\/types\/page"}],"author":[{"embeddable":true,"href":"https:\/\/convegni.unica.it\/et2025\/wp-json\/wp\/v2\/users\/1909"}],"replies":[{"embeddable":true,"href":"https:\/\/convegni.unica.it\/et2025\/wp-json\/wp\/v2\/comments?post=243"}],"version-history":[{"count":2,"href":"https:\/\/convegni.unica.it\/et2025\/wp-json\/wp\/v2\/pages\/243\/revisions"}],"predecessor-version":[{"id":331,"href":"https:\/\/convegni.unica.it\/et2025\/wp-json\/wp\/v2\/pages\/243\/revisions\/331"}],"wp:attachment":[{"href":"https:\/\/convegni.unica.it\/et2025\/wp-json\/wp\/v2\/media?parent=243"}],"curies":[{"name":"wp","href":"https:\/\/api.w.org\/{rel}","templated":true}]}}