{"id":100,"date":"2024-11-06T15:29:02","date_gmt":"2024-11-06T14:29:02","guid":{"rendered":"https:\/\/convegni.unica.it\/et2025\/?page_id=100"},"modified":"2025-06-05T10:31:51","modified_gmt":"2025-06-05T08:31:51","slug":"sede-dellevento","status":"publish","type":"page","link":"https:\/\/convegni.unica.it\/et2025\/sede-dellevento\/","title":{"rendered":"Cagliari &amp; Villasimius \u2013 Info Sedi e Trasporti"},"content":{"rendered":"<p data-start=\"147\" data-end=\"239\">\ud83d\udcc5 <strong data-start=\"150\" data-end=\"158\">Date<\/strong>: <strong data-start=\"160\" data-end=\"181\">12-13 Giugno 2025<\/strong><br data-start=\"181\" data-end=\"184\" \/>\ud83d\udccd <strong data-start=\"187\" data-end=\"196\">Luogo<\/strong>: <strong data-start=\"198\" data-end=\"237\">VOI Tanka Village, Villasimius (CA)<\/strong><\/p>\n<h3>ET2025 &#8211; Dove alloggiare<\/h3>\n<p><img loading=\"lazy\" decoding=\"async\" class=\"alignnone size-full wp-image-343\" src=\"http:\/\/convegni.unica.it\/et2025\/files\/2025\/03\/612148466.jpg\" alt=\"\" width=\"1024\" height=\"683\" srcset=\"https:\/\/convegni.unica.it\/et2025\/files\/2025\/03\/612148466.jpg 1024w, https:\/\/convegni.unica.it\/et2025\/files\/2025\/03\/612148466-600x400.jpg 600w, https:\/\/convegni.unica.it\/et2025\/files\/2025\/03\/612148466-768x512.jpg 768w\" sizes=\"auto, (max-width: 1024px) 100vw, 1024px\" \/><\/p>\n<p><span style=\"color: #333399\"><strong>Per l&#8217;intera durata dell&#8217;evento, la tariffa in pensione completa per<\/strong> <strong>persona\/notte \u00e8 di:<br \/>\n<\/strong><\/span><strong style=\"color: #333399\">&#8211; 174\u20ac in camera singola<\/strong><strong style=\"color: #333399\">, <\/strong><strong style=\"color: #333399\">134\u20ac in camera doppia e 107,2\u20ac in camera tripla (camere roh standard)<br \/>\n&#8211; 210\u20ac in camera singola, 162\u20ac in camera doppia e 126\u20ac in camera tripla (camere Casbah Superior)<\/strong><\/p>\n<p>La tariffa dedicata prevede le seguenti condizioni di pagamento e cancellazione:<br \/>\n&#8211; Prepagamento 30% al momento della prenotazione;<br \/>\n&#8211; Saldo restante 60 giorni prima del giorno di check-in;<br \/>\n&#8211; Penalit\u00e0 di cancellazione: 30% fino a 60gg; 50% da 59 a 30gg; 90% da 29 a no show.<\/p>\n<p class=\"\" data-start=\"86\" data-end=\"287\">\u2713 <strong data-start=\"88\" data-end=\"148\">Le prenotazioni devono essere effettuate individualmente<\/strong> dai partecipanti attraverso il sito ufficiale del <a href=\"https:\/\/www.voihotels.com\/resort\/tanka-village\" target=\"_blank\" rel=\"noopener\"><strong data-start=\"199\" data-end=\"220\">VOI Tanka Village<\/strong><\/a>, inserendo il codice <span style=\"color: #ff0000\"><strong data-start=\"242\" data-end=\"251\">ET1CA<\/strong><\/span> nell\u2019apposito campo <em data-start=\"272\" data-end=\"286\">Codice Promo<\/em>.\u00a0Per qualsiasi richiesta di assistenza relativa alla prenotazione, \u00e8 possibile contattare direttamente la struttura <strong data-start=\"404\" data-end=\"452\">dal luned\u00ec al venerd\u00ec, dalle 9:00 alle 18:00<\/strong>, scrivendo a \ud83d\udce7<strong data-start=\"472\" data-end=\"500\"><a href=\"mailto:tanka.mice@voihotels.com\" rel=\"noopener\" data-start=\"474\" data-end=\"498\">tanka.mice@voihotels.com<\/a><\/strong><\/p>\n<p><img loading=\"lazy\" decoding=\"async\" class=\"alignnone size-medium wp-image-192\" src=\"http:\/\/convegni.unica.it\/et2025\/files\/2024\/12\/image4533-600x255.png\" alt=\"\" width=\"600\" height=\"255\" srcset=\"https:\/\/convegni.unica.it\/et2025\/files\/2024\/12\/image4533-600x255.png 600w, https:\/\/convegni.unica.it\/et2025\/files\/2024\/12\/image4533-1024x436.png 1024w, https:\/\/convegni.unica.it\/et2025\/files\/2024\/12\/image4533-768x327.png 768w, https:\/\/convegni.unica.it\/et2025\/files\/2024\/12\/image4533-1536x654.png 1536w, https:\/\/convegni.unica.it\/et2025\/files\/2024\/12\/image4533-2048x872.png 2048w\" sizes=\"auto, (max-width: 600px) 100vw, 600px\" \/><\/p>\n<h4>\u2713 <span style=\"color: #ff0000\"><strong>Il time limit per le prenotazioni con tariffa dedicata \u00e8 fissato per il 30\/03\/2025<\/strong><\/span><\/h4>\n<p>\u2713 Check-in: a partire dalle ore 16.00; Check-out: entro le ore 10.00<\/p>\n<p>\u2713 FBB \u2013 Prevede il servizio di pranzo, cena e colazione con la formula a buffet in area riservata. Le bevande incluse ai pasti sono: acqua, soft drinks, vino e birra (tutte le bevande si intendono alla spina).<\/p>\n<p>\u2713 Tassa di soggiorno (obbligatoria da pagare in loco): EUR 4,00 per persona per notte, a partire da 10 anni compiuti.<\/p>\n<h4>COME RAGGIUNGERE IL TANKA VILLAGE<\/h4>\n<blockquote><p>Il metodo pi\u00f9 pratico per raggiungere il <strong data-start=\"234\" data-end=\"251\">Tanka Village <\/strong>di Villasimius \u00e8 prendere un volo per l&#8217;<a href=\"https:\/\/www.sogaer.it\/it\" target=\"_blank\" rel=\"noopener\">aeroporto di Cagliari-Elmas<\/a>, che collega Cagliari con i pi\u00f9 importanti aeroporti in Italia, tra cui Roma Fiumicino e Milano Malpensa e Linate, con rispettivamente 5 e 3 voli di andata e ritorno voli giornalieri da ogni citt\u00e0.\u00a0In assenza di voli diretti dalla vostra citt\u00e0, una soluzione comoda \u00e8 quella di volare su Roma e poi proseguire verso Cagliari.<\/p>\n<p class=\"\" data-start=\"618\" data-end=\"732\">L\u2019aeroporto dista circa <strong data-start=\"642\" data-end=\"651\">55 km<\/strong> dal resort, che a sua volta si trova a circa <strong data-start=\"697\" data-end=\"731\">1 km dal centro di Villasimius<\/strong>.<\/p>\n<p class=\"\" data-start=\"734\" data-end=\"830\">Oltre ai servizi di transfer privati e alle altre opzioni illustrate di seguito, segnaliamo che:<\/p>\n<p class=\"\" data-start=\"429\" data-end=\"631\">\u27a1\ufe0f \u00c8 disponibile un <strong data-start=\"449\" data-end=\"488\">autobus di linea (<a href=\"https:\/\/app.arstspa.it\/quadri\/101.html\" target=\"_blank\" rel=\"noopener\">Linea 101 &#8211; ARST<\/a>)<\/strong> che collega il centro di Villasimius con il centro di Cagliari (Piazza Matteotti), da dove parte il <a href=\"https:\/\/www.trenitalia.com\/it\/informazioni\/aeroporto_elmas_dicagliari.html\" target=\"_blank\" rel=\"noopener\">treno per l\u2019aeroporto di Cagliari-Elmas<\/a>. Naturalmente, il servizio \u00e8 valido anche in direzione opposta, da <strong data-start=\"1142\" data-end=\"1168\">Cagliari a Villasimius<\/strong>, rendendolo una soluzione utile sia all&#8217;andata che al ritorno.<\/p>\n<p class=\"\" data-start=\"633\" data-end=\"836\">\u27a1\ufe0f Per chi soggiorna al Tanka Village, \u00e8 possibile richiedere alla <strong data-start=\"1300\" data-end=\"1313\">reception<\/strong> l\u2019utilizzo di una <strong data-start=\"1332\" data-end=\"1352\">navetta gratuita<\/strong> per raggiungere il centro di Villasimius. Questo servizio \u00e8 spesso disponibile per gli ospiti, ma si consiglia di verificarne la disponibilit\u00e0 direttamente presso la struttura.<\/p>\n<h3>\u2708\ufe0f <strong>Servizio Transfer da\/per Aeroporto di Cagliari<\/strong><\/h3>\n<p><span style=\"color: #ff0000\"><strong>L\u201911 e il 13 giugno al termine del convegno saranno disponibili collegamenti con autobus dedicati. <a href=\"https:\/\/convegni.unica.it\/et2025\/orari-navette-da-per-aeroporto-et2025\/\"><span style=\"color: #000000\">Clicca qui per ulteriori informazioni.<\/span><\/a><\/strong><\/span><\/p>\n<p>Per facilitare gli spostamenti nei <strong>giorni e orari diversi da quelli previsti<\/strong> in occasione del convegno <strong>ET2025<\/strong>, \u00e8 attiva una <strong>convenzione per i trasferimenti privati<\/strong> da e per l\u2019aeroporto di Cagliari.<\/p>\n<p>\ud83d\ude90 <strong>Come prenotare<\/strong><\/p>\n<p>\u00c8 possibile richiedere un preventivo e prenotare il transfer direttamente online visitando il sito:<br \/>\n\ud83d\udc49 <a href=\"https:\/\/elmastransfer.com\" target=\"_blank\" rel=\"noopener\">elmastransfer.com<\/a><br \/>\nBasta compilare l\u2019apposito form. Le <strong>tariffe indicate sono gi\u00e0 scontate<\/strong> per i partecipanti al convegno.<\/p>\n<p>\u2139\ufe0f <strong>Come funziona il servizio<\/strong><\/p>\n<ul>\n<li><strong>All&#8217;arrivo:<\/strong> l\u2019autista vi attender\u00e0 in aeroporto con un cartello di benvenuto.<\/li>\n<li><strong>Durata del tragitto:<\/strong> circa 1 ora fino al Tanka Village.<\/li>\n<li><strong>Per il ritorno:<\/strong> si consiglia di prenotare il transfer almeno 3 ore prima della partenza del volo.<\/li>\n<li><strong>Prenotazioni:<\/strong> \u00e8 consigliabile prenotare il prima possibile, comunque <strong>non oltre le ore 19:00 del giorno precedente al trasferimento<\/strong>.<\/li>\n<li><strong>Cancellazione gratuita<\/strong>: nessuna penale in caso di annullamento.<\/li>\n<\/ul>\n<p>\ud83d\udcb0 <strong>Tariffe convenzionate<\/strong><\/p>\n<div class=\"table-responsive\"><table class=\"table  table-striped table-bordered table-hover\"  border=\"1\" cellspacing=\"0\" cellpadding=\"8\">\n<thead>\n<tr>\n<th>Mezzo<\/th>\n<th>Tariffa<\/th>\n<\/tr>\n<\/thead>\n<tbody>\n<tr>\n<td>Auto (fino a 3 persone)<\/td>\n<td>\u20ac99,00<\/td>\n<\/tr>\n<tr>\n<td>Van (fino a 8 persone)<\/td>\n<td>\u20ac120,00<\/td>\n<\/tr>\n<tr>\n<td>Minibus (fino a 16 pax)<\/td>\n<td>\u20ac220,00<\/td>\n<\/tr>\n<tr>\n<td>Minibus (fino a 20 pax)<\/td>\n<td>\u20ac250,00<\/td>\n<\/tr>\n<\/tbody>\n<\/table><\/div>\n<p><strong>Nota:<\/strong> per i transfer effettuati tra le <strong>21:00 e le 06:59<\/strong> si applica una <strong>maggiorazione del 30%<\/strong>.<\/p><\/blockquote>\n<hr \/>\n<p><strong>\ud83d\udcc5 Data: 11 Giugno 2025<\/strong><br data-start=\"181\" data-end=\"184\" \/><strong>\ud83d\udccd Luogo: Facolt\u00e0 di Ingegneria, Cagliari<\/strong><\/p>\n<h3>SCUOLA PHD GASPARINI<\/h3>\n<p>La Scuola PhD Gasparini si terr\u00e0 l&#8217;11 Giugno 2025 a Cagliari presso la Facolt\u00e0 di Ingegneria dell\u2019Universit\u00e0 degli Studi di Cagliari in via Corte d&#8217;Appello, Aula A (padiglione C &#8211; primo piano), che si trova in un edificio storico (l\u2019ex Collegio dei Gesuiti) nel quartiere di Castello.<\/p>\n<p><img decoding=\"async\" src=\"https:\/\/photos.wikimapia.org\/p\/00\/00\/00\/64\/10_big.jpg\" alt=\"Dipartimento di Architettura - Cagliari\" \/><\/p>\n<h4>COME RAGGIUNGERE LA SEDE DELLA SCUOLA<\/h4>\n<blockquote><p>L&#8217;aeroporto internazionale Elmas &#8211; Mario Mameli collega Cagliari con i pi\u00f9 importanti aeroporti in Italia, Roma Fiumicino e Milano Malpensa e Linate, rispettivamente con 5 e 3 voli di andata e ritorno voli giornalieri da ogni citt\u00e0. Se non \u00e8 disponibile un volo diretto, una delle soluzioni pi\u00f9 convenienti \u00e8 volare a Roma e poi a Cagliari.<\/p>\n<p>Tutti i\u00a0<a href=\"https:\/\/www.trenitalia.com\" target=\"_blank\" rel=\"noopener\">treni<\/a> in partenza e in arrivo a Cagliari collegano l&#8217;aeroporto al centro citt\u00e0 in Piazza Matteotti, situata di fronte al porto.<\/p>\n<p>La fermata dell&#8217;autobus pi\u00f9 comoda per raggiungere la sede \u00e8 <a href=\"https:\/\/goo.gl\/maps\/ZHkXuctDf4pCGP3B9\" target=\"_blank\" rel=\"noopener\">Porcell (ang. Via Genovesi),<\/a> servita dalle linee 7, 8 e 8A. Una volta scesi dall&#8217;autobus, proseguite dritto su Via Dei Genovesi, girate a destra in Via Santa Croce e scendete le scale che trovate sulla vostra sinistra. Dopodich\u00e9 andate dritto al tunnel che vedete di fronte a voi. L&#8217;ingresso si trova sulla sinistra.<\/p>\n<p><img loading=\"lazy\" decoding=\"async\" class=\"alignnone wp-image-149\" src=\"http:\/\/convegni.unica.it\/et2025\/files\/2024\/11\/stairs-300x225.png\" alt=\"\" width=\"312\" height=\"234\" srcset=\"https:\/\/convegni.unica.it\/et2025\/files\/2024\/11\/stairs-300x225.png 300w, https:\/\/convegni.unica.it\/et2025\/files\/2024\/11\/stairs-1024x770.png 1024w, https:\/\/convegni.unica.it\/et2025\/files\/2024\/11\/stairs-768x577.png 768w, https:\/\/convegni.unica.it\/et2025\/files\/2024\/11\/stairs-1536x1154.png 1536w, https:\/\/convegni.unica.it\/et2025\/files\/2024\/11\/stairs.png 1546w\" sizes=\"auto, (max-width: 312px) 100vw, 312px\" \/><img loading=\"lazy\" decoding=\"async\" class=\"alignnone size-medium wp-image-150\" src=\"http:\/\/convegni.unica.it\/et2025\/files\/2024\/11\/tunnel-300x234.png\" alt=\"\" width=\"300\" height=\"234\" srcset=\"https:\/\/convegni.unica.it\/et2025\/files\/2024\/11\/tunnel-300x234.png 300w, https:\/\/convegni.unica.it\/et2025\/files\/2024\/11\/tunnel-1024x798.png 1024w, https:\/\/convegni.unica.it\/et2025\/files\/2024\/11\/tunnel-768x598.png 768w, https:\/\/convegni.unica.it\/et2025\/files\/2024\/11\/tunnel-1536x1197.png 1536w, https:\/\/convegni.unica.it\/et2025\/files\/2024\/11\/tunnel.png 1658w\" sizes=\"auto, (max-width: 300px) 100vw, 300px\" \/><\/p>\n<p>Per consultare gli orari, ottenere informazioni sulla rete e acquistare i biglietti, il sito web del trasporto urbano di Cagliari <a href=\"https:\/\/www.ctmcagliari.it\/\" target=\"_blank\" rel=\"noopener\">https:\/\/www.ctmcagliari.it\/<\/a> fornisce tutte le indicazioni necessarie per spostarsi in citt\u00e0.<\/p><\/blockquote>\n","protected":false},"excerpt":{"rendered":"<p>\ud83d\udcc5 Date: 12-13 Giugno 2025\ud83d\udccd Luogo: VOI Tanka Village, Villasimius (CA) ET2025 &#8211; Dove alloggiare Per l&#8217;intera durata dell&#8217;evento, la tariffa in pensione completa per persona\/notte \u00e8 di: &#8211; 174\u20ac in camera singola, 134\u20ac in camera [&hellip;]<\/p>\n","protected":false},"author":1909,"featured_media":68,"parent":0,"menu_order":0,"comment_status":"closed","ping_status":"closed","template":"","meta":{"footnotes":""},"class_list":["post-100","page","type-page","status-publish","has-post-thumbnail","hentry"],"_links":{"self":[{"href":"https:\/\/convegni.unica.it\/et2025\/wp-json\/wp\/v2\/pages\/100","targetHints":{"allow":["GET"]}}],"collection":[{"href":"https:\/\/convegni.unica.it\/et2025\/wp-json\/wp\/v2\/pages"}],"about":[{"href":"https:\/\/convegni.unica.it\/et2025\/wp-json\/wp\/v2\/types\/page"}],"author":[{"embeddable":true,"href":"https:\/\/convegni.unica.it\/et2025\/wp-json\/wp\/v2\/users\/1909"}],"replies":[{"embeddable":true,"href":"https:\/\/convegni.unica.it\/et2025\/wp-json\/wp\/v2\/comments?post=100"}],"version-history":[{"count":69,"href":"https:\/\/convegni.unica.it\/et2025\/wp-json\/wp\/v2\/pages\/100\/revisions"}],"predecessor-version":[{"id":653,"href":"https:\/\/convegni.unica.it\/et2025\/wp-json\/wp\/v2\/pages\/100\/revisions\/653"}],"wp:featuredmedia":[{"embeddable":true,"href":"https:\/\/convegni.unica.it\/et2025\/wp-json\/wp\/v2\/media\/68"}],"wp:attachment":[{"href":"https:\/\/convegni.unica.it\/et2025\/wp-json\/wp\/v2\/media?parent=100"}],"curies":[{"name":"wp","href":"https:\/\/api.w.org\/{rel}","templated":true}]}}