{"id":318,"date":"2014-09-30T18:04:28","date_gmt":"2014-09-30T16:04:28","guid":{"rendered":"http:\/\/convegni.unica.it\/veritaimmaginenormativita\/?page_id=318"},"modified":"2018-06-05T08:50:35","modified_gmt":"2018-06-05T06:50:35","slug":"conference-program","status":"publish","type":"page","link":"https:\/\/convegni.unica.it\/contact-geometry\/","title":{"rendered":"RIEMain in Contact"},"content":{"rendered":"<pre>\"Au d\u00e9but \u00e9tait la m\u00e9canique, qui engendra les syst\u00e8mes dynamiques et la th\u00e9orie des feuilletages, et aussi la g\u00e9om\u00e9trie symplectique. Celle-ci e\u00fbt pour fille ain\u00e9e la g\u00e9om\u00e9trie de contact. Voil\u00e0 pour la g\u00e9n\u00e9alogie!\" \r\n(R. Lutz - Quelques remarques historiques et prospectives sur la g\u00e9om\u00e9trie de contact - Conference on Differential Geometry and Topology (Sardinia, 1988))<\/pre>\n<p>Since then, Contact Geometry essentially split off into two quite separate branches:\u00a0<em>Contact Riemannian Geometry<\/em> and <em>Contact Topology.<\/em><\/p>\n<p>The conference\/school <span style=\"color: #ff0000\"><em>RIEMain in Contact<\/em><\/span> is the first occasion for the two souls of contact geometry to interact. To our knowledge it is also the first Italian workshop covering topics of Contact Topology.<\/p>\n<p>The conference consists of two mini-courses addressed to young researchers and PhD students , and sixteen talks.<\/p>\n<p>The main topics will be Contact Riemannian Geometry and Contact Topology<em>,<\/em> \u00a0but also related structures like Engel Structures, K\u00e4hler Geometry, CR structures, Lie Groups \u00a0and Statistical Manifolds, will be treated.<\/p>\n<p>Young researchers will have the opportunity to present a poster.<\/p>\n<p><strong>Mini-courses<\/strong><\/p>\n<p>D. Blair (Michigan State University, USA): <em>Riemannian Contact Geometry<\/em><\/p>\n<p>H. Geiges (Universit\u00e4t zu K\u00f6ln, Germany):\u00a0<em>Contact topology and Reeb dynamics<\/em><\/p>\n<p><strong>Speakers<\/strong><\/p>\n<ul>\n<li>Charles Boyer (University of New Mexico, USA)<\/li>\n<li>Jong Taek Cho (Chonnam National University, Korea)<\/li>\n<li>Vincent Colin (Universit\u00e9 de Nantes, France)<\/li>\n<li>Marisa Fernandez (Universidad del Pa\u00eds Vasco, Spain)<\/li>\n<li>Anna Fino (Universit\u00e0 di Torino, Italy)<\/li>\n<li>Brendan Foreman (John Carroll University, USA)<\/li>\n<li>Emmanuel Giroux (Centre de Recherches Math\u00e9matiques, Canada)<\/li>\n<li>Dieter Kotschick (Ludwig Maximilians Universit\u00e4t Munchen, Germany)<\/li>\n<li>Antonio Lotta (Universit\u00e0 di Bari, Italy)<\/li>\n<li>Patrick Massot (Universit\u00e9 Paris Sud, France)<\/li>\n<li>Emmy Murphy (MIT, USA)<\/li>\n<li>Sheila Sandon (Universit\u00e9 de Strasbourg I, France)<\/li>\n<li>Aleksy Tralle (University of Warmia and Mazuri in Olsztyn, Poland)<\/li>\n<li>Thomas Vogel\u00a0(Ludwig Maximilians Universit\u00e4t Munchen, Germany )<\/li>\n<li>Chris Wendl (Humbold-Universit\u00e4t, Germany)<\/li>\n<li>Ivan Yudin (Universidade de Coimbra, Portugal)<\/li>\n<\/ul>\n<p><strong>Poster Session<\/strong><\/p>\n<p>To present a poster please use the \u00a0A2 format. Researchers have to print their own poster.<\/p>\n<p><strong>Scientific Committee<\/strong><\/p>\n<p>David Blair, Renzo Caddeo, Giovanni Calvaruso, Yakov Eliashberg, Paolo Ghiggini<\/p>\n<p><strong>Organising Committee<\/strong><\/p>\n<p>Gianluca Bande, Beniamino Cappelletti Montano, Nicola Pia, Paola \u00a0Piu<\/p>\n<p><a href=\"http:\/\/convegni.unica.it\/contact-geometry\/files\/2018\/06\/poster-RIEMain-3.pdf\">Conference Poster<\/a><\/p>\n<pre>Header: photo by Valeria Casu<\/pre>\n<p>&nbsp;<\/p>\n<p>&nbsp;<\/p>\n","protected":false},"excerpt":{"rendered":"<p>&#8220;Au d\u00e9but \u00e9tait la m\u00e9canique, qui engendra les syst\u00e8mes dynamiques et la th\u00e9orie des feuilletages, et aussi la g\u00e9om\u00e9trie symplectique. Celle-ci e\u00fbt pour fille ain\u00e9e la g\u00e9om\u00e9trie de contact. Voil\u00e0 pour la g\u00e9n\u00e9alogie!&#8221; (R. Lutz &#8211; Quelques remarques historiques et prospectives sur la g\u00e9om\u00e9trie de contact &#8211; Conference on Differential Geometry and Topology (Sardinia, 1988)) &hellip; <a href=\"https:\/\/convegni.unica.it\/contact-geometry\/\" class=\"more-link\">Continua la lettura di <span class=\"screen-reader-text\">RIEMain in Contact<\/span> <span class=\"meta-nav\">&rarr;<\/span><\/a><\/p>\n","protected":false},"author":643,"featured_media":720,"parent":0,"menu_order":0,"comment_status":"closed","ping_status":"open","template":"","meta":{"footnotes":""},"class_list":["post-318","page","type-page","status-publish","has-post-thumbnail","hentry"],"_links":{"self":[{"href":"https:\/\/convegni.unica.it\/contact-geometry\/wp-json\/wp\/v2\/pages\/318","targetHints":{"allow":["GET"]}}],"collection":[{"href":"https:\/\/convegni.unica.it\/contact-geometry\/wp-json\/wp\/v2\/pages"}],"about":[{"href":"https:\/\/convegni.unica.it\/contact-geometry\/wp-json\/wp\/v2\/types\/page"}],"author":[{"embeddable":true,"href":"https:\/\/convegni.unica.it\/contact-geometry\/wp-json\/wp\/v2\/users\/643"}],"replies":[{"embeddable":true,"href":"https:\/\/convegni.unica.it\/contact-geometry\/wp-json\/wp\/v2\/comments?post=318"}],"version-history":[{"count":62,"href":"https:\/\/convegni.unica.it\/contact-geometry\/wp-json\/wp\/v2\/pages\/318\/revisions"}],"predecessor-version":[{"id":797,"href":"https:\/\/convegni.unica.it\/contact-geometry\/wp-json\/wp\/v2\/pages\/318\/revisions\/797"}],"wp:featuredmedia":[{"embeddable":true,"href":"https:\/\/convegni.unica.it\/contact-geometry\/wp-json\/wp\/v2\/media\/720"}],"wp:attachment":[{"href":"https:\/\/convegni.unica.it\/contact-geometry\/wp-json\/wp\/v2\/media?parent=318"}],"curies":[{"name":"wp","href":"https:\/\/api.w.org\/{rel}","templated":true}]}}