{"id":716,"date":"2015-10-08T00:49:22","date_gmt":"2015-10-07T22:49:22","guid":{"rendered":"http:\/\/convegni.unica.it\/cladag2015\/?page_id=716"},"modified":"2015-12-23T08:15:44","modified_gmt":"2015-12-23T07:15:44","slug":"program09102015","status":"publish","type":"page","link":"https:\/\/convegni.unica.it\/cladag2015\/program09102015\/","title":{"rendered":"Program09102015"},"content":{"rendered":"<p>CLADAG PROGRAM October 9, 2015<\/p>\n<p>&nbsp;<\/p>\n<p>08.45 &#8211; 10. 00\u00a0\u00a0 SPEC5 Multiway Analysis\u00a0\u00a0\u00a0\u00a0\u00a0\u00a0\u00a0\u00a0 Cyprea Room<\/p>\n<p>Chair: G. Bove &#8211; Discussant: F. Palumbo<\/p>\n<p>(Interactive) visualisation of three-way data &#8211; C. Albers, J.C. Gower<\/p>\n<p>Robust fuzzy clustering of multivariate time trajectories &#8211; R. Massari, P. D&#8217;Urso<\/p>\n<p>Estimation procedures for avoiding degenerate solutions in CANDECOMP\/PARAFAC &#8211; P. Giordani<\/p>\n<p>&nbsp;<\/p>\n<p>08.45 &#8211; 10. 00\u00a0\u00a0 SPEC6 Big Data Analysis\u00a0\u00a0\u00a0\u00a0\u00a0\u00a0\u00a0\u00a0 Nautilus Room<\/p>\n<p>Chair: C. Loglisci &#8211; Discussant: P. Giudici<\/p>\n<p>Big Data Value in Europe: Challenges and Opportunities &#8211; D. Malerba<\/p>\n<p>Mining Big Data with high performance computing solutions &#8211; C. Sartori, S. Basta, F. Angiulli, S. Lodi, G. Moro<\/p>\n<p>Enhancing Big Data exploration with faceted browsing &#8211; S. Bergamaschi, G. Simonini, S. Zhu<\/p>\n<p>Towards a statistical framework for attribute comparison in very large relational databases &#8211; M. Roveri, C. Alippi, E. Quintarelli, L. Tanca<\/p>\n<p>&nbsp;<\/p>\n<p>10.00 &#8211; 11. 00\u00a0\u00a0 SOL7 Time series in clustering II\u00a0\u00a0\u00a0\u00a0\u00a0\u00a0\u00a0\u00a0 Cyprea Room<\/p>\n<p>Chair: M. La Rocca<\/p>\n<p>Parsimonious clustering of time series &#8211; A. D&#8217;Ambrosio, C. Iorio, G. Frasso, R. Siciliano<\/p>\n<p>Dynamic Time Warping-based fuzzy clustering for spatial time series &#8211; R. Massari, P. D&#8217;Urso, M. Disegna<\/p>\n<p>Periodical feature based time series clustering &#8211; L. Parrella, F. Giordano, M. La Rocca<\/p>\n<p>&nbsp;<\/p>\n<p>10.00 &#8211; 11. 00\u00a0\u00a0 SOL8 Big Data Analysis\u00a0\u00a0 \u00a0\u00a0\u00a0\u00a0\u00a0Nautilus Room<\/p>\n<p>Chair: D. Malerba<\/p>\n<p>Interactive Machine Learning with R &#8211; G. Di Nunzio<\/p>\n<p>Workload estimation for a call center &#8211; P. Riva, R. Scommegna<\/p>\n<p>Prediction in Olive Oil Market using Regression Models on Temporal Data Network &#8211; C. Loglisci, U. Medicamento, A. Casieri<\/p>\n<p>&nbsp;<\/p>\n<p>10.00 &#8211; 11. 00\u00a0\u00a0 CONTR7 Dimension reduction methods\u00a0\u00a0\u00a0\u00a0\u00a0\u00a0\u00a0\u00a0 Astrea Room<\/p>\n<p>Chair: M. Vichi<\/p>\n<p>Principal component analysis of complex data and application to climatology &#8211; S. Creta, S. Camiz<\/p>\n<p>Sparse exploratory multidimensional IRT models &#8211; S. Fontanella, L. Fontanella, P. Valentini, N. Trendafilov<\/p>\n<p>Iterative factor clustering for categorical data reconsidered &#8211; F. Palumbo, A. Iodice D&#8217;Enza, A. Markos<\/p>\n<p>&nbsp;<\/p>\n<p>10.00 &#8211; 11. 00\u00a0\u00a0 CONTR8 Robustness and data diagnostics II\u00a0\u00a0\u00a0\u00a0\u00a0\u00a0\u00a0\u00a0 Alvania Room<\/p>\n<p>Chair: M. Riani<\/p>\n<p>Testing antipodal symmetry of circular data &#8211; G. Casale, G. Pandolfo, G.C. Porzio<\/p>\n<p>How to define deviance residuals in multinomial regression &#8211; G. Romeo, M. Sciandra, M. Chiodi<\/p>\n<p>Diagnostic tools for GAMLSS fitted objects &#8211; A. Marletta, M. Sciandra<\/p>\n<p>&nbsp;<\/p>\n<p>11.00 &#8211; 11. 30\u00a0\u00a0 COFFEE BREAK<\/p>\n<p>&nbsp;<\/p>\n<p>11.30 &#8211; 12. 20\u00a0\u00a0 KEY2\u00a0\u00a0 KEYNOTE2 &#8211; Chair: P. Giudici\u00a0\u00a0\u00a0\u00a0\u00a0\u00a0\u00a0\u00a0 Nautilus Room<\/p>\n<p>Variable selection for model-based clustering of categorical data\u00a0\u00a0 B. Murphy<\/p>\n<p>&nbsp;<\/p>\n<p>12.20 &#8211; 13. 20\u00a0\u00a0 SOL9 Advances in Ordinal and Preference Data\u00a0\u00a0\u00a0\u00a0\u00a0\u00a0\u00a0\u00a0 Nautilus Room<\/p>\n<p>Chair: A. D&#8217;Ambrosio<\/p>\n<p>Measuring consensus in the setting of non-uniform qualitative scales &#8211; J.L. Garc\u00eca-Lapresta, D. P\u00e9rez-Rom\u00e1n<\/p>\n<p>Accurate Algorithms for Consensus Ranking Detection- G. Mazzeo, A. D&#8217;Ambrosio, R. Sicialiano<\/p>\n<p>Logistic Regression Trees for Ordinal and Preference Data &#8211; T. Rusch, A. Zeileis, K. Hornnik<\/p>\n<p>&nbsp;<\/p>\n<p>12.30 &#8211; 13. 20\u00a0\u00a0 SOL10 Case studies in data science from Ligurian companies\u00a0\u00a0\u00a0\u00a0\u00a0\u00a0\u00a0\u00a0 Cyprea Room<\/p>\n<p>Chair: D. Panaro<\/p>\n<p>Statistical methods for the analysis of Ostreopsis ovata bloom events from meteo-marine data &#8211; E. Ottaviani, V. Asnaghi, M. Chiantore, A. Pedroncini, R. Bertolotto<\/p>\n<p>Data mining for optimal gambling &#8211; F. Malfanti, G. Torre<\/p>\n<p>A fraud detection algorithm for online banking &#8211; E. Riccomagno, D. Panaro, F. Malfanti<\/p>\n<p>Does directors\u2019 background matter? Firm value and board features &#8211; D. Panaro, S. Ferramosca, S. Trucco<\/p>\n<p>&nbsp;<\/p>\n<p>12.30 &#8211; 13. 20\u00a0\u00a0 CONTR9 Bayesian Data Analysis\u00a0\u00a0 \u00a0\u00a0\u00a0\u00a0\u00a0\u00a0\u00a0Astrea Room<\/p>\n<p>Chair: S. Tonellato<\/p>\n<p>Bayesian Inference with linked data &#8211; B. Liseo, R. Sterols, A. Tancredi<\/p>\n<p>A semi-parametric Fay-Herriot-type model with unknown sampling variances &#8211; S. Polettini<\/p>\n<p>On Robust Posterior Distributions via Optimally B-Robust estimating functions and Approximate Bayesian Computation &#8211; I.L. Danesi, F. Piacenza, E. Ruli, L. Ventura<\/p>\n<p>&nbsp;<\/p>\n<p>12.30 &#8211; 13. 20\u00a0\u00a0 CONTR10 Network data and multilevel models\u00a0\u00a0\u00a0\u00a0\u00a0\u00a0\u00a0\u00a0 Alvania Room<\/p>\n<p>Chair: G. Ragozini<\/p>\n<p>MCA based community detection &#8211; C. Drago<\/p>\n<p>Classifying sociometric roles by Network Analysis &#8211; V. Tomaselli, S. Gozzo<\/p>\n<p>A multilevel Heckman model to investigate financial assets among old people in Europe &#8211; O. Paccagnella<\/p>\n<p>&nbsp;<\/p>\n<p>13.20 &#8211; 14. 50\u00a0\u00a0 LUNCH<\/p>\n<p>&nbsp;<\/p>\n<p>14.50 &#8211; 15. 50\u00a0\u00a0 SOL11 Modeling ordinal data\u00a0\u00a0\u00a0\u00a0 \u00a0\u00a0\u00a0Nautilus Room<\/p>\n<p>Chair: M. Carpita<\/p>\n<p>Posterior predictive model checks for assessing the goodness of fit of Bayesian multidimensional IRT models &#8211; S. Mignani, M. Matteucci<\/p>\n<p>International tourism in Italy: a Bayesian Network approach &#8211; G. Perucca, F. Cugnata<\/p>\n<p>Clustering upper level units in multilevel models for ordinal data &#8211; C. Rampichini, L. Grilli, A. Panzera<\/p>\n<p>&nbsp;<\/p>\n<p>14.50 &#8211; 15. 50\u00a0\u00a0 SOL12 Functional data analysis for environmental data\u00a0\u00a0\u00a0\u00a0\u00a0\u00a0\u00a0\u00a0 Cyprea Room<\/p>\n<p>Chair: T. Di Battista<\/p>\n<p>Clustering spatially dependent functional data: a method based on the concept of spatial dispersion function of a curve &#8211; A. Balzanella, E. Romano, R. Verde<\/p>\n<p>Two case studies on object oriented spatial statistics &#8211; P. Secchi<\/p>\n<p>Inference on functional biodiversity tools &#8211; F. Fortuna, T. Di Battista, F. Maturo<\/p>\n<p>&nbsp;<\/p>\n<p>14.50 &#8211; 15. 50\u00a0\u00a0 CONTR11 Nonparametric and semiparamteric regression\u00a0\u00a0\u00a0\u00a0\u00a0\u00a0\u00a0\u00a0 Astrea Room<\/p>\n<p>Chair: B. Liseo<\/p>\n<p>Optimal pricing using bayesian semiparametric price response models &#8211; W.J. Steiner, A. Weber, S. Lang, P. Wechselberger<\/p>\n<p>Monetary transmission models for banking interest rates &#8211; L. Parisi, P. Giudici, I. Gianfrancesco, C. Gilberto<\/p>\n<p>Estimating the effect of prenatal care on birth outcomes &#8211; E. Sironi, M. Cannas<\/p>\n<p>&nbsp;<\/p>\n<p>14.50 &#8211; 15. 50 CONTR12 Similarities and dissimilarities\u00a0\u00a0\u00a0\u00a0\u00a0\u00a0\u00a0\u00a0 Alvania Room<\/p>\n<p>Chair: R. Siciliano<\/p>\n<p>Recursive partitioning: an approach based on the weighted Kenemy distance &#8211; M. Sciandra, V. Picone, A. Plaia<\/p>\n<p>Why to study abroad? an example of clustering &#8211; V. Caviezel, A.M. Falzoni<\/p>\n<p>Graphical copula-based tool for detecting tail dependence &#8211; R. Pappad\u00e0, F. Durante, N. Torelli<\/p>\n<p>&nbsp;<\/p>\n<p>15.50 &#8211; 17. 05\u00a0\u00a0 SPEC7 New Methodogogies for Composite Indicators\u00a0\u00a0\u00a0\u00a0\u00a0\u00a0\u00a0\u00a0\u00a0\u00a0 Nautilus Room<\/p>\n<p>Chair: M. Carpita &#8211; Discussant: M. Carpita<\/p>\n<p>Advances in Composite-based Path Modeling for Synthetic Indicators &#8211; V. Esposito Vinzi, L. Trinchera, G. Russolillo<\/p>\n<p>Composite Indicators Modeling &#8211; M. Vichi, F. Mealli, T. Van der Weele<\/p>\n<p>Measuring the importance of variables in composite indicators- W. Becker, M. Saisana, P. Paruolo, A. Saltelli<\/p>\n<p>&nbsp;<\/p>\n<p>15.50 &#8211; 17. 05\u00a0\u00a0 SPEC8 Cluster analysis software and validation\u00a0\u00a0\u00a0\u00a0\u00a0\u00a0\u00a0\u00a0 Cyprea Room<\/p>\n<p>Chair: C. Hennig &#8211; Discussant: C. Hennig<\/p>\n<p>Adaptive choice of input parameters in robust clustering &#8211; L.A. Garc\u00eca-Escudero, A. Mayo-Iscar<\/p>\n<p>Robust model-based clustering with covariance matrix constraints &#8211; P. Coretto, C. Hennig<\/p>\n<p>Flexible Implementation of Resampling Schemes for Cluster Validation &#8211; F. Leisch<\/p>\n<p>&nbsp;<\/p>\n<p>17.05 &#8211; 17. 35\u00a0\u00a0 COFFEE BREAK<\/p>\n<p>&nbsp;<\/p>\n<p>17.35 &#8211; 18. 35\u00a0\u00a0 SOL13 Advances in quantile regression\u00a0\u00a0\u00a0\u00a0\u00a0\u00a0\u00a0\u00a0 Nautilus Room<\/p>\n<p>Chair: C. Davino<\/p>\n<p>M-quantile regression: diagnostics and parametric representation of the model &#8211; A. Binachi, E. Fabrizi, N. Salvati, N. Tzavidis<\/p>\n<p>Quantile Regression: A Bayesian Robust Approach &#8211; M. Bottone, L. Petrella, M. Bernardi<\/p>\n<p>A comparison of quantile and m-quantile estimators for linear regression methods &#8211; D. Vistocco, M. Furno<\/p>\n<p>Handling heterogeneity among units in Quantile Regression Application &#8211; C. Davino, D. Vistocco<\/p>\n<p>&nbsp;<\/p>\n<p>17.35 &#8211; 18. 35\u00a0\u00a0 SOL14 Directional Data\u00a0\u00a0\u00a0\u00a0\u00a0\u00a0\u00a0\u00a0 Cyprea Room<\/p>\n<p>Chair: G.C. Porzio<\/p>\n<p>Small biased circular density estimation &#8211; M. Di Marzio, S. Fensore, A. Panzera, C.C. Taylor<\/p>\n<p>A depth-based classifier for circular data &#8211; G. Pandolfo<\/p>\n<p>Nonparametric estimates of the mode for directional data &#8211; G.C. Porzio, T. Kirschstein, S. Liebscher, G. Ragozini<\/p>\n<p>&nbsp;<\/p>\n<p>17.35 &#8211; 18. 35\u00a0\u00a0 CONTR13 Data Science\u00a0\u00a0\u00a0\u00a0\u00a0\u00a0\u00a0\u00a0 Astrea Room<\/p>\n<p>Chair: M. Cannas<\/p>\n<p>Classification models as tools of bankruptcy prediction \u2013 Polish experience &#8211; J. Pociecha, B. Pawe\u0142ek, M. Bary\u0142a, S. Augustyn<\/p>\n<p>The relationship between individual price response of beer consumers and their demographic\/psychographic characteristics &#8211; F. Paetz<\/p>\n<p>The ensemble conceptual clustering of symbolic data for customer loyalty analysis &#8211; M. Pelka<\/p>\n<p>Consumers\u2019 perceptions of corporate social responsibilities and willingness to pay: a Partial Least Squares approach &#8211; K. Luebke, C. Hose, T. Obermeier<\/p>\n<p>&nbsp;<\/p>\n<p>17.35 &#8211; 18. 35\u00a0\u00a0 CONTR6 Multilevel and network data analysis\u00a0\u00a0\u00a0\u00a0\u00a0\u00a0\u00a0\u00a0 Alvania Room<\/p>\n<p>Chair: P. Giudici<\/p>\n<p>Inspecting the quality of italian wine through causal reasoning &#8211; S. Golia, E. Brentari, M. Carpita<\/p>\n<p>Exploring socio-economic factors associated with adherence to the mediterranean diet: a multilevel approach &#8211; L. Secondi, T. Laureti<\/p>\n<p>Big Data and \u201cSocial\u201d reputation: a financial example &#8211; P. Cerchiello<\/p>\n<p>&nbsp;<\/p>\n<p>18.35 &#8211; 19. 35\u00a0\u00a0 CLADAG Assembly\u00a0\u00a0\u00a0\u00a0\u00a0\u00a0\u00a0\u00a0 Nautilus Room<\/p>\n<p>&nbsp;<\/p>\n<p>20.15 &#8211; 23. 00\u00a0\u00a0 Conference Dinner<\/p>\n<h2><\/h2>\n","protected":false},"excerpt":{"rendered":"<p>CLADAG PROGRAM October 9, 2015 &nbsp; 08.45 &#8211; 10. 00\u00a0\u00a0 SPEC5 Multiway Analysis\u00a0\u00a0\u00a0\u00a0\u00a0\u00a0\u00a0\u00a0 Cyprea Room Chair: G. Bove &#8211; Discussant: F. Palumbo (Interactive) visualisation of three-way data &#8211; C. Albers, J.C. Gower Robust fuzzy clustering of multivariate time trajectories &#8211; R. Massari, P. D&#8217;Urso Estimation procedures for avoiding degenerate solutions in CANDECOMP\/PARAFAC &#8211; P. Giordani <a href='https:\/\/convegni.unica.it\/cladag2015\/program09102015\/' class='excerpt-more'>[&#8230;]<\/a><\/p>\n","protected":false},"author":1858,"featured_media":0,"parent":0,"menu_order":0,"comment_status":"closed","ping_status":"closed","template":"","meta":{"footnotes":""},"class_list":["post-716","page","type-page","status-publish","hentry","post-seq-1","post-parity-odd","meta-position-corners","fix"],"_links":{"self":[{"href":"https:\/\/convegni.unica.it\/cladag2015\/wp-json\/wp\/v2\/pages\/716","targetHints":{"allow":["GET"]}}],"collection":[{"href":"https:\/\/convegni.unica.it\/cladag2015\/wp-json\/wp\/v2\/pages"}],"about":[{"href":"https:\/\/convegni.unica.it\/cladag2015\/wp-json\/wp\/v2\/types\/page"}],"author":[{"embeddable":true,"href":"https:\/\/convegni.unica.it\/cladag2015\/wp-json\/wp\/v2\/users\/1858"}],"replies":[{"embeddable":true,"href":"https:\/\/convegni.unica.it\/cladag2015\/wp-json\/wp\/v2\/comments?post=716"}],"version-history":[{"count":9,"href":"https:\/\/convegni.unica.it\/cladag2015\/wp-json\/wp\/v2\/pages\/716\/revisions"}],"predecessor-version":[{"id":1092,"href":"https:\/\/convegni.unica.it\/cladag2015\/wp-json\/wp\/v2\/pages\/716\/revisions\/1092"}],"wp:attachment":[{"href":"https:\/\/convegni.unica.it\/cladag2015\/wp-json\/wp\/v2\/media?parent=716"}],"curies":[{"name":"wp","href":"https:\/\/api.w.org\/{rel}","templated":true}]}}