{"id":559,"date":"2015-10-08T00:48:12","date_gmt":"2015-10-07T22:48:12","guid":{"rendered":"http:\/\/convegni.unica.it\/cladag2015\/?page_id=559"},"modified":"2015-12-23T08:09:34","modified_gmt":"2015-12-23T07:09:34","slug":"program08102015","status":"publish","type":"page","link":"https:\/\/convegni.unica.it\/cladag2015\/program08102015\/","title":{"rendered":"Program08102015"},"content":{"rendered":"<p>CLADAG PROGRAM October 8, 2015<\/p>\n<p>08.00 &#8211; 09. 00\u00a0\u00a0 REGISTRATION<\/p>\n<p>09.00 &#8211; 09. 30\u00a0\u00a0 OPENING CEREMONY<\/p>\n<p>09.30 &#8211; 10. 20\u00a0\u00a0 KEY1\u00a0\u00a0 KEYNOTE1 &#8211; Chair: N. Torelli\u00a0\u00a0\u00a0\u00a0\u00a0\u00a0\u00a0\u00a0 Nautilus Room<\/p>\n<p>Mining Text Networks\u00a0\u00a0 D. Banks<\/p>\n<p>10.20 &#8211; 10. 50\u00a0\u00a0 COFFEE BREAK<\/p>\n<p>10.50 &#8211; 12. 05\u00a0\u00a0 SPEC1 Robust methods for the analysis of Economic (Big) data\u00a0\u00a0\u00a0\u00a0\u00a0\u00a0\u00a0\u00a0 Nautilus Room<\/p>\n<p>Chair: S. Salini &#8211; Discussant: L.A. Grac\u00eca-Escudero<\/p>\n<p>Fast and Robust Seemingly Unrelated Regression &#8211; M. Hubert, T. Verdonck, O. Yorulmaz<\/p>\n<p>Application to the detection of customs fraud of the goodness-of-fit testing for the Newcomb-Benford law &#8211; A. Cerioli, L. Barabesi, A. Cerasa, D. Perrotta<\/p>\n<p>Monitoring the robust analysis of a single multivariate sample &#8211; M. Riani, A. Atkinson, A. Cerioli<\/p>\n<p>10.50 &#8211; 12. 05\u00a0\u00a0 SPEC2 Bayesian nonparametric clustering\u00a0\u00a0\u00a0\u00a0\u00a0\u00a0\u00a0\u00a0 Cyprea Room<\/p>\n<p>Chair: R. Rotondi &#8211; Discussant: M. Trevisani<\/p>\n<p>A Bayesian nonparametric approach to model association between clusters of SNPs and disease responses &#8211; R. Argiento, A. Guglielmi, C.K. Hsiao, F. Ruggeri, C. Wang<\/p>\n<p>A Bayesian nonparametric model for clustering and borrowing information &#8211; B. Nipoti, A. Lijoi, I. Pruenster<\/p>\n<p>Sequential clustering based on Dirichlet process priors &#8211; S. Tonellato, R. Casarin, A. Pastore<\/p>\n<p>12.05 &#8211; 13. 05\u00a0\u00a0 SOL1 Advances in Density-based clustering\u00a0\u00a0\u00a0\u00a0\u00a0\u00a0\u00a0\u00a0 Nautilus Room<\/p>\n<p>Chair: F. Greselin<\/p>\n<p>A nonparametric clustering method for image segmentation &#8211; G. Menardi<\/p>\n<p>Robust clustering for heterogeneous skew data &#8211; A. Mayo Iscar, L.A. Garc\u00eca-Escudero, F. Greselin<\/p>\n<p>Regularizing finite mixtures of Gaussian distributions &#8211; B. Gr\u00fcn, G. Malsiner-Walli<\/p>\n<p>12.05 &#8211; 13. 05\u00a0\u00a0 SOL2 Latent variable models for longitudinal data &#8211; Part I\u00a0\u00a0\u00a0\u00a0\u00a0\u00a0\u00a0\u00a0 Cyprea Room<\/p>\n<p>Chair: S. Bacci<\/p>\n<p>A joint model for longitudinal and survival data based on an AR(1) latent process &#8211; S. Pandolfi, S. Bacci, F. Bartolucci<\/p>\n<p>Finite mixture models for mixed data: EM algorithms and PARAFC representations &#8211; M. Alf\u00f2, P. Giordani<\/p>\n<p>On the use of the contaminated Gaussian distribution in Hidden Markov models for longitudinal data &#8211; A. Punzo, A. Maruotti<\/p>\n<p>12.05 &#8211; 13. 05\u00a0\u00a0 CONTR1 Functional data analysis\u00a0\u00a0\u00a0\u00a0\u00a0\u00a0\u00a0\u00a0 Astrea Room<\/p>\n<p>Chair: C. Weihs<\/p>\n<p>A generalized distance for inference on functional data &#8211; A. Ghiglietti, A.M. Pagagnoni<\/p>\n<p>Long gaps in multivariate spatio-temporal data: an approach based on Functional Data Analysis &#8211; A. Plaia, M. Ruggeri, F. Di Salvo<\/p>\n<p>Effects on curve clustering of different transformations of chronological textual data &#8211; M. Trevisani, A. Tuzzi<\/p>\n<p>12.05 &#8211; 13. 05\u00a0\u00a0 CONTR2 Robustness and data diagnostics I\u00a0\u00a0\u00a0\u00a0\u00a0\u00a0\u00a0\u00a0\u00a0\u00a0 Alvania Room<\/p>\n<p>Chair: A. Cerioli<\/p>\n<p>A note on the reliability of a classifier &#8211; L. Frigau<\/p>\n<p>Robust classification for multivariate functional data &#8211; F. Ieva, A.M. Pagagnoni<\/p>\n<p>Size control of robust regression estimators &#8211; S. Salini, A. Cerioli, F. Laurini, M. Riani<\/p>\n<p>13.05 &#8211; 14. 30\u00a0\u00a0 LUNCH<\/p>\n<p>14.30 &#8211; 15. 30\u00a0\u00a0 SOL3 Latent variable models for longitudinal data &#8211; Part II\u00a0\u00a0\u00a0\u00a0 \u00a0\u00a0\u00a0\u00a0\u00a0Nautilus Room<\/p>\n<p>Chair: F. Bartolucci<\/p>\n<p>A hidden Markov approach to the analysis of incomplete multivariate longitudinal data &#8211; F. Lagona<\/p>\n<p>Latent Markov and Growth Mixture models: a comparison &#8211; F. Pennoni, I. Romeo<\/p>\n<p>Latent worths and longitudinal paired comparisons \u2013 a Markov model of dependence &#8211; B. Francis, A. Grans, R. Dittrich<\/p>\n<p>14.30 &#8211; 15. 30\u00a0\u00a0 SOL4 Multivariate data analysis in environmental sciences\u00a0\u00a0\u00a0\u00a0\u00a0\u00a0\u00a0\u00a0 Cyprea Room<\/p>\n<p>Chair: R. Argiento<\/p>\n<p>Multivariate downscaling for non-Gaussian data &#8211; L. Paci, D. Cocchi, C. Trivisano<\/p>\n<p>Multivariate spatio temporal models for large datasets and joint exposure to airborne multipollutants in Europe &#8211; A. Fass\u00f2, F. Finazzi, F. Ndongo<\/p>\n<p>Clustering macroseismic fields by statistical data depth functions &#8211; R. Rotondi, C. Agostinelli, E. Varini<\/p>\n<p>14.30 &#8211; 15. 30\u00a0\u00a0 CONTR3 Data Mining\u00a0\u00a0\u00a0\u00a0\u00a0\u00a0\u00a0\u00a0\u00a0\u00a0 Astrea Room<\/p>\n<p>Chair: P. Mariani<\/p>\n<p>The movements of emotions: an exploratory classification on affective movement data &#8211; P. Dente, A. Kappas, A.F.X. Wilhelm<\/p>\n<p>Electre tri-machine learning approach to the record linkage problem &#8211; V. Minnetti, R. De Leone<\/p>\n<p>Quality of Classification approaches for the quantitative analysis of international conflict &#8211; A.F.X. Wilhelm<\/p>\n<p>14.30 &#8211; 15. 30\u00a0\u00a0 CONTR4 Clustering models \u00a0\u00a0\u00a0\u00a0\u00a0\u00a0\u00a0Alvania Room<\/p>\n<p>Chair: F. Leisch<\/p>\n<p>The rtclust Procedure for Robust Clustering &#8211; F. Dotto, A. Farcomeni, L.A. Garc\u00eca-Escudero, A. Mayo-Iscar<\/p>\n<p>What are the true clusters? &#8211; C. Hennig<\/p>\n<p>A novel model-based clustering approach for massive datasets of spatially registered time series. With application to sea surface temperature remote sensing data &#8211; F. Finazzi, M. Scott<\/p>\n<p>15.30 &#8211; 16. 45\u00a0\u00a0 SPEC3 Causal Inference with Complex Data Structures \u00a0\u00a0\u00a0\u00a0\u00a0\u00a0\u00a0\u00a0\u00a0Nautilus Room<\/p>\n<p>Chair: A. Mattei &#8211; Discussant: L. Grilli<\/p>\n<p>A novel model-based clustering approach for massive datasets of spatially registered time series. With application to sea surface temperature remote sensing data &#8211; M. Baccini, A. Mattei, F. Mealli<\/p>\n<p>Identification and Estimation of Causal Mechanisms in Clustered Encouragement Designs: Disentangling Bed Nets using Bayesian Principal Stratification &#8211; L. Forastiere, F. Mealli, T. Van der Weele<\/p>\n<p>The effects of a dropout prevention program on secondary students \u2019 outcomes &#8211; A. Mattei, E. Conti, S. Duranti, F. Mealli, N. Sciclone<\/p>\n<p>15.30 &#8211; 16. 45\u00a0\u00a0 SPEC4 Clustering in time series\u00a0\u00a0\u00a0\u00a0\u00a0\u00a0\u00a0\u00a0 Cyprea Room<\/p>\n<p>Chair: M. La Rocca &#8211; Discussant: P. Coretto<\/p>\n<p>Probabilistic boosted-oriented clustering of time series &#8211; R. Siciliano, A. D&#8217;Ambrosio, G. Frasso, C. Iorio<\/p>\n<p>Copula-based fuzzy clustering of time series &#8211; F. Durante, P. D&#8217;Urso<\/p>\n<p>Comparing multi-step ahead forecasting functions for time series clustering &#8211; M. Corduas, G. Ragozini<\/p>\n<p>16.45 &#8211; 17. 15\u00a0\u00a0 COFFEE BREAK<\/p>\n<p>17.15 &#8211; 18. 15\u00a0\u00a0 SOL5 Advanced models for tourism analysis\u00a0\u00a0\u00a0\u00a0\u00a0\u00a0\u00a0\u00a0 Nautilus Room<\/p>\n<p>Chair: S. Mignani<\/p>\n<p>Analysing territorial heterogeneity in tourists\u2019 satisfaction towards Italian destinations &#8211; C. Bernini, A. Cerqua, G. Pellegrini<\/p>\n<p>Micro-economc determinants of Tourist Expenditure: a Quantile Regression Approach &#8211; E. Marrocu, R. Paci, A. Zara<\/p>\n<p>Inequalities and tourism consumption behaviour: a mixture model analysis &#8211; M.F. Cracolici, C. Bernini, C. Viroli<\/p>\n<p>17.15 &#8211; 18. 15\u00a0\u00a0 SOL6 Bayesian Networks and Graphical Models in Socio-Economic Sciences\u00a0\u00a0\u00a0\u00a0\u00a0\u00a0\u00a0\u00a0\u00a0\u00a0 Cyprea Room<\/p>\n<p>Chair: P. Vicard<\/p>\n<p>Bayesian Networks for Firm Performance Evaluation &#8211; C. Tarantola, M.E. De Giuli, P. Gottardo, A.M. Moisello<\/p>\n<p>Graphical model using copula for measurement error modeling &#8211; D. Marella, P. Vicard<\/p>\n<p>17.15 &#8211; 18. 15\u00a0\u00a0 CONTR5 Big Data Analysis\u00a0\u00a0\u00a0\u00a0\u00a0\u00a0\u00a0\u00a0 Astrea Room<\/p>\n<p>Chair: C. Conversano<\/p>\n<p>Big Data Classification: Simulations in the many features case &#8211; C. Weihs<\/p>\n<p>From Big Data to information: statistical issues through examples &#8211; S. Signorelli, S. Biffignandi<\/p>\n<p>Big data meet pharmaceutical industry: an application on social media data &#8211; P. Mariani, C. Liberati<\/p>\n<p>17.15 &#8211; 18. 15\u00a0\u00a0 CONTR6 Discrimination and Classification\u00a0\u00a0\u00a0\u00a0\u00a0\u00a0\u00a0\u00a0 Alvania Room<\/p>\n<p>Chair: B. Gr\u00fcn<\/p>\n<p>Defining the subjects distance in hierarchical cluster analysis by copula approach &#8211; M. Nai Ruscone, A. Bonanomi, S.A. Osmetti<\/p>\n<p>Supervised classification of defective crankshafts by image analysis &#8211; J. Tarr\u00edo Saavedra, B. Remeseiro, M. Francisco Fern\u00e1ndez, M. Gonz\u00e1lez Penedo, S. Naya, R. Cao<\/p>\n<p>Archetypal analysis for data-driven prototype identification &#8211; G. Ragozini, F. Palumbo, M.R. D&#8217;Esposito<\/p>\n<p>18.30 &#8211; 20. 00\u00a0\u00a0 WELCOME COCKTAIL<\/p>\n<p>&nbsp;<\/p>\n","protected":false},"excerpt":{"rendered":"<p>CLADAG PROGRAM October 8, 2015 08.00 &#8211; 09. 00\u00a0\u00a0 REGISTRATION 09.00 &#8211; 09. 30\u00a0\u00a0 OPENING CEREMONY 09.30 &#8211; 10. 20\u00a0\u00a0 KEY1\u00a0\u00a0 KEYNOTE1 &#8211; Chair: N. Torelli\u00a0\u00a0\u00a0\u00a0\u00a0\u00a0\u00a0\u00a0 Nautilus Room Mining Text Networks\u00a0\u00a0 D. Banks 10.20 &#8211; 10. 50\u00a0\u00a0 COFFEE BREAK 10.50 &#8211; 12. 05\u00a0\u00a0 SPEC1 Robust methods for the analysis of Economic (Big) data\u00a0\u00a0\u00a0\u00a0\u00a0\u00a0\u00a0\u00a0 Nautilus Room <a href='https:\/\/convegni.unica.it\/cladag2015\/program08102015\/' class='excerpt-more'>[&#8230;]<\/a><\/p>\n","protected":false},"author":1858,"featured_media":0,"parent":0,"menu_order":0,"comment_status":"closed","ping_status":"closed","template":"","meta":{"footnotes":""},"class_list":["post-559","page","type-page","status-publish","hentry","post-seq-1","post-parity-odd","meta-position-corners","fix"],"_links":{"self":[{"href":"https:\/\/convegni.unica.it\/cladag2015\/wp-json\/wp\/v2\/pages\/559","targetHints":{"allow":["GET"]}}],"collection":[{"href":"https:\/\/convegni.unica.it\/cladag2015\/wp-json\/wp\/v2\/pages"}],"about":[{"href":"https:\/\/convegni.unica.it\/cladag2015\/wp-json\/wp\/v2\/types\/page"}],"author":[{"embeddable":true,"href":"https:\/\/convegni.unica.it\/cladag2015\/wp-json\/wp\/v2\/users\/1858"}],"replies":[{"embeddable":true,"href":"https:\/\/convegni.unica.it\/cladag2015\/wp-json\/wp\/v2\/comments?post=559"}],"version-history":[{"count":10,"href":"https:\/\/convegni.unica.it\/cladag2015\/wp-json\/wp\/v2\/pages\/559\/revisions"}],"predecessor-version":[{"id":1090,"href":"https:\/\/convegni.unica.it\/cladag2015\/wp-json\/wp\/v2\/pages\/559\/revisions\/1090"}],"wp:attachment":[{"href":"https:\/\/convegni.unica.it\/cladag2015\/wp-json\/wp\/v2\/media?parent=559"}],"curies":[{"name":"wp","href":"https:\/\/api.w.org\/{rel}","templated":true}]}}