{"id":345,"date":"2016-09-20T12:47:38","date_gmt":"2016-09-20T10:47:38","guid":{"rendered":"http:\/\/convegni.unica.it\/archeofossgfoss2016\/?page_id=345"},"modified":"2016-09-23T10:01:15","modified_gmt":"2016-09-23T08:01:15","slug":"seminari-workshop-elenco","status":"publish","type":"page","link":"https:\/\/convegni.unica.it\/archeofossgfoss2016\/seminari-workshop-elenco\/","title":{"rendered":"Seminari (Workshop) &#8211; ELENCO"},"content":{"rendered":"<ul>\n<li>Paolo CAVALLINI (Faunalia), <em>Cartografia con QGIS: dal foglio bianco alle tecniche avanzate<\/em><\/li>\n<li>Paolo DA BOVE (Politecnixo di Torino), <em>Strumenti open source per il posizionamento GPS di precisione<\/em><\/li>\n<li>Luca MANDOLESI (CGT, Siena), Roberto MONTAGNETTI, Paolo ROSATI, Enzo COCCA, <em>pyArchInit: piattaforma GIS opensource per la gestione dei contesti archeologici<\/em><\/li>\n<\/ul>\n<p style=\"padding-left: 90px\">\u00c8 opportuno che gli iscritti ai workshop su QGis (Cavallini), GPS (Da Bove), e pyArchinit (Mandolesi) portino con s\u00e9 il proprio PC con installato <a href=\"http:\/\/www.qgis.org\/it\/site\/\">QGis 2.16<\/a>.<\/p>\n<p style=\"padding-left: 90px\">Per il workshop Da Bove sarebbe importante che i partecipanti avessero gi\u00e0 scaricato il seguente software: RTKLIB 2.4.2 &#8211; <a href=\"http:\/\/www.rtklib.com\/\">http:\/\/www.rtklib.com\/<\/a> e patch (versione 10 &#8211; <a href=\"http:\/\/www.rtklib.com\/prog\/rtklib_2.4.2_p10.zip\">http:\/\/www.rtklib.com\/prog\/rtklib_2.4.2_p10.zip<\/a> &#8211; e 11 &#8211; <a href=\"http:\/\/www.rtklib.com\/prog\/rtklib_2.4.2_p11.zip\">http:\/\/www.rtklib.com\/prog\/rtklib_2.4.2_p11.zip<\/a>).<\/p>\n<ul>\n<li>Augusto PALOMBINI (ITABC-CNR), <em>Modelli di sviluppo e coinvolgimento territoriale legati a open software e open data<\/em><\/li>\n<li>A.M. MARRAS, I. ATZORI, P. ROMI, Fabio PINNA (Universit\u00e0 di Cagliari), <em>Archeologia, musei e social network: come e perche\u0301 misurare i risultati delle campagne di comunicazione sulle diverse piattaforme<\/em><\/li>\n<li>Marco CIURCINA (StudioLegale.it), Piergiovanna Grossi (Universit\u00e0 degli studi di Verona), <em>Beni culturali: cosa e come posso pubblicare?<\/em><\/li>\n<li>Luca MARTINELLI (Wikimedia Italia), <em>Gli strumenti wiki per la condivisione della conoscenza<\/em><\/li>\n<li>Simone CORTESI (Wikimedia Italia), Alessandro PALMAS (Project manager di OpenStreetMap), <em>Open Street Map e il mapping collaborativo<\/em><\/li>\n<li>Marco MONTANARI, Raffaele TROJANIS, Silvia BERNARDONI, <em>Dalla carta ad OHM: Digitalizzazione e condivisione di dati archeologici sulla piattaforma OH<\/em><\/li>\n<li>Silvia ORLANDI (Sapienza, Roma), Silvia EVANGELISTI (Universit\u00e0 di Foggia), <em>EDR \u2013 Eagle: un network europeo di epigrafia greca e latina<\/em><\/li>\n<li>Silvia ORLANDI (Sapienza, Roma), Silvia EVANGELISTI (Universit\u00e0 di Foggia), Massimo CASAGRANDE (Sopr. Cagliari), Antonio M. CORDA (Universit\u00e0 di Cagliari), Piergiorgio FLORIS (Universit\u00e0 di Cagliari), Antonio IBBA (Universit\u00e0 di Sassari), <em>EDR \u2013 Eagle e la Provincia Sardinia. La viabilit\u00e0 e i miliari <\/em>[attivit\u00e0 pratica]<em><br \/>\n<\/em><\/li>\n<\/ul>\n<p><a href=\"http:\/\/convegni.unica.it\/archeofossgfoss2016\/come-iscriversi-ai-seminari-workshop\/\">Come iscriversi ai seminari?<\/a><\/p>\n","protected":false},"excerpt":{"rendered":"<p>Paolo CAVALLINI (Faunalia), Cartografia con QGIS: dal foglio bianco alle tecniche avanzate Paolo DA BOVE (Politecnixo di Torino), Strumenti open source per il posizionamento GPS di precisione Luca MANDOLESI (CGT, Siena), Roberto MONTAGNETTI, Paolo ROSATI, Enzo COCCA, pyArchInit: piattaforma GIS opensource per la gestione dei contesti archeologici \u00c8 opportuno che gli iscritti ai workshop su QGis (Cavallini), GPS (Da Bove), e pyArchinit (Mandolesi) portino con s\u00e9 il proprio PC con installato QGis 2.16. Per il workshop Da Bove sarebbe importante che i partecipanti avessero gi\u00e0 scaricato il seguente software: RTKLIB 2.4.2 &#8211; http:\/\/www.rtklib.com\/ e patch (versione 10 &#8211; http:\/\/www.rtklib.com\/prog\/rtklib_2.4.2_p10.zip &#8211; <a href='https:\/\/convegni.unica.it\/archeofossgfoss2016\/seminari-workshop-elenco\/' class='excerpt-more'>[&#8230;]<\/a><\/p>\n","protected":false},"author":52,"featured_media":0,"parent":0,"menu_order":0,"comment_status":"closed","ping_status":"closed","template":"","meta":{"footnotes":""},"class_list":["post-345","page","type-page","status-publish","hentry","post-seq-1","post-parity-odd","meta-position-corners","fix"],"_links":{"self":[{"href":"https:\/\/convegni.unica.it\/archeofossgfoss2016\/wp-json\/wp\/v2\/pages\/345","targetHints":{"allow":["GET"]}}],"collection":[{"href":"https:\/\/convegni.unica.it\/archeofossgfoss2016\/wp-json\/wp\/v2\/pages"}],"about":[{"href":"https:\/\/convegni.unica.it\/archeofossgfoss2016\/wp-json\/wp\/v2\/types\/page"}],"author":[{"embeddable":true,"href":"https:\/\/convegni.unica.it\/archeofossgfoss2016\/wp-json\/wp\/v2\/users\/52"}],"replies":[{"embeddable":true,"href":"https:\/\/convegni.unica.it\/archeofossgfoss2016\/wp-json\/wp\/v2\/comments?post=345"}],"version-history":[{"count":9,"href":"https:\/\/convegni.unica.it\/archeofossgfoss2016\/wp-json\/wp\/v2\/pages\/345\/revisions"}],"predecessor-version":[{"id":379,"href":"https:\/\/convegni.unica.it\/archeofossgfoss2016\/wp-json\/wp\/v2\/pages\/345\/revisions\/379"}],"wp:attachment":[{"href":"https:\/\/convegni.unica.it\/archeofossgfoss2016\/wp-json\/wp\/v2\/media?parent=345"}],"curies":[{"name":"wp","href":"https:\/\/api.w.org\/{rel}","templated":true}]}}