{"id":342,"date":"2016-09-20T12:38:17","date_gmt":"2016-09-20T10:38:17","guid":{"rendered":"http:\/\/convegni.unica.it\/archeofossgfoss2016\/?page_id=342"},"modified":"2016-09-23T09:56:07","modified_gmt":"2016-09-23T07:56:07","slug":"come-iscriversi-ai-seminari-workshop","status":"publish","type":"page","link":"https:\/\/convegni.unica.it\/archeofossgfoss2016\/come-iscriversi-ai-seminari-workshop\/","title":{"rendered":"Come iscriversi ai seminari (workshop)"},"content":{"rendered":"<p>\u00c8 possibile iscriversi ai diversi seminari\/workshop direttamente durante il convegno tenendo presente che la domanda verr\u00e0 accolta in base alla disponibilit\u00e0 delle prenotazioni gi\u00e0 pervenute e dei posti disponibili.<\/p>\n<p>\u00c8 possibile prenotarsi gi\u00e0 da ora ai diversi workshop semplicemente inviando una mail all\u2019indirizzo <a href=\"mailto:archeofoss.gfoss2016@gmail.com\">archeofoss.gfoss2016@gmail.com<\/a> indicando nell\u2019oggetto : ISCRIZIONE WORKSHOP CAGLIARI 2016 e specificando nel corpo della mail il seminario a cui si vorrebbe partecipare.<\/p>\n<p>In alternativa coloro che fossero interessati ai seminari erogati da GFOSS.it potranno iscriversi mediante la piattaforma Eventbrite a questo link:<a href=\"https:\/\/goo.gl\/qWjvXJ\"> https:\/\/goo.gl\/qWjvXJ<\/a><\/p>\n<p>&nbsp;<\/p>\n","protected":false},"excerpt":{"rendered":"<p>\u00c8 possibile iscriversi ai diversi seminari\/workshop direttamente durante il convegno tenendo presente che la domanda verr\u00e0 accolta in base alla disponibilit\u00e0 delle prenotazioni gi\u00e0 pervenute e dei posti disponibili. \u00c8 possibile prenotarsi gi\u00e0 da ora ai diversi workshop semplicemente inviando una mail all\u2019indirizzo archeofoss.gfoss2016@gmail.com indicando nell\u2019oggetto : ISCRIZIONE WORKSHOP CAGLIARI 2016 e specificando nel corpo della mail il seminario a cui si vorrebbe partecipare. In alternativa coloro che fossero interessati ai seminari erogati da GFOSS.it potranno iscriversi mediante la piattaforma Eventbrite a questo link: https:\/\/goo.gl\/qWjvXJ &nbsp;<\/p>\n","protected":false},"author":52,"featured_media":0,"parent":0,"menu_order":0,"comment_status":"closed","ping_status":"closed","template":"","meta":{"footnotes":""},"class_list":["post-342","page","type-page","status-publish","hentry","post-seq-1","post-parity-odd","meta-position-corners","fix"],"_links":{"self":[{"href":"https:\/\/convegni.unica.it\/archeofossgfoss2016\/wp-json\/wp\/v2\/pages\/342","targetHints":{"allow":["GET"]}}],"collection":[{"href":"https:\/\/convegni.unica.it\/archeofossgfoss2016\/wp-json\/wp\/v2\/pages"}],"about":[{"href":"https:\/\/convegni.unica.it\/archeofossgfoss2016\/wp-json\/wp\/v2\/types\/page"}],"author":[{"embeddable":true,"href":"https:\/\/convegni.unica.it\/archeofossgfoss2016\/wp-json\/wp\/v2\/users\/52"}],"replies":[{"embeddable":true,"href":"https:\/\/convegni.unica.it\/archeofossgfoss2016\/wp-json\/wp\/v2\/comments?post=342"}],"version-history":[{"count":4,"href":"https:\/\/convegni.unica.it\/archeofossgfoss2016\/wp-json\/wp\/v2\/pages\/342\/revisions"}],"predecessor-version":[{"id":377,"href":"https:\/\/convegni.unica.it\/archeofossgfoss2016\/wp-json\/wp\/v2\/pages\/342\/revisions\/377"}],"wp:attachment":[{"href":"https:\/\/convegni.unica.it\/archeofossgfoss2016\/wp-json\/wp\/v2\/media?parent=342"}],"curies":[{"name":"wp","href":"https:\/\/api.w.org\/{rel}","templated":true}]}}