{"id":339,"date":"2016-09-20T12:33:37","date_gmt":"2016-09-20T10:33:37","guid":{"rendered":"http:\/\/convegni.unica.it\/archeofossgfoss2016\/?page_id=339"},"modified":"2016-09-20T15:57:42","modified_gmt":"2016-09-20T13:57:42","slug":"studenti","status":"publish","type":"page","link":"https:\/\/convegni.unica.it\/archeofossgfoss2016\/studenti\/","title":{"rendered":"Studenti"},"content":{"rendered":"<p style=\"text-align: justify\">STUDENTI UNIVERSIT\u00c0 DEGLI STUDI DI CAGLIARI<\/p>\n<p style=\"text-align: justify\">Gli studenti dell\u2019Universit\u00e0 di Cagliari (Fac. BBCC, Archeologia e Storia dell\u2019Arte e della Scuola di specializzazione in Beni Archeologici) regolarmente iscritti al convegno e che parteciperanno ai lavori avranno riconosciuto 1 credito CFU. A coloro che saranno iscritti e <u>in aggiunta<\/u> frequenteranno un workshop o parteciperanno all\u2019<em>Archeomapping Party<\/em> del giorno 9 verr\u00e0 riconosciuto un credito aggiuntivo.<\/p>\n<p style=\"text-align: justify\">Agli studenti iscritti ad altre facolt\u00e0 o atenei verr\u00e0 rilasciata, su richiesta, una certificazione dettagliata delle attivit\u00e0 svolte.<\/p>\n","protected":false},"excerpt":{"rendered":"<p>STUDENTI UNIVERSIT\u00c0 DEGLI STUDI DI CAGLIARI Gli studenti dell\u2019Universit\u00e0 di Cagliari (Fac. BBCC, Archeologia e Storia dell\u2019Arte e della Scuola di specializzazione in Beni Archeologici) regolarmente iscritti al convegno e che parteciperanno ai lavori avranno riconosciuto 1 credito CFU. A coloro che saranno iscritti e in aggiunta frequenteranno un workshop o parteciperanno all\u2019Archeomapping Party del giorno 9 verr\u00e0 riconosciuto un credito aggiuntivo. Agli studenti iscritti ad altre facolt\u00e0 o atenei verr\u00e0 rilasciata, su richiesta, una certificazione dettagliata delle attivit\u00e0 svolte.<\/p>\n","protected":false},"author":52,"featured_media":0,"parent":0,"menu_order":0,"comment_status":"closed","ping_status":"closed","template":"","meta":{"footnotes":""},"class_list":["post-339","page","type-page","status-publish","hentry","post-seq-1","post-parity-odd","meta-position-corners","fix"],"_links":{"self":[{"href":"https:\/\/convegni.unica.it\/archeofossgfoss2016\/wp-json\/wp\/v2\/pages\/339","targetHints":{"allow":["GET"]}}],"collection":[{"href":"https:\/\/convegni.unica.it\/archeofossgfoss2016\/wp-json\/wp\/v2\/pages"}],"about":[{"href":"https:\/\/convegni.unica.it\/archeofossgfoss2016\/wp-json\/wp\/v2\/types\/page"}],"author":[{"embeddable":true,"href":"https:\/\/convegni.unica.it\/archeofossgfoss2016\/wp-json\/wp\/v2\/users\/52"}],"replies":[{"embeddable":true,"href":"https:\/\/convegni.unica.it\/archeofossgfoss2016\/wp-json\/wp\/v2\/comments?post=339"}],"version-history":[{"count":2,"href":"https:\/\/convegni.unica.it\/archeofossgfoss2016\/wp-json\/wp\/v2\/pages\/339\/revisions"}],"predecessor-version":[{"id":361,"href":"https:\/\/convegni.unica.it\/archeofossgfoss2016\/wp-json\/wp\/v2\/pages\/339\/revisions\/361"}],"wp:attachment":[{"href":"https:\/\/convegni.unica.it\/archeofossgfoss2016\/wp-json\/wp\/v2\/media?parent=339"}],"curies":[{"name":"wp","href":"https:\/\/api.w.org\/{rel}","templated":true}]}}