{"id":29,"date":"2013-09-25T06:51:14","date_gmt":"2013-09-25T04:51:14","guid":{"rendered":"http:\/\/convegni.unica.it\/raam2014\/?page_id=29"},"modified":"2016-09-23T09:35:57","modified_gmt":"2016-09-23T07:35:57","slug":"scientific-committee","status":"publish","type":"page","link":"https:\/\/convegni.unica.it\/archeofossgfoss2016\/scientific-committee\/","title":{"rendered":"Comitato Scientifico"},"content":{"rendered":"<p style=\"text-align: justify\">Vincenzo Bagnolo (Universit\u00e0 di Cagliari); Alessandro Bezzi (Arc-Team); Luca Bezzi (Arc-Team); Paola Liliana Buttiglione (Scuola di Specializzazione in Beni Archeologici di Matera); Stefano Campus (GFOSS.it); Raffaele Cattedra (Universit\u00e0 di Cagliari); Paolo Cavallini (GFOSS.it, Faunalia); Marco Ciurcina (StudioLegale.it); Antonio M. Corda (Universit\u00e0 di Cagliari); Stefano Costa (Soprintendenza Archeologia Liguria); Emmanuele Curti (Matera 2019-Digital Cultural Heritage); Luca Delucchi (GFOSS.it); Silvia Evangelisti (Universit\u00e0 di Foggia); PierGiovanna Grossi (Universit\u00e0 di Verona); Alberto Licheri (Ordine degli architetti Nuoro-Sassari); Damiano Lotto (Universit\u00e0 di Padova); Attilio Mastino (Universit\u00e0 di Sassari); Elena Mezzini (GFOSS.it); Marco Milanese (Universit\u00e0 di Sassari); Saverio Giulio Malatesta (Universit\u00e0 la Sapienza); Marco Edoardo Minoja (Soprintendenza ai Beni archeologici della Sardegna); Federico Morando (Synapta); Donatella Mureddu (Polo Museale della Sardegna); Anna Maria Marras (Wikimedia Italia); Silvia Orlandi (Sapienza, Roma); Augusto Palombini (ITABC-CNR); Paolo Rosati (GFOSS.it)<\/p>\n","protected":false},"excerpt":{"rendered":"<p>Vincenzo Bagnolo (Universit\u00e0 di Cagliari); Alessandro Bezzi (Arc-Team); Luca Bezzi (Arc-Team); Paola Liliana Buttiglione (Scuola di Specializzazione in Beni Archeologici di Matera); Stefano Campus (GFOSS.it); Raffaele Cattedra (Universit\u00e0 di Cagliari); Paolo Cavallini (GFOSS.it, Faunalia); Marco Ciurcina (StudioLegale.it); Antonio M. Corda (Universit\u00e0 di Cagliari); Stefano Costa (Soprintendenza Archeologia Liguria); Emmanuele Curti (Matera 2019-Digital Cultural Heritage); Luca Delucchi (GFOSS.it); Silvia Evangelisti (Universit\u00e0 di Foggia); PierGiovanna Grossi (Universit\u00e0 di Verona); Alberto Licheri (Ordine degli architetti Nuoro-Sassari); Damiano Lotto (Universit\u00e0 di Padova); Attilio Mastino (Universit\u00e0 di Sassari); Elena Mezzini (GFOSS.it); Marco Milanese (Universit\u00e0 di Sassari); Saverio Giulio Malatesta (Universit\u00e0 la Sapienza); Marco Edoardo Minoja <a href='https:\/\/convegni.unica.it\/archeofossgfoss2016\/scientific-committee\/' class='excerpt-more'>[&#8230;]<\/a><\/p>\n","protected":false},"author":52,"featured_media":0,"parent":0,"menu_order":0,"comment_status":"closed","ping_status":"closed","template":"","meta":{"footnotes":""},"class_list":["post-29","page","type-page","status-publish","hentry","post-seq-1","post-parity-odd","meta-position-corners","fix"],"_links":{"self":[{"href":"https:\/\/convegni.unica.it\/archeofossgfoss2016\/wp-json\/wp\/v2\/pages\/29","targetHints":{"allow":["GET"]}}],"collection":[{"href":"https:\/\/convegni.unica.it\/archeofossgfoss2016\/wp-json\/wp\/v2\/pages"}],"about":[{"href":"https:\/\/convegni.unica.it\/archeofossgfoss2016\/wp-json\/wp\/v2\/types\/page"}],"author":[{"embeddable":true,"href":"https:\/\/convegni.unica.it\/archeofossgfoss2016\/wp-json\/wp\/v2\/users\/52"}],"replies":[{"embeddable":true,"href":"https:\/\/convegni.unica.it\/archeofossgfoss2016\/wp-json\/wp\/v2\/comments?post=29"}],"version-history":[{"count":9,"href":"https:\/\/convegni.unica.it\/archeofossgfoss2016\/wp-json\/wp\/v2\/pages\/29\/revisions"}],"predecessor-version":[{"id":371,"href":"https:\/\/convegni.unica.it\/archeofossgfoss2016\/wp-json\/wp\/v2\/pages\/29\/revisions\/371"}],"wp:attachment":[{"href":"https:\/\/convegni.unica.it\/archeofossgfoss2016\/wp-json\/wp\/v2\/media?parent=29"}],"curies":[{"name":"wp","href":"https:\/\/api.w.org\/{rel}","templated":true}]}}