{"id":20,"date":"2013-09-25T06:28:52","date_gmt":"2013-09-25T04:28:52","guid":{"rendered":"http:\/\/convegni.unica.it\/raam2014\/?page_id=20"},"modified":"2016-10-04T16:20:44","modified_gmt":"2016-10-04T14:20:44","slug":"programme","status":"publish","type":"page","link":"https:\/\/convegni.unica.it\/archeofossgfoss2016\/programme\/","title":{"rendered":"Programma"},"content":{"rendered":"<h3>VENERD\u00cc, 7 OTTOBRE 2016<\/h3>\n<p>[<a href=\"http:\/\/convegni.unica.it\/archeofossgfoss2016\/files\/2016\/09\/PROGRAMMA_AGGIORNATO_23sett_FULL.pdf\">scarica il programma in formato pdf aggiornato al 23 settembre<\/a>]<\/p>\n<p><em>Aula Coroneo<\/em><br \/>\n<em>Sessione comune<\/em><\/p>\n<p>14.30 Saluti<\/p>\n<ul>\n<li>Francesco ATZENI, Direttore del Dipartimento di Storia, Beni Culturali e Territorio, Universit\u00e0 degli studi di Cagliari<\/li>\n<li>Stefano CAMPUS, Associazione GFOSS.it<\/li>\n<li>Anna Maria MARRAS, WikiMedia Italia, ArcheoFOSS<\/li>\n<li>Antonio M. CORDA, Univ. Cagliari, Comitato organizzatore<\/li>\n<\/ul>\n<p><em>Inizio del lavori \u2013 <strong>Sessione comune<\/strong><\/em><\/p>\n<p style=\"padding-left: 30px\">14:45\u00a0 Intervento di Marco CIURCINA (StudioLegale.it),<em> Riflessioni sulla riproduzione dei beni culturali<\/em><br \/>\n15:05\u00a0 Intervento di Maria Letizia MANCINELLI-Chiara VENINATA (ICCD &#8211; ROMA), I dati aperti di ICCD: verso l&#8217;interoperabilit\u00e0 semantica attraverso le ontologie e i linked open data<\/p>\n<p><strong><em>Inizio sessioni separate<\/em><\/strong><\/p>\n<p><em>Le relazioni inerenti la tematica generale del convegno si terranno esclusivamente nell\u2019aula Coroneo. Le altre attivit\u00e0 si svolgeranno secondo l\u2019organizzazione e la scansione temporale indicati in questa pagina <\/em>[<a href=\"http:\/\/convegni.unica.it\/archeofossgfoss2016\/seminari-workshop-elenco\/\">vai alla pagina Workshop<\/a>]<br \/>\n<strong>15.30 I sessione. Aula Coroneo<\/strong><\/p>\n<ul>\n<li>Giovanni AZZENA (Universit\u00e0 di Sassari \u2013 DADU), Marco Edoardo MINOJA (Segretariato Regionale MiBACT per la Lombardia), Roberto BUSONERA (Universit\u00e0 di Sassari \u2013 DADU), Nadia CANU (Soprintendenza archeologia, belle arti e paesaggio per le province di Sassari, Olbia-Tempio e Nuoro), Federico NURRA (Universit\u00e0 di Sassari \u2013 DADU), Enrico PETRUZZI (Universit\u00e0 di Sassari \u2013 DADU), Alessandra URGU (Universit\u00e0 di Sassari &#8211; DADU), Good Practice per il trattamento dei Geodata archeologici: il SITAN Sardegna<\/li>\n<li>Barbara BARBARO (Soprintendenza archeologia, belle arti e paesaggio per la Citt\u00e0 metropolitana di Genova e le province di Imperia, La Spezia e Savona), Stefano COSTA (SOPRINTENDENZA ARCHEOLOGIA, BELLE ARTI E PAESAGGIO PER LA CITT\u00c0 METROPOLITANA DI GENOVA E LE PROVINCE DI IMPERIA, LA SPEZIA E SAVONA), Strumenti e pratiche per l\u2019elaborazione di dati archeologici in formati aperti: MODI e altri standard catalografici<\/li>\n<li>Margherita BARTOLI (DigiLab, Sapienza \u2013 Roma), Dal centro alla periferia. Un progetto per la valorizzazione dei beni culturali nel XV Municipio del Comune di Roma<\/li>\n<li>Alessandro BEZZI (Arc-Team, Cles), Luca BEZZI (Arc-Team, Cles), Andres REYES (Arc-Team, Cles), Emanuele ROCCO (WitLab, Rovereto), Andrea SAIANI (WitLab, Rovereto), ArcheoRov, an Open Hardware remotely operated underwater vehicle specifically designed for archaeological aims<\/li>\n<li>Alessandro BEZZI ARC-TEAM, CLES), Luca BEZZI Arc-Team, Cles), Giuseppe NAPONIELLO Arc-Team, Cles), Mattia SEGATA Arc-Team, Cles), Gianluca FONDRIEST (Arc-Team, Cles), Soil triangle integration in a PostgreSQL based system for archaeological recording sheets<\/li>\n<\/ul>\n<p>16:45 Pausa<\/p>\n<p><strong>17:00. II sessione. Aula Coroneo<\/strong><\/p>\n<ul>\n<li>Daniele BURSICH (IULM, Milano), Alessandro Pace (Milano), Comporre la trama: rappresentazione semantica di manufatti archeologici tramite la parametrizzazione di mappe UV di modelli 3D &#8211; SFM<\/li>\n<li>Daniele BURSICH (IULM, Milano), Gioia Zenoni, Via Gallica, a cross platform app built with Bootstrap 3 and HTML5<\/li>\n<li>Tiziano CAMAGNA (Liceo Scientifico Bertrand Russel di Cles \u2013 Trento), Mauro BERNABEI (CNR-IVALSA, Trento), Alessandro BEZZI (Arc-Team, Cles), Luca BEZZI (Arc-Team, Cles) Andrea FORTI, Red Lake Project, an open source approach to underwater archaeological research<\/li>\n<li>Stefano CAMPUS (Regione Piemonte), Marta CASTELLI (DISEG, Politecnico di Torino), Marco GRISOLIA (DISEG, Politecnico di Torino), Rocco PISPICO (Arpa Piemonte), Luca LANTERI (Arpa Piemonte), Monica BARBERO (DISEG, Politecnico di Torino), A QGIS procedure to estimate rockfall hazard at a regional scale: the QPROTO tool<\/li>\n<li>Grazia CARADONNA (Universit\u00e0 di Bari), Simona LIONETTI (Universit\u00e0 di Bari), Eufemia TARANTINO (Universit\u00e0 di Bari), Antonio NOVELLI (Universit\u00e0 di Bari), Umberto FRATINO (DICATECh, Universit\u00e0 di Bari), Comparison of low-poly algorithms for sharing 3D models on the web<\/li>\n<li>Alessandra DONNINI, Francesco PAOLICELLI, Anna Maria MARRAS, Progetto Archeoarte [testo scritto]<\/li>\n<li>Daniele MALFITANA (IBAM, CNR), Giuseppe CACCIAGUERRA (IBAM, CNR), Giovanni LEUCCI (IBAM, CNR), Antonino MAZZAGLIA (PhD Student, Universit\u00e0 di Catania), Lara DE GIORGI (IBAM, CNR), Giovanni FRAGAL\u00c0 (IBAM, CNR), Samuele BARONE (IBAM, CNR), Danilo PAVONE, Salvatore RUSSO (IBAM, CNR), Archaeological heritage conservation and risk management: an innovative immersive gallery of Catania and Sagalassos \u201cRoman Baths\u201d [testo scritto]<br \/>\nMarco FANO (Roma), Software vintage, problemi attuali<\/li>\n<\/ul>\n<p>19:00. Discussione<\/p>\n<hr \/>\n<h3>SABATO, 8 OTTOBRE 2016<\/h3>\n<p><strong>08:30 III sessione. Aula Coroneo<\/strong><\/p>\n<ul>\n<li>Irene CARPANESE (Universit\u00e0 di Padova), World Wide Web Sites for Archaeologists<\/li>\n<li>Fabio Giorgio CAVALLERO (Roma), Silvio CASADEI (Roma), Vanessa DURANTI (Roma), Il sistema informativo territoriale di Ostia antica: analisi e ricostruzione di un paesaggio urbano antico<\/li>\n<li>Moreno COMELLI (IFAC-CNR, Firenze), Un approccio open source per l\u2019elaborazione, la gestione e l\u2019esposizione del dato ambientale<\/li>\n<li>Roberto DEMONTIS (CRS4), Eva Barbara LORRAI (CRS4), Laura MUSCAS (CRS4), Ilaria PITZALIS (PhD student, Universit\u00e0 di Granada), Federico PORCEDDA (PhD student, Universit\u00e0 di Granada), Giacomo PAGLIETTI (Area archeologica Santa Vittoria di Serri), Modello del dato per il progetto SERRI Archeo-WebGIS: uno strumento per la valorizzazione e la divulgazione dei dati archeologici del santuario nuragico di Santa Vittoria di Serri (Cagliari, Italia)<\/li>\n<li>Silvia GAZZOLI (PhD Student, Universit\u00e0 Statale di Milano), Un GIS per le attestazioni di mortalit\u00e0 infantile in epoca romana alla luce delle evidenze archeologiche ed epigrafiche<\/li>\n<li>Laura LAI (DipNet, Universit\u00e0 di Sassari), Documentare e Divulgare l\u2019Archeologia: il caso del santuario nuragico di Janna \u2018e Pruna (Irgoli, Sardegna)<\/li>\n<li>Matteo LORENZINI (Austrian Academy of Sciences &#8211; Vienna, Luca SANNA (PhD Student, Universit\u00e0 degli studi di Sassari), Resource discovery and registries integration in the context of archaeological datasets: the case of Nurcara project<\/li>\n<\/ul>\n<p>10:30 Pausa<\/p>\n<p><strong>10:45 IV Sessione. Aula Coroneo<\/strong><\/p>\n<ul>\n<li>Saverio Giulio MALATESTA (Archeo&amp;Arte3D &#8211; DigiLab Sapienza), Paola ROMI (Roma), Francesco LELLA (Archeo&amp;Arte3D &#8211; DigiLab Sapienza), Lucia MARSICANO (Roma), Virginia CIRILLI (Roma), Progetto #mAppiaM: crowdsourcing per la valorizzazione del patrimonio culturale diffuso. Strumenti, processi, problematiche e prospettive<\/li>\n<li>Daniele MALFITANA (IBAM, CNR), Antonino MAZZAGLIA (IBAM, CNR), Giovanni FRAGAL\u00c0 (IBAM, CNR), Samuele BARONE (IBAM, CNR), Danilo P. PAVONE, Salvatore RUSSO (IBAM, CNR), Save and share cultural data. The web immersive gallery of Porta Nocera Necropolis (Pompeii).<\/li>\n<li>Nadia CANU (Soprintendenza archeologia, belle arti e paesaggio per le province di Sassari, Olbia-Tempio e Nuoro), Loredana Tedeschi (DADU, Universit\u00e0 di Sassari), Ricerca d&#8217;archivio e integrazione di dati moderni per un catalogo digitale integrato. Un esempio operativo per il Santuario di Santa Vittoria di Serri<\/li>\n<li>Gerardo BRANCUCCI (Geomorfolab, Universit\u00e0 di Genova), Valentina MARIN (Geomorfolab, Universit\u00e0 di Genova), Clara RASCHELL\u00c0 (Geomorfolab, Universit\u00e0 di Genova), Lorenzo REFRIGERI (Geomorfolab, Universit\u00e0 di Genova), Paola SALMONA (Geomorfolab, Universit\u00e0 di Genova), Le pietre di Genova, uno studio nella citt\u00e0 e negli edifici<\/li>\n<li>Marco MONTANARI, Raffaele TROJANIS, Silvia BERNARDONI, Luca TEPEDINO, Da Felsina a Bononia, OpenHistoryMap<\/li>\n<li>A. PHILIPPE (Laboratoire de math\u00e9matiques Jean Leray et ANJA Inria-Rennes, Universit\u00e9 de Nantes, France), M-A. VIBET (Centre Henri Lebegues, France), P. LANOS (CNRS IRAMAT-CRPAA, Universit\u00e9 de Bordeaux-Montaigne and Geosciences Rennes, France), A new Bayesian approach for estimating Events and Phases in a chronology<\/li>\n<li>Sandro PICONE, Marco DUBBINI (Univ. di Bologna), Martina GIANNINI (Univ. di Modena e Reggio Emilia), Il progetto VisualVersilia: un esempio di applicazione della tecnologia GIS open source per la ricostruzione storica del territorio<\/li>\n<li>Sara ZANNI (Universit\u00e9 Bordeaux Montaigne, Francia), Da Aquileia a Singidunum, ricostruendo i percorsi dei viandanti romani<\/li>\n<\/ul>\n<p><em>13:30 Discussione<\/em><\/p>\n<p>14:00 Pausa Pranzo<\/p>\n<p>15:00 Seminari [Vedi tabella]<\/p>\n<p><em>Aula Coroneo [Sessione unica]<\/em><\/p>\n<p><strong>19:00 CONCLUSIONE. Fine Lavori<br \/>\n<\/strong><\/p>\n<hr \/>\n<h3>DOMENICA, 9 OTTOBRE 2016<\/h3>\n<p><em>Archeomapping party:<\/em> coordinano Anna Maria MARRAS (ArcheoFOSS), Giovanna PIETRA (Soprintendenza archeologia, belle arti e paesaggio per le province di Cagliari e Oristano) e Fabio PINNA (Universit\u00e0 degli studi di Cagliari) in collaborazione con l&#8217;associazione <em>Sardinian Open Data<\/em><\/p>\n<p>08:30 Riunione introduttiva presso i locali del Museo Archeologico di Cagliari<\/p>\n<p>09:00 Attivit\u00e0 sul campo<\/p>\n<p><strong>15:00 Fine dell\u2019attivit\u00e0 sul campo<\/strong><\/p>\n","protected":false},"excerpt":{"rendered":"<p>VENERD\u00cc, 7 OTTOBRE 2016 [scarica il programma in formato pdf aggiornato al 23 settembre] Aula Coroneo Sessione comune 14.30 Saluti Francesco ATZENI, Direttore del Dipartimento di Storia, Beni Culturali e Territorio, Universit\u00e0 degli studi di Cagliari Stefano CAMPUS, Associazione GFOSS.it Anna Maria MARRAS, WikiMedia Italia, ArcheoFOSS Antonio M. CORDA, Univ. Cagliari, Comitato organizzatore Inizio del lavori \u2013 Sessione comune 14:45\u00a0 Intervento di Marco CIURCINA (StudioLegale.it), Riflessioni sulla riproduzione dei beni culturali 15:05\u00a0 Intervento di Maria Letizia MANCINELLI-Chiara VENINATA (ICCD &#8211; ROMA), I dati aperti di ICCD: verso l&#8217;interoperabilit\u00e0 semantica attraverso le ontologie e i linked open data Inizio sessioni separate <a href='https:\/\/convegni.unica.it\/archeofossgfoss2016\/programme\/' class='excerpt-more'>[&#8230;]<\/a><\/p>\n","protected":false},"author":52,"featured_media":0,"parent":0,"menu_order":0,"comment_status":"closed","ping_status":"closed","template":"","meta":{"footnotes":""},"class_list":["post-20","page","type-page","status-publish","hentry","post-seq-1","post-parity-odd","meta-position-corners","fix"],"_links":{"self":[{"href":"https:\/\/convegni.unica.it\/archeofossgfoss2016\/wp-json\/wp\/v2\/pages\/20","targetHints":{"allow":["GET"]}}],"collection":[{"href":"https:\/\/convegni.unica.it\/archeofossgfoss2016\/wp-json\/wp\/v2\/pages"}],"about":[{"href":"https:\/\/convegni.unica.it\/archeofossgfoss2016\/wp-json\/wp\/v2\/types\/page"}],"author":[{"embeddable":true,"href":"https:\/\/convegni.unica.it\/archeofossgfoss2016\/wp-json\/wp\/v2\/users\/52"}],"replies":[{"embeddable":true,"href":"https:\/\/convegni.unica.it\/archeofossgfoss2016\/wp-json\/wp\/v2\/comments?post=20"}],"version-history":[{"count":44,"href":"https:\/\/convegni.unica.it\/archeofossgfoss2016\/wp-json\/wp\/v2\/pages\/20\/revisions"}],"predecessor-version":[{"id":400,"href":"https:\/\/convegni.unica.it\/archeofossgfoss2016\/wp-json\/wp\/v2\/pages\/20\/revisions\/400"}],"wp:attachment":[{"href":"https:\/\/convegni.unica.it\/archeofossgfoss2016\/wp-json\/wp\/v2\/media?parent=20"}],"curies":[{"name":"wp","href":"https:\/\/api.w.org\/{rel}","templated":true}]}}