{"id":416,"date":"2017-02-17T12:18:08","date_gmt":"2017-02-17T11:18:08","guid":{"rendered":"http:\/\/convegni.unica.it\/3wtna\/?page_id=416"},"modified":"2017-08-29T15:29:06","modified_gmt":"2017-08-29T13:29:06","slug":"home","status":"publish","type":"page","link":"https:\/\/convegni.unica.it\/3wtna\/","title":{"rendered":"home"},"content":{"rendered":"<table style=\"height: 667px\" width=\"1260\">\n<tbody>\n<tr class=\"aligncenter\">\n<td width=\"374\"><img decoding=\"async\" class=\"alignnone wp-image-487\" src=\"http:\/\/convegni.unica.it\/3wtna\/files\/2017\/02\/Locandina-WTNLA-2017-con-Stella_finale-200x300.jpg\" alt=\"\" width=\"438\" height=\"657\" srcset=\"https:\/\/convegni.unica.it\/3wtna\/files\/2017\/02\/Locandina-WTNLA-2017-con-Stella_finale-200x300.jpg 200w, https:\/\/convegni.unica.it\/3wtna\/files\/2017\/02\/Locandina-WTNLA-2017-con-Stella_finale-100x150.jpg 100w, https:\/\/convegni.unica.it\/3wtna\/files\/2017\/02\/Locandina-WTNLA-2017-con-Stella_finale-768x1153.jpg 768w, https:\/\/convegni.unica.it\/3wtna\/files\/2017\/02\/Locandina-WTNLA-2017-con-Stella_finale-682x1024.jpg 682w, https:\/\/convegni.unica.it\/3wtna\/files\/2017\/02\/Locandina-WTNLA-2017-con-Stella_finale.jpg 1151w\" sizes=\"(max-width: 438px) 100vw, 438px\" \/>Picture by <em>Valentina Formica<\/em><\/td>\n<td width=\"374\">&nbsp;<\/p>\n<p style=\"text-align: center\"><em><strong>Aim of the Workshop<\/strong><\/em><\/p>\n<p>The goal of the <strong>III WORKSHOP ON TRENDS IN NONLINEAR ANALYSIS\u00a0<\/strong>is to gather well-established experts and young researchers, all specialized on Partial Differential Equations and related topics, and let them share their results and discuss further developments and open problems. Precisely, the activity is aimed at discussing issues linked to the following fields<\/p>\n<ul>\n<li>Analysis and Applications of Ordinary and Partial Differential Equations,<\/li>\n<li>Variational Methods for the Resolution of Boundary Value Problems,<\/li>\n<li>Calculus of Variations and Non-Linear Problems.<\/li>\n<\/ul>\n<\/td>\n<\/tr>\n<\/tbody>\n<\/table>\n<p><em><strong><span lang=\"EN-US\">Speakers<\/span><\/strong><\/em><\/p>\n<ul>\n<li><span lang=\"EN-US\">Verena B\u00f6gelein (Universit\u00e4t Erlangen-N\u00fcrnberg)<\/span><\/li>\n<li><span lang=\"EN-US\">Pasquale Candito (Universit\u00e0 Mediterranea di Reggio Calabria)<\/span><\/li>\n<li><span lang=\"EN-US\">Giovanni Cupini\u00a0 (Universit\u00e0 di Bologna)<\/span><\/li>\n<li><span lang=\"EN-US\">Frank Duzaar (Universit\u00e4t Erlangen-N\u00fcrnberg)<\/span><\/li>\n<li>Matteo Focardi (<span lang=\"EN-US\">Universit\u00e0 degli Studi di Firenze<\/span>)<\/li>\n<li><span lang=\"EN-US\">Salvatore A. Marano (Universit\u00e0 degli Studi di Catania)<\/span><\/li>\n<li><span lang=\"EN-US\">Paolo Marcellini (Universit\u00e0 degli Studi di Firenze)<\/span><\/li>\n<li><span lang=\"EN-US\">G\u00e9rard Philippin (Universit\u00e0 Laval, Quebec)<\/span><\/li>\n<li><span lang=\"EN-US\">Sergio Polidoro (Universit\u00e0 degli Studi di Modena e Reggio Emilia)<\/span><\/li>\n<li><span lang=\"EN-US\">Giovanni Porru (Universit\u00e0 degli Studi di Cagliari)<\/span><\/li>\n<li><span lang=\"EN-US\">Patrizia Pucci (Universit\u00e0 degli Studi di Perugia)<\/span><\/li>\n<li><span lang=\"EN-US\">Marco Squassina (Universit\u00e0 Cattolica del Sacro Cuore)<\/span><\/li>\n<li><span lang=\"EN-US\">Enrico Valdinoci (Universit\u00e0 degli Studi di Milano) <\/span><\/li>\n<li><span lang=\"EN-US\">Vincenzo Vespri (Universit\u00e0 degli Studi di Firenze)<\/span><\/li>\n<li><span lang=\"EN-US\">Antonio Vitolo (Universit\u00e0 degli Studi di Salerno)<\/span><\/li>\n<\/ul>\n<p><em><strong><span lang=\"EN-US\">The Scientific Committee<\/span><\/strong><\/em><\/p>\n<ul>\n<li><span lang=\"EN-US\">Antonio Iannizzotto (Universit\u00e0 degli Studi di Cagliari)<\/span><\/li>\n<li><span lang=\"EN-US\">Monica Marras (Universit\u00e0 degli Studi di Cagliari)<\/span><\/li>\n<li><span lang=\"EN-US\">Giuseppe Viglialoro (Universit\u00e0 degli Studi di Cagliari)<\/span><\/li>\n<\/ul>\n<p>&nbsp;<\/p>\n<p>&nbsp;<\/p>\n","protected":false},"excerpt":{"rendered":"<p>Picture by Valentina Formica &nbsp; Aim of the Workshop The goal of the III WORKSHOP ON TRENDS IN NONLINEAR ANALYSIS\u00a0is to gather well-established experts and young researchers, all specialized on Partial Differential Equations and related topics, and let them share their results and discuss further developments and open problems. Precisely, the activity is aimed at discussing issues linked to the following fields Analysis and Applications of Ordinary and Partial Differential Equations, Variational Methods for the Resolution of Boundary Value Problems, Calculus of Variations and Non-Linear Problems. Speakers Verena B\u00f6gelein (Universit\u00e4t Erlangen-N\u00fcrnberg) Pasquale Candito (Universit\u00e0 Mediterranea di Reggio Calabria) Giovanni Cupini\u00a0 <a href='https:\/\/convegni.unica.it\/3wtna\/' class='excerpt-more'>[&#8230;]<\/a><\/p>\n","protected":false},"author":1,"featured_media":0,"parent":0,"menu_order":0,"comment_status":"closed","ping_status":"closed","template":"1l-sidebar.php","meta":{"footnotes":""},"class_list":["post-416","page","type-page","status-publish","hentry","post-seq-1","post-parity-odd","meta-position-corners","fix"],"_links":{"self":[{"href":"https:\/\/convegni.unica.it\/3wtna\/wp-json\/wp\/v2\/pages\/416","targetHints":{"allow":["GET"]}}],"collection":[{"href":"https:\/\/convegni.unica.it\/3wtna\/wp-json\/wp\/v2\/pages"}],"about":[{"href":"https:\/\/convegni.unica.it\/3wtna\/wp-json\/wp\/v2\/types\/page"}],"author":[{"embeddable":true,"href":"https:\/\/convegni.unica.it\/3wtna\/wp-json\/wp\/v2\/users\/1"}],"replies":[{"embeddable":true,"href":"https:\/\/convegni.unica.it\/3wtna\/wp-json\/wp\/v2\/comments?post=416"}],"version-history":[{"count":43,"href":"https:\/\/convegni.unica.it\/3wtna\/wp-json\/wp\/v2\/pages\/416\/revisions"}],"predecessor-version":[{"id":560,"href":"https:\/\/convegni.unica.it\/3wtna\/wp-json\/wp\/v2\/pages\/416\/revisions\/560"}],"wp:attachment":[{"href":"https:\/\/convegni.unica.it\/3wtna\/wp-json\/wp\/v2\/media?parent=416"}],"curies":[{"name":"wp","href":"https:\/\/api.w.org\/{rel}","templated":true}]}}